{"id":151206,"date":"2021-01-15T11:59:43","date_gmt":"2021-01-15T11:59:43","guid":{"rendered":"https:\/\/codengine3.ch\/?product=import-placeholder-for-204015"},"modified":"2021-11-24T12:00:27","modified_gmt":"2021-11-24T11:00:27","slug":"wanderkarte-glarnerland-1-50000","status":"publish","type":"product","link":"https:\/\/pizbube.ch\/en\/shop\/wanderkarte-glarnerland-1-50000\/","title":{"rendered":"Wanderkarte Glarnerland 1: 50&#8217;000"},"content":{"rendered":"<p>Der ganze Kanton auf einer Karte: Grundlage sind die Landkarten der<br \/>\nLandestopografie.<\/p>\n<p>Mit Wandervorschl\u00e4gen und n\u00fctzlichen Adressen. Die Wanderkarte Glarnerland<br \/>\n(Massstab 1:50&#8217;000) zeigt detaillierte Wanderm\u00f6glichkeiten im ganzen Kanton<br \/>\nGlarus.<\/p>\n<p>Neu mit allen alpinen Routen und dem Ganzen Wandergebiet vom Geopark. Auf der<br \/>\nR\u00fcckseite gibt es 36 Tip&#8217;s f\u00fcr Erlebnisse. Ein hilfreiches Werkzeug f\u00fcr alle<br \/>\nWanderer im S\u00fcden von Z\u00fcrich.<br \/>\nNachf\u00fchrungsstand 2017<\/p>","protected":false},"excerpt":{"rendered":"<p><span class=\"value\">Vergriffen, laut Verlag keine Neuauflage\/Nachdruck<\/span><\/p>","protected":false},"featured_media":33048,"template":"","meta":[],"product_brand":[],"product_cat":[21543],"product_tag":[],"class_list":{"0":"post-151206","1":"product","2":"type-product","3":"status-publish","4":"has-post-thumbnail","6":"product_cat-landkarten","7":"pa_autor-baeschlin","8":"pa_erscheinungsjahr-21574","9":"pa_region-schweiz","10":"pa_sprache-de","12":"first","13":"outofstock","14":"taxable","15":"shipping-taxable","16":"purchasable","17":"product-type-simple"},"_links":{"self":[{"href":"https:\/\/pizbube.ch\/en\/wp-json\/wp\/v2\/product\/151206","targetHints":{"allow":["GET"]}}],"collection":[{"href":"https:\/\/pizbube.ch\/en\/wp-json\/wp\/v2\/product"}],"about":[{"href":"https:\/\/pizbube.ch\/en\/wp-json\/wp\/v2\/types\/product"}],"wp:featuredmedia":[{"embeddable":true,"href":"https:\/\/pizbube.ch\/en\/wp-json\/wp\/v2\/media\/33048"}],"wp:attachment":[{"href":"https:\/\/pizbube.ch\/en\/wp-json\/wp\/v2\/media?parent=151206"}],"wp:term":[{"taxonomy":"product_brand","embeddable":true,"href":"https:\/\/pizbube.ch\/en\/wp-json\/wp\/v2\/product_brand?post=151206"},{"taxonomy":"product_cat","embeddable":true,"href":"https:\/\/pizbube.ch\/en\/wp-json\/wp\/v2\/product_cat?post=151206"},{"taxonomy":"product_tag","embeddable":true,"href":"https:\/\/pizbube.ch\/en\/wp-json\/wp\/v2\/product_tag?post=151206"}],"curies":[{"name":"wp","href":"https:\/\/api.w.org\/{rel}","templated":true}]}}