{"id":151211,"date":"2021-01-15T11:59:43","date_gmt":"2021-01-15T11:59:43","guid":{"rendered":"https:\/\/codengine3.ch\/?product=import-placeholder-for-203023"},"modified":"2021-01-15T12:53:24","modified_gmt":"2021-01-15T12:53:24","slug":"arlberg-paznaun","status":"publish","type":"product","link":"https:\/\/pizbube.ch\/en\/shop\/arlberg-paznaun\/","title":{"rendered":"Arlberg Paznaun"},"content":{"rendered":"<p>Lech &#8211; St. Anton &#8211; Ischgl &#8211; Galt\u00fcr. 50 ausgew\u00e4hlte Tal- und H\u00f6henwanderungen.  <\/p>\n<p>Zwischen den Allg\u00e4uer Alpen und der Silvretta liegt ein wahres Wanderparadies.<br \/>\nDabei darf man sich von den im Untertitel erw\u00e4hnten Alpin-Zentren nicht<br \/>\nblenden lassen: Nicht alles ist \u00fcberlaufen und nicht alles ist erschlossen:<br \/>\nDurch Bergbahnen bequem erreichbare Berglandschaften und unber\u00fchrte<br \/>\nEinsamkeit, moderne Fremdenverkehrsorte und idyllische Bauernd\u00f6rfer liegen<br \/>\nzwischen Widderstein und Piz Buin oft gar nicht weit auseinander.<br \/>\nGenauso vielf\u00e4ltig ist das Tourenangebot: Von hochalpinen Bergtouren \u00fcber<br \/>\nkurzweilige H\u00f6henwanderungen bis zu romantischen Talspazierg\u00e4ngen ist in<br \/>\ndieser Landschaft rund um das Obere Lechtal, den Arlberg, das Stanzer Tal, das<br \/>\nPaznauntal und die Silvretta alles geboten. Und dieser Vielfalt steht die<br \/>\nAuswahl, die Herbert Mayr getroffen hat, in nichts nach: So wechseln in dieser<br \/>\nTourensammlung au\u00dfergew\u00f6hnlich sch\u00f6n gelegene H\u00fcttenziele und beliebte<br \/>\nAussichtsgipfel mit wenig bekannten, beschaulichen Bummeleien zu versteckten<br \/>\nGebirgswinkeln.<br \/>\nDie 50 Touren sind alle mit einem \u00fcbersichtlichen Tourensteckbrief, der alle<br \/>\nwichtigen Angaben zur jeweils vorgestellten Wanderung enth\u00e4lt, farbigen<br \/>\nWanderk\u00e4rtchen und einer kurzgefa\u00dften, aber genauen Wegbeschreibung versehen.<br \/>\n59 Farbfotos, 50 Wanderk\u00e4rtchen 1: 50 000 und<br \/>\n1: 75 000, 1 \u00dcbers.- Kte. 1: 300 000. 128 S.  <\/p>","protected":false},"excerpt":{"rendered":"<p>Lech &#8211; St. Anton &#8211; Ischgl &#8211; Galt\u00fcr. 50 ausgew\u00e4hlte Tal- und H\u00f6henwanderungen. Zwischen den Allg\u00e4uer Alpen und der Silvretta liegt ein wahres Wanderparadies. Dabei darf man sich von den im Untertitel erw\u00e4hnten Alpin-Zentren nicht blenden lassen: Nicht alles ist \u00fcberlaufen und nicht alles ist erschlossen: Durch Bergbahnen bequem erreichbare Berglandschaften und unber\u00fchrte Einsamkeit, moderne [&#8230;]\n","protected":false},"featured_media":30530,"template":"","meta":[],"product_brand":[],"product_cat":[21605],"product_tag":[],"class_list":{"0":"post-151211","1":"product","2":"type-product","3":"status-publish","4":"has-post-thumbnail","6":"product_cat-wanderfuehrer-trekking","7":"pa_autor-mayr","8":"pa_erscheinungsjahr-22144","9":"pa_region-oesterreich","10":"pa_sprache-de","12":"first","13":"instock","14":"taxable","15":"shipping-taxable","16":"purchasable","17":"product-type-simple"},"_links":{"self":[{"href":"https:\/\/pizbube.ch\/en\/wp-json\/wp\/v2\/product\/151211","targetHints":{"allow":["GET"]}}],"collection":[{"href":"https:\/\/pizbube.ch\/en\/wp-json\/wp\/v2\/product"}],"about":[{"href":"https:\/\/pizbube.ch\/en\/wp-json\/wp\/v2\/types\/product"}],"wp:featuredmedia":[{"embeddable":true,"href":"https:\/\/pizbube.ch\/en\/wp-json\/wp\/v2\/media\/30530"}],"wp:attachment":[{"href":"https:\/\/pizbube.ch\/en\/wp-json\/wp\/v2\/media?parent=151211"}],"wp:term":[{"taxonomy":"product_brand","embeddable":true,"href":"https:\/\/pizbube.ch\/en\/wp-json\/wp\/v2\/product_brand?post=151211"},{"taxonomy":"product_cat","embeddable":true,"href":"https:\/\/pizbube.ch\/en\/wp-json\/wp\/v2\/product_cat?post=151211"},{"taxonomy":"product_tag","embeddable":true,"href":"https:\/\/pizbube.ch\/en\/wp-json\/wp\/v2\/product_tag?post=151211"}],"curies":[{"name":"wp","href":"https:\/\/api.w.org\/{rel}","templated":true}]}}