{"id":151214,"date":"2021-01-15T11:59:44","date_gmt":"2021-01-15T11:59:44","guid":{"rendered":"https:\/\/codengine3.ch\/?product=import-placeholder-for-207636"},"modified":"2021-01-15T16:05:24","modified_gmt":"2021-01-15T16:05:24","slug":"mitten-durchs-mittelland","status":"publish","type":"product","link":"https:\/\/pizbube.ch\/en\/shop\/mitten-durchs-mittelland\/","title":{"rendered":"Mitten durchs Mittelland"},"content":{"rendered":"<p>Zu Fuss vom Bodensee zum Genfersee &#8211; In 21 Etappen von Arbon am Bodensee durch<br \/>\n8 Kantone nach Nyon am Genfersee.<br \/>\nPlateau Suisse<\/p>\n<p>Quer durch die Schweiz wandern, vom Bodensee bis zum Genfersee, unterwegs sein<br \/>\nim dicht besiedelten und verbauten Mittelland und doch immer wieder abseits<br \/>\nauf selten begangenen Wegen: Der vorliegende Wanderf\u00fchrer verspricht eine<br \/>\n\u00fcberraschend abwechslungsreiche Durchquerung der Kulturlandschaft des<br \/>\nMittellandes bzw. des Plateau Suisse.<\/p>\n<p>Die Wanderroute, gleicherma\u00dfen f\u00fcr Familien wie den ge\u00fcbten Wanderer geeignet,<br \/>\nf\u00fchrt meist \u00fcber Wiesen und Felder und durch gepflegte W\u00e4lder, an vielen<br \/>\nB\u00e4chen, Fl\u00fcssen und Seen entlang und immer wieder durch Weiler und D\u00f6rfer.<br \/>\nEtappenorte sind oft kleine St\u00e4dte mit einem mittelalterlichen Kern, wie<br \/>\nBischofszell, Wil (SG), Zofingen, B\u00fcren an der Aare, Aarberg, Murten oder<br \/>\nCossonay.<\/p>\n<p>Unterwegs erf\u00e4hrt man Geschichten \u00fcber Industriepioniere im Z\u00fcrcher Oberland,<br \/>\ndas Mosttrinken in der Ostschweiz oder ein gescheitertes Bahnprojekt im<br \/>\nOberaargau, aber auch \u00fcber Renaturierungen im Sihlwald oder am S\u00fcdufer des<br \/>\nNeuenburgersees. Daneben serviert der Naturpunkt-F\u00fchrer alle notwendigen<br \/>\nInformationen zum Wandern, Essen, Trinken und \u00dcbernachten.<br \/>\n280 S., Farbfotos und Routenskizzen<\/p>","protected":false},"excerpt":{"rendered":"<p>Zu Fuss vom Bodensee zum Genfersee &#8211; In 21 Etappen von Arbon am Bodensee durch 8 Kantone nach Nyon am Genfersee. Plateau Suisse Quer durch die Schweiz wandern, vom Bodensee bis zum Genfersee, unterwegs sein im dicht besiedelten und verbauten Mittelland und doch immer wieder abseits auf selten begangenen Wegen: Der vorliegende Wanderf\u00fchrer verspricht eine [&#8230;]\n","protected":false},"featured_media":38002,"template":"","meta":[],"product_brand":[],"product_cat":[21605],"product_tag":[],"class_list":{"0":"post-151214","1":"product","2":"type-product","3":"status-publish","4":"has-post-thumbnail","6":"product_cat-wanderfuehrer-trekking","7":"pa_autor-bachmann","8":"pa_erscheinungsjahr-21568","9":"pa_region-schweiz","10":"pa_sprache-de","12":"first","13":"instock","14":"taxable","15":"shipping-taxable","16":"purchasable","17":"product-type-simple"},"_links":{"self":[{"href":"https:\/\/pizbube.ch\/en\/wp-json\/wp\/v2\/product\/151214","targetHints":{"allow":["GET"]}}],"collection":[{"href":"https:\/\/pizbube.ch\/en\/wp-json\/wp\/v2\/product"}],"about":[{"href":"https:\/\/pizbube.ch\/en\/wp-json\/wp\/v2\/types\/product"}],"wp:featuredmedia":[{"embeddable":true,"href":"https:\/\/pizbube.ch\/en\/wp-json\/wp\/v2\/media\/38002"}],"wp:attachment":[{"href":"https:\/\/pizbube.ch\/en\/wp-json\/wp\/v2\/media?parent=151214"}],"wp:term":[{"taxonomy":"product_brand","embeddable":true,"href":"https:\/\/pizbube.ch\/en\/wp-json\/wp\/v2\/product_brand?post=151214"},{"taxonomy":"product_cat","embeddable":true,"href":"https:\/\/pizbube.ch\/en\/wp-json\/wp\/v2\/product_cat?post=151214"},{"taxonomy":"product_tag","embeddable":true,"href":"https:\/\/pizbube.ch\/en\/wp-json\/wp\/v2\/product_tag?post=151214"}],"curies":[{"name":"wp","href":"https:\/\/api.w.org\/{rel}","templated":true}]}}