{"id":151215,"date":"2021-01-15T11:59:44","date_gmt":"2021-01-15T11:59:44","guid":{"rendered":"https:\/\/codengine3.ch\/?product=import-placeholder-for-208737"},"modified":"2024-10-01T09:12:38","modified_gmt":"2024-10-01T07:12:38","slug":"oder-das-tal-aufgeben-die-lawinenschutzbauten-von-st-antoenien","status":"publish","type":"product","link":"https:\/\/pizbube.ch\/en\/shop\/oder-das-tal-aufgeben-die-lawinenschutzbauten-von-st-antoenien\/","title":{"rendered":"Oder das Tal aufgeben &#8211; Die Lawinenschutzbauten von St. Ant\u00f6nien"},"content":{"rendered":"<p>Bauten zum Schutz des Lebensraumes: Kaspar Thalmanns Fotoreportage \u00fcber die<br \/>\nLawinenverbauungen oberhalb St. Ant\u00f6niens.<\/p>\n<p>Das Dorf St. Ant\u00f6nien liegt malerisch in einem Seitental des Pr\u00e4ttigaus im<br \/>\nKanton Graub\u00fcnden. Jahrhundertelang war es von verheerenden<br \/>\nLawinenniederg\u00e4ngen betroffen. Von 1953 bis 1977 wurde schliesslich oberhalb<br \/>\ndes Dorfs auf H\u00f6hen von 1950 bis 2400 Metern \u00fcber Meer eine der gr\u00f6ssten<br \/>\nLawinenschutzverbauung der Schweiz errichtet: Auf einer L\u00e4nge von 12 280<br \/>\nMetern wurden Stahl- und Betonelemente verbaut, bis 2008 kamen weitere 4250<br \/>\nMeter dazu.<\/p>\n<p>Die fotografische Dokumentation des Architekten und Fotografen Kaspar Thalmann<br \/>\nzeigt die \u00e4sthetisch extrem landschaftspr\u00e4genden Verbauungen und den Bannwald<br \/>\nim Sommer und im Winter. Oder das Tal aufgeben besch\u00e4ftigt sich mit brisanten<br \/>\nFragen rund um die Lebensraumsicherung f\u00fcr den Menschen, den Landschafts- und<br \/>\nNaturschutz in den Alpen, den Wert sogenannter potenzialarmer Regionen und des<br \/>\nTourismus. Lohnte sich der Aufwand? Oder h\u00e4tte man das Tal aufgeben sollen?<\/p>\n<p>Nach einer Einf\u00fchrung von Nadine Olonetzky geben der NZZ-Redaktor Stefan Hotz<br \/>\nin seiner Geschichte der Lawinenverbauung in St. Ant\u00f6nien und der Journalist<br \/>\nund Soziologe K\u00f6bi Gantenbein in seinem Essay \u00fcber die Auswirkung der Bauten<br \/>\nauf das Alltagsleben die Antworten.<\/p>\n<p>Fotografien von Kaspar Thalmann. Mit Beitr\u00e4gen von K\u00f6bi Gantenbein, Stefan<br \/>\nHotz und Nadine Olonetzky<\/p>\n<p>1. Auflage, 2015; Gebunden; 128 Seiten, 15 farbige und 34 sw Abbildungen<\/p>","protected":false},"excerpt":{"rendered":"<p>Bauten zum Schutz des Lebensraumes: Kaspar Thalmanns Fotoreportage \u00fcber die Lawinenverbauungen oberhalb St. Ant\u00f6niens. Das Dorf St. Ant\u00f6nien liegt malerisch in einem Seitental des Pr\u00e4ttigaus im Kanton Graub\u00fcnden. Jahrhundertelang war es von verheerenden Lawinenniederg\u00e4ngen betroffen. Von 1953 bis 1977 wurde schliesslich oberhalb des Dorfs auf H\u00f6hen von 1950 bis 2400 Metern \u00fcber Meer eine der [&#8230;]\n","protected":false},"featured_media":41226,"template":"","meta":[],"product_brand":[],"product_cat":[21542],"product_tag":[],"class_list":{"0":"post-151215","1":"product","2":"type-product","3":"status-publish","4":"has-post-thumbnail","6":"product_cat-sachbuecher-dokumentationen","7":"pa_autor-thalmann","8":"pa_erscheinungsjahr-21597","9":"pa_region-schweiz","10":"pa_sprache-de","12":"first","13":"outofstock","14":"taxable","15":"shipping-taxable","16":"purchasable","17":"product-type-simple"},"_links":{"self":[{"href":"https:\/\/pizbube.ch\/en\/wp-json\/wp\/v2\/product\/151215","targetHints":{"allow":["GET"]}}],"collection":[{"href":"https:\/\/pizbube.ch\/en\/wp-json\/wp\/v2\/product"}],"about":[{"href":"https:\/\/pizbube.ch\/en\/wp-json\/wp\/v2\/types\/product"}],"wp:featuredmedia":[{"embeddable":true,"href":"https:\/\/pizbube.ch\/en\/wp-json\/wp\/v2\/media\/41226"}],"wp:attachment":[{"href":"https:\/\/pizbube.ch\/en\/wp-json\/wp\/v2\/media?parent=151215"}],"wp:term":[{"taxonomy":"product_brand","embeddable":true,"href":"https:\/\/pizbube.ch\/en\/wp-json\/wp\/v2\/product_brand?post=151215"},{"taxonomy":"product_cat","embeddable":true,"href":"https:\/\/pizbube.ch\/en\/wp-json\/wp\/v2\/product_cat?post=151215"},{"taxonomy":"product_tag","embeddable":true,"href":"https:\/\/pizbube.ch\/en\/wp-json\/wp\/v2\/product_tag?post=151215"}],"curies":[{"name":"wp","href":"https:\/\/api.w.org\/{rel}","templated":true}]}}