{"id":151220,"date":"2021-01-15T11:59:44","date_gmt":"2021-01-15T11:59:44","guid":{"rendered":"https:\/\/codengine3.ch\/?product=import-placeholder-for-207093"},"modified":"2025-08-23T10:09:24","modified_gmt":"2025-08-23T08:09:24","slug":"gta-grande-traversata-delle-alpi-2","status":"publish","type":"product","link":"https:\/\/pizbube.ch\/en\/shop\/gta-grande-traversata-delle-alpi-2\/","title":{"rendered":"GTA Grande Traversata delle Alpi"},"content":{"rendered":"<p><span class=\"value\">66 Etappen durch das Piemont bis ans Mittelmeer. <\/span><\/p>\n<p><span class=\"value\">900 Kilometer, 65.000 H\u00f6henmeter und 66 Etappen \u2013 die Grande Traversata delle Alpi (GTA) ist eine der spektakul\u00e4rsten Weitwanderrouten der Alpen. Sie f\u00fchrt durch die abgeschiedene Bergwelt der italienischen Westalpen, vorbei an urigen Walserd\u00f6rfern, durch wilde T\u00e4ler und \u00fcber alte Schmugglerpfade \u2013 bis ans Mittelmeer. Massentourismus ist hier ein Fremdwort, stattdessen erwarten Wanderer herzliche Gastfreundschaft, gelebte Traditionen und unber\u00fchrte Natur.<\/span><\/p>\n<p>Der Rother Wanderf\u00fchrer \u00bbGTA \u2013 Grande Traversata delle Alpi\u00ab ist der perfekte Begleiter f\u00fcr diese unvergessliche Durchquerung des gesamten piemontesischen Westalpenbogens. Die erfahrenen Autoren Iris K\u00fcrschner und Dieter Haas haben die Route genau erkundet und liefern alles, was f\u00fcr eine sichere und erlebnisreiche Wanderung n\u00f6tig ist. Jede Etappe wird detailliert beschrieben \u2013 mit allen wichtigen Informationen zu Wegverlauf, Schwierigkeit und landschaftlichen H\u00f6hepunkten. Pr\u00e4zise Karten und H\u00f6henprofile sorgen f\u00fcr eine optimale Orientierung, w\u00e4hrend fundierte Hintergrundinformationen zu Kultur, Geschichte und Natur ein tieferes Verst\u00e4ndnis der Region vermitteln.<\/p>\n<p>Die GTA ist eine echte Herausforderung, doch der Wanderf\u00fchrer macht sie planbar: Die Route ist in praktische Wochenabschnitte unterteilt, deren Start- und Endpunkte gut mit \u00f6ffentlichen Verkehrsmitteln erreichbar sind. Dazu gibt es wertvolle Tipps zu Unterk\u00fcnften und Einkehrm\u00f6glichkeiten \u2013 von gem\u00fctlichen Bergh\u00fctten bis zu famili\u00e4ren Locandas, in denen man hausgemachte Polenta und ein Glas Rotwein genie\u00dfen kann. F\u00fcr eine sichere Navigation stehen zudem gepr\u00fcfte GPS-Tracks zum Download bereit.<\/p>\n<p>6., aktualisierte und erweiterte Auflage 2025<br \/>\n80 H\u00f6henprofile, 80 Wanderk\u00e4rtchen im Ma\u00dfstab 1:75.000, zwei \u00dcbersichtskarten im Ma\u00dfstab 1:1.000.000 und 1:3.500.000, GPS-Tracks zum Download<br \/>\nFormat 11,5 x 16,5 cm<br \/>\nkartoniert mit Polytex-Laminierung<\/p>","protected":false},"excerpt":{"rendered":"<p>66 Etappen durch das Piemont bis ans Mittelmeer. 900 Kilometer, 65.000 H\u00f6henmeter und 66 Etappen \u2013 die Grande Traversata delle Alpi (GTA) ist eine der spektakul\u00e4rsten Weitwanderrouten der Alpen. Sie f\u00fchrt durch die abgeschiedene Bergwelt der italienischen Westalpen, vorbei an urigen Walserd\u00f6rfern, durch wilde T\u00e4ler und \u00fcber alte Schmugglerpfade \u2013 bis ans Mittelmeer. Massentourismus ist [&#8230;]\n","protected":false},"featured_media":181041,"template":"","meta":[],"product_brand":[],"product_cat":[21605],"product_tag":[],"class_list":{"0":"post-151220","1":"product","2":"type-product","3":"status-publish","4":"has-post-thumbnail","6":"product_cat-wanderfuehrer-trekking","7":"pa_autor-kuerschner-haas","8":"pa_erscheinungsjahr-27415","9":"pa_region-italien","10":"pa_sprache-de","12":"first","13":"instock","14":"taxable","15":"shipping-taxable","16":"purchasable","17":"product-type-simple"},"_links":{"self":[{"href":"https:\/\/pizbube.ch\/en\/wp-json\/wp\/v2\/product\/151220","targetHints":{"allow":["GET"]}}],"collection":[{"href":"https:\/\/pizbube.ch\/en\/wp-json\/wp\/v2\/product"}],"about":[{"href":"https:\/\/pizbube.ch\/en\/wp-json\/wp\/v2\/types\/product"}],"wp:featuredmedia":[{"embeddable":true,"href":"https:\/\/pizbube.ch\/en\/wp-json\/wp\/v2\/media\/181041"}],"wp:attachment":[{"href":"https:\/\/pizbube.ch\/en\/wp-json\/wp\/v2\/media?parent=151220"}],"wp:term":[{"taxonomy":"product_brand","embeddable":true,"href":"https:\/\/pizbube.ch\/en\/wp-json\/wp\/v2\/product_brand?post=151220"},{"taxonomy":"product_cat","embeddable":true,"href":"https:\/\/pizbube.ch\/en\/wp-json\/wp\/v2\/product_cat?post=151220"},{"taxonomy":"product_tag","embeddable":true,"href":"https:\/\/pizbube.ch\/en\/wp-json\/wp\/v2\/product_tag?post=151220"}],"curies":[{"name":"wp","href":"https:\/\/api.w.org\/{rel}","templated":true}]}}