{"id":151221,"date":"2021-01-15T11:59:44","date_gmt":"2021-01-15T11:59:44","guid":{"rendered":"https:\/\/codengine3.ch\/?product=import-placeholder-for-205897"},"modified":"2024-03-27T09:00:33","modified_gmt":"2024-03-27T08:00:33","slug":"huettentrekking-westalpen","status":"publish","type":"product","link":"https:\/\/pizbube.ch\/en\/shop\/huettentrekking-westalpen\/","title":{"rendered":"H\u00fcttentrekking Westalpen"},"content":{"rendered":"<p>Frankreich &#8211; Italien<br \/>\n30 Mehrtagestouren von H\u00fctte zu H\u00fctte<\/p>\n<p>Wild und urt\u00fcmlich, so pr\u00e4sentiert sich das westliche Drittel des Alpenbogens.<br \/>\nViele Ortschaften dort sind stark von Abwanderung betroffen, sodass man nicht<br \/>\nselten auf Geisterd\u00f6rfer trifft, in denen nur noch ein paar Alte leben.<br \/>\nWeitwanderrouten wie der GR 5 und die GTA, die Grande Traversata delle Alpi,<br \/>\nspannende H\u00f6henwege \u00fcber aussichtsreiche K\u00e4mme sowie zahlreiche eingerichtete<br \/>\nWege, auf denen ber\u00fchmte Berge oder Gebirgsmassive umrundet werden, laden dazu<br \/>\nein, diesen herrlichen Teil der Alpen zu erkunden. Tagelang in der<br \/>\nAbgeschiedenheit gro\u00dfartiger Gebirgslandschaften unterwegs zu sein, von H\u00fctte<br \/>\nzu H\u00fctte, von Pass zu Pass, von Gipfel zu Gipfel, ist ein spannendes Abenteuer<br \/>\nund ein hervorragender Ausgleich zum hektischen Alltag. Mit ihrer Mischung aus<br \/>\nwilden Landschaften und alter Bauernkultur, guten H\u00fctten und traditionellen<br \/>\nDorfunterk\u00fcnften sowie einer hohen gastronomischen Qualit\u00e4t sind die<br \/>\nfranz\u00f6sischen und italienischen Westalpen ein besonders attraktives Trekking-<br \/>\nEldorado.<\/p>\n<p>F\u00fcr dieses Buch hat Iris K\u00fcrschner aus der Vielzahl m\u00f6glicher Routen eine<br \/>\nabwechslungsreiche Auswahl der sch\u00f6nsten Weitwanderungen zusammengestellt.<br \/>\nKlassiker wie die Tour du Mont Blanc oder der Giro del Viso, kaum bekannte<br \/>\nH\u00f6henwege wie die Alta Via delle Alpi Graie durch die Lanzo-T\u00e4ler oder die<br \/>\nAlta Via delle Biellese sowie H\u00fcttenrunden durch Natur- und Nationalparks<br \/>\nwerden vorgestellt. Die Palette reicht von Wochenendausfl\u00fcgen bis zu<br \/>\nzweiw\u00f6chigen Trekkingtouren, sodass jeder seine Traumtour finden kann.<br \/>\nNach den B\u00e4nden &#8218;H\u00fcttentrekking Ostalpen&#8216; und &#8218;H\u00fcttentrekking Schweiz&#8216; liegt<br \/>\nmit diesem Buch nun der dritte und letzte Band aus der H\u00fcttentrekking-Reihe<br \/>\ndes Bergverlag Rother vor. Die ausf\u00fchrlichen Routenbeschreibungen und<br \/>\n\u00fcbersichtlichen Kurzinfos mit allen wichtigen Angaben, erg\u00e4nzt durch<br \/>\nH\u00f6henprofile und Wanderkarten zu jeder Tour, machen dieses Buch zu einer<br \/>\nunverzichtbaren Planungshilfe, und die fantastischen Farbfotos stimmen auf die<br \/>\ngro\u00dfartigen Landschaften ein.<\/p>\n<p>3. Auflage 2017;<br \/>\n37 H\u00f6henprofile, 35 Tourenkarten im Ma\u00dfstab 1:75.000, 1:100.000, 1:125.000, 1:150.000 und 1:200.000, eine \u00dcbersichtskarte<br \/>\n272 Seiten<\/p>","protected":false},"excerpt":{"rendered":"<p>Frankreich &#8211; Italien 30 Mehrtagestouren von H\u00fctte zu H\u00fctte Wild und urt\u00fcmlich, so pr\u00e4sentiert sich das westliche Drittel des Alpenbogens. Viele Ortschaften dort sind stark von Abwanderung betroffen, sodass man nicht selten auf Geisterd\u00f6rfer trifft, in denen nur noch ein paar Alte leben. Weitwanderrouten wie der GR 5 und die GTA, die Grande Traversata delle [&#8230;]\n","protected":false},"featured_media":172165,"template":"","meta":[],"product_brand":[],"product_cat":[21605],"product_tag":[],"class_list":{"0":"post-151221","1":"product","2":"type-product","3":"status-publish","4":"has-post-thumbnail","6":"product_cat-wanderfuehrer-trekking","7":"pa_autor-kuerschner","8":"pa_erscheinungsjahr-21574","9":"pa_region-italien","10":"pa_sprache-de","12":"first","13":"instock","14":"taxable","15":"shipping-taxable","16":"purchasable","17":"product-type-simple"},"_links":{"self":[{"href":"https:\/\/pizbube.ch\/en\/wp-json\/wp\/v2\/product\/151221","targetHints":{"allow":["GET"]}}],"collection":[{"href":"https:\/\/pizbube.ch\/en\/wp-json\/wp\/v2\/product"}],"about":[{"href":"https:\/\/pizbube.ch\/en\/wp-json\/wp\/v2\/types\/product"}],"wp:featuredmedia":[{"embeddable":true,"href":"https:\/\/pizbube.ch\/en\/wp-json\/wp\/v2\/media\/172165"}],"wp:attachment":[{"href":"https:\/\/pizbube.ch\/en\/wp-json\/wp\/v2\/media?parent=151221"}],"wp:term":[{"taxonomy":"product_brand","embeddable":true,"href":"https:\/\/pizbube.ch\/en\/wp-json\/wp\/v2\/product_brand?post=151221"},{"taxonomy":"product_cat","embeddable":true,"href":"https:\/\/pizbube.ch\/en\/wp-json\/wp\/v2\/product_cat?post=151221"},{"taxonomy":"product_tag","embeddable":true,"href":"https:\/\/pizbube.ch\/en\/wp-json\/wp\/v2\/product_tag?post=151221"}],"curies":[{"name":"wp","href":"https:\/\/api.w.org\/{rel}","templated":true}]}}