{"id":151222,"date":"2021-01-15T11:59:44","date_gmt":"2021-01-15T11:59:44","guid":{"rendered":"https:\/\/codengine3.ch\/?product=import-placeholder-for-201246"},"modified":"2021-01-15T11:59:51","modified_gmt":"2021-01-15T11:59:51","slug":"tiroler-canyoningfuehrer","status":"publish","type":"product","link":"https:\/\/pizbube.ch\/en\/shop\/tiroler-canyoningfuehrer\/","title":{"rendered":"Tiroler Canyoningf\u00fchrer"},"content":{"rendered":"<p>Der vorliegende F\u00fchrer, den die Autoren Alexander und Gunnar gemeinsam mit<br \/>\nihren Informanten erstellt haben, soll m\u00f6glichst umfassend eine \u00dcbersicht \u00fcber<br \/>\ndie, zum Canyoning geeigneten Schluchten in Tirol geben.<\/p>\n<p>Die interessantesten davon sind \u00fcbersichtlich beschrieben und durch<br \/>\nKartenausschnitte, L\u00e4ngsschnitte (Topos) und Fotos erg\u00e4nzt dargestellt. Damit<br \/>\nist f\u00fcr individuelle Begeher oder F\u00fchrer eine fundierte Tourenplanung m\u00f6glich.<br \/>\nWeiters ist eine Namensliste all der Schluchten angegeben, in denen Canyoning<br \/>\nm\u00f6glich ist, welche aber aus verschiedenen Gr\u00fcnden nicht detailliert<br \/>\nbeschrieben sind. Achtung bei Begehungen von diesen Schluchten!<\/p>\n<p>Das Buch ist zweisprachig aufgebaut (deutsch und englisch), damit es auch<br \/>\ninternationalen Canyonisten m\u00f6glich ist, Tirol auf diesem Weg zu entdecken.<br \/>\nDie englische \u00dcbersetzung wurde bewusst nicht von einem Muttersprachler<br \/>\ngemacht, damit sie auf einem einfachen Niveau gehalten von vielen lesbar ist.<br \/>\nZus\u00e4tzlich sind die verwendeten Kurzinformationen auch in franz\u00f6sisch,<br \/>\nitalienisch und spanisch erkl\u00e4rt.<\/p>\n<p>In einer \u00dcbersichtskarte sind die einzelnen Schluchten dargestellt. Tirol<br \/>\nwurde dabei in die sieben Gebiete gegliedert:<\/p>\n<p>Tiroler Oberland (TO)<br \/>\n\u00d6tztal, Pitztal &#038; Gurgltal (\u00d6P)<br \/>\nAu\u00dferfern (AF)<br \/>\nTirol Mitte (TM)<br \/>\nZillertal &#038; Achensee (ZA)<br \/>\nTiroler Unterland (TU)<br \/>\nOsttirol (OT)<\/p>\n<p>Die einzelnen Gebiete sind zur besseren Kennzeichnung in verschiedenen Farben<br \/>\ndargestellt. Vor dem Kapitel des jeweiligen Gebietes ist die jeweilige<br \/>\nGebietskarte mit allen Schluchten eingezeichnet, vergr\u00f6\u00dfert wiedergegeben.<br \/>\nZus\u00e4tzlich findest du eine kurze Pr\u00e4sentation des Gebietes durch den<br \/>\njeweiligen Informanten.<\/p>\n<p>The Canyoningguide for Tyrol:<br \/>\nThis guide offers an overview of all gorges usable for canyoning as complete<br \/>\nas possible in Tyrol. The most beautiful canyons are described well arranged<br \/>\nand maps, longitudinal sections (topos) and pictures are added.<\/p>\n<p>This enables a well founded trip planning for canyoneers or guides. In<br \/>\naddition a list of names of all those canyons is given, in which canyoning is<br \/>\npossible, but due to several reasons these are not described in detail. Pay<br \/>\nattention doing canyoning in those canyons!<\/p>","protected":false},"excerpt":{"rendered":"<p>Der vorliegende F\u00fchrer, den die Autoren Alexander und Gunnar gemeinsam mit ihren Informanten erstellt haben, soll m\u00f6glichst umfassend eine \u00dcbersicht \u00fcber die, zum Canyoning geeigneten Schluchten in Tirol geben. Die interessantesten davon sind \u00fcbersichtlich beschrieben und durch Kartenausschnitte, L\u00e4ngsschnitte (Topos) und Fotos erg\u00e4nzt dargestellt. Damit ist f\u00fcr individuelle Begeher oder F\u00fchrer eine fundierte Tourenplanung m\u00f6glich. [&#8230;]\n","protected":false},"featured_media":28535,"template":"","meta":[],"product_brand":[],"product_cat":[21650],"product_tag":[],"class_list":{"0":"post-151222","1":"product","2":"type-product","3":"status-publish","4":"has-post-thumbnail","6":"product_cat-canyoningfuehrer","7":"pa_autor-riml-amor","8":"pa_erscheinungsjahr-21621","9":"pa_region-oesterreich","10":"pa_sprache-de-en","12":"first","13":"instock","14":"taxable","15":"shipping-taxable","16":"purchasable","17":"product-type-simple"},"_links":{"self":[{"href":"https:\/\/pizbube.ch\/en\/wp-json\/wp\/v2\/product\/151222","targetHints":{"allow":["GET"]}}],"collection":[{"href":"https:\/\/pizbube.ch\/en\/wp-json\/wp\/v2\/product"}],"about":[{"href":"https:\/\/pizbube.ch\/en\/wp-json\/wp\/v2\/types\/product"}],"wp:featuredmedia":[{"embeddable":true,"href":"https:\/\/pizbube.ch\/en\/wp-json\/wp\/v2\/media\/28535"}],"wp:attachment":[{"href":"https:\/\/pizbube.ch\/en\/wp-json\/wp\/v2\/media?parent=151222"}],"wp:term":[{"taxonomy":"product_brand","embeddable":true,"href":"https:\/\/pizbube.ch\/en\/wp-json\/wp\/v2\/product_brand?post=151222"},{"taxonomy":"product_cat","embeddable":true,"href":"https:\/\/pizbube.ch\/en\/wp-json\/wp\/v2\/product_cat?post=151222"},{"taxonomy":"product_tag","embeddable":true,"href":"https:\/\/pizbube.ch\/en\/wp-json\/wp\/v2\/product_tag?post=151222"}],"curies":[{"name":"wp","href":"https:\/\/api.w.org\/{rel}","templated":true}]}}