{"id":151224,"date":"2021-01-15T11:59:45","date_gmt":"2021-01-15T11:59:45","guid":{"rendered":"https:\/\/codengine3.ch\/?product=import-placeholder-for-201248"},"modified":"2021-01-15T11:59:52","modified_gmt":"2021-01-15T11:59:52","slug":"rumaenien-trekkingklassiker-in-den-suedkarpaten","status":"publish","type":"product","link":"https:\/\/pizbube.ch\/en\/shop\/rumaenien-trekkingklassiker-in-den-suedkarpaten\/","title":{"rendered":"Rum\u00e4nien &#8211; Trekkingklassiker in den S\u00fcdkarpaten"},"content":{"rendered":"<p>Gro\u00dfe Waldfl\u00e4chen, ein beeindruckendes Gebirge, ein hervorragendes<br \/>\nWanderwegenetz und gem\u00fctliche Bergh\u00fctten: In Rum\u00e4nien finden Sie perfekte<br \/>\nBedingungen zum Wandern. Dieses Buch widmet sich der Kernzone der S\u00fcdkarpaten<br \/>\nnahe Bra\u0219ov und beschreibt sowohl Mehrtages- als auch Tagestouren. Im Zentrum<br \/>\nsteht ein alter Klassiker: Das rote Band verbindet die Gebirge der Karpaten in<br \/>\neiner horizontalen Linie.<\/p>\n<p>Nahe Bra\u0219ov k\u00f6nnen Sie auf einer der Tagestouren im Buseni- und Piatra-Mare-<br \/>\nGebirge wandern und in den mittelgro\u00dfen Gebirgen Ciucas und Iezer-P\u0103pu\u0219a sind<br \/>\nwunderbare Wochenendrundtouren m\u00f6glich. Zu jeder Wanderung erhalten Sie eine<br \/>\nWegbeschreibung, Karten, H\u00f6henprofile und GPS-Tracks, au\u00dferdem Infos zu<br \/>\nUnterk\u00fcnften und Zeltpl\u00e4tzen.  <\/p>","protected":false},"excerpt":{"rendered":"<ul>\n<li><a href=\"https:\/\/pizbube.ch\/wp-content\/uploads\/attachments\/a_014\/48847DD9BF3C757D12C391D150741102.pdf\" target=\"_blank\" rel=\"noopener\">PDF: Leseprobe_Rum\u00e4nien_Trekkingklassiker<\/a><\/li>\n<\/ul>","protected":false},"featured_media":28536,"template":"","meta":[],"product_brand":[],"product_cat":[21605],"product_tag":[],"class_list":{"0":"post-151224","1":"product","2":"type-product","3":"status-publish","4":"has-post-thumbnail","6":"product_cat-wanderfuehrer-trekking","7":"pa_autor-bublak","8":"pa_erscheinungsjahr-21546","9":"pa_region-osteuropa","10":"pa_sprache-de","12":"first","13":"instock","14":"taxable","15":"shipping-taxable","16":"purchasable","17":"product-type-simple"},"_links":{"self":[{"href":"https:\/\/pizbube.ch\/en\/wp-json\/wp\/v2\/product\/151224","targetHints":{"allow":["GET"]}}],"collection":[{"href":"https:\/\/pizbube.ch\/en\/wp-json\/wp\/v2\/product"}],"about":[{"href":"https:\/\/pizbube.ch\/en\/wp-json\/wp\/v2\/types\/product"}],"wp:featuredmedia":[{"embeddable":true,"href":"https:\/\/pizbube.ch\/en\/wp-json\/wp\/v2\/media\/28536"}],"wp:attachment":[{"href":"https:\/\/pizbube.ch\/en\/wp-json\/wp\/v2\/media?parent=151224"}],"wp:term":[{"taxonomy":"product_brand","embeddable":true,"href":"https:\/\/pizbube.ch\/en\/wp-json\/wp\/v2\/product_brand?post=151224"},{"taxonomy":"product_cat","embeddable":true,"href":"https:\/\/pizbube.ch\/en\/wp-json\/wp\/v2\/product_cat?post=151224"},{"taxonomy":"product_tag","embeddable":true,"href":"https:\/\/pizbube.ch\/en\/wp-json\/wp\/v2\/product_tag?post=151224"}],"curies":[{"name":"wp","href":"https:\/\/api.w.org\/{rel}","templated":true}]}}