{"id":151226,"date":"2021-01-15T11:59:45","date_gmt":"2021-01-15T11:59:45","guid":{"rendered":"https:\/\/codengine3.ch\/?product=import-placeholder-for-205447"},"modified":"2021-01-15T14:41:18","modified_gmt":"2021-01-15T14:41:18","slug":"the-fagaras-mountains","status":"publish","type":"product","link":"https:\/\/pizbube.ch\/en\/shop\/the-fagaras-mountains\/","title":{"rendered":"The Fagaras Mountains"},"content":{"rendered":"<p>Rum\u00e4nien F\u00fchrer\/Karte The Rodnei Mountains, \u00f6stliche Karpaten, Walking Guide &#038;<br \/>\nMap<\/p>\n<p>Wanderf\u00fchrer mit Karte \u00fcber eine beliebte Bergregion in Rum\u00e4nien: die Rodnei<br \/>\nMountains liegen in den \u00f6stlichen Karpaten Richtung Ukraine, im Norden von<br \/>\nRum\u00e4nien.<\/p>\n<p>Wanderf\u00fchrer und Wanderkarte mit Ma\u00dfstab 1:75.000 in einem. Die Routen werden<br \/>\nexakt mit Fotos in englischer Sprache beschrieben. Informationen zum Wandern,<br \/>\nMountain Biking, Skifahren und anderen Aktivit\u00e4ten sind im F\u00fchrer enthalten.<\/p>\n<p>Walking Guide and Map 1:75 000<br \/>\nRodnei Mountains are the highest massif of the Eastern Carpathians, lying in<br \/>\nthe northern part of Romania. This guide is produced locally with great map.  <\/p>\n<p>Chaptes include<br \/>\nbackground info re climate\/vegetation\/waters etc<br \/>\nPlaces and approach routes<br \/>\nTourist routes on north\/south and main ridge route<br \/>\nClimbing and mountaineers<br \/>\nSkiing<br \/>\nMountain Biking<br \/>\nMountain Rescue  <\/p>","protected":false},"excerpt":{"rendered":"<p>Rum\u00e4nien F\u00fchrer\/Karte The Rodnei Mountains, \u00f6stliche Karpaten, Walking Guide &#038; Map Wanderf\u00fchrer mit Karte \u00fcber eine beliebte Bergregion in Rum\u00e4nien: die Rodnei Mountains liegen in den \u00f6stlichen Karpaten Richtung Ukraine, im Norden von Rum\u00e4nien. Wanderf\u00fchrer und Wanderkarte mit Ma\u00dfstab 1:75.000 in einem. Die Routen werden exakt mit Fotos in englischer Sprache beschrieben. Informationen zum Wandern, [&#8230;]\n","protected":false},"featured_media":40805,"template":"","meta":[],"product_brand":[],"product_cat":[21605],"product_tag":[],"class_list":{"0":"post-151226","1":"product","2":"type-product","3":"status-publish","4":"has-post-thumbnail","6":"product_cat-wanderfuehrer-trekking","7":"pa_autor-bel-alpin","8":"pa_erscheinungsjahr-21763","9":"pa_region-osteuropa","10":"pa_sprache-en","12":"first","13":"instock","14":"taxable","15":"shipping-taxable","16":"purchasable","17":"product-type-simple"},"_links":{"self":[{"href":"https:\/\/pizbube.ch\/en\/wp-json\/wp\/v2\/product\/151226","targetHints":{"allow":["GET"]}}],"collection":[{"href":"https:\/\/pizbube.ch\/en\/wp-json\/wp\/v2\/product"}],"about":[{"href":"https:\/\/pizbube.ch\/en\/wp-json\/wp\/v2\/types\/product"}],"wp:featuredmedia":[{"embeddable":true,"href":"https:\/\/pizbube.ch\/en\/wp-json\/wp\/v2\/media\/40805"}],"wp:attachment":[{"href":"https:\/\/pizbube.ch\/en\/wp-json\/wp\/v2\/media?parent=151226"}],"wp:term":[{"taxonomy":"product_brand","embeddable":true,"href":"https:\/\/pizbube.ch\/en\/wp-json\/wp\/v2\/product_brand?post=151226"},{"taxonomy":"product_cat","embeddable":true,"href":"https:\/\/pizbube.ch\/en\/wp-json\/wp\/v2\/product_cat?post=151226"},{"taxonomy":"product_tag","embeddable":true,"href":"https:\/\/pizbube.ch\/en\/wp-json\/wp\/v2\/product_tag?post=151226"}],"curies":[{"name":"wp","href":"https:\/\/api.w.org\/{rel}","templated":true}]}}