{"id":151227,"date":"2021-01-15T11:59:45","date_gmt":"2021-01-15T11:59:45","guid":{"rendered":"https:\/\/codengine3.ch\/?product=import-placeholder-for-204985"},"modified":"2025-05-27T16:42:41","modified_gmt":"2025-05-27T14:42:41","slug":"dimension-vertical-kletterfuehrer-rumaenien","status":"publish","type":"product","link":"https:\/\/pizbube.ch\/en\/shop\/dimension-vertical-kletterfuehrer-rumaenien\/","title":{"rendered":"Dimension Vertical &#8211; Kletterf\u00fchrer Rum\u00e4nien"},"content":{"rendered":"<p>Go East! Das j\u00fcngste Mitgliedsland der EU wird vom gewaltigen Karpatenbogen<br \/>\ndurchzogen. An dessen Gipfeln und Flanken finden sich Kletter- und<br \/>\nBouldergebiete f\u00fcr jeden Geschmack. Ob Sportkeks, Boulderer oder<br \/>\nAbenteuerkletter &#8211; jeder hat hier in \u00fcber 30 Gebieten die Qual der Wahl. Der<br \/>\nkomplett dreisprachige F\u00fchrer gibt Zusatzinformationen zu Unterk\u00fcnften,<br \/>\nSightseeing und Badem\u00f6glichkeiten. Zus\u00e4tzlich erleichtert ein intergiertes<br \/>\nkleines W\u00f6rterbuch mit Begriffen aus Alltag und Klettern das Reisen.<\/p>\n<p>\u00dcber 30 Klettergebiete im ganzen Land werden mit Karten, Topos und<br \/>\nRoutenlisten detailiert beschrieben. Comics und Kletterfotos machen Lust,<br \/>\nsofort aufzubrechen, ins Land zwischen Karpaten und Schwarzem Meer.<\/p>\n<p>2. Auflage 2010, durchgehend farbig mit vielen Fotos und vielen neuen<br \/>\nGebieten, 440 Seiten<\/p>\n<p>Romania as one of the furthest developed climbing destination of the balcan<br \/>\ndeserves a good guidebook . So the guide turned out to be a real treasure and<br \/>\nwe got a lot of enthusiastic feedback. Of course we couldnt avoid to make<br \/>\nmistakes and so we got also feedback about these. But we were overhelmed last<br \/>\nyear when we realised that the guidebook would be sold out soon. So the next<br \/>\nedition was to do. Once again we had to check, call, e-mail, draw and write.<br \/>\nSuch an unbelievable amount of new routes emerged that the book is really a<br \/>\nnew one!<\/p>","protected":false},"excerpt":{"rendered":"<p>Neuauflage geplant; Termin unbestimmt&#8230;<\/p>","protected":false},"featured_media":168001,"template":"","meta":[],"product_brand":[],"product_cat":[21539],"product_tag":[],"class_list":{"0":"post-151227","1":"product","2":"type-product","3":"status-publish","4":"has-post-thumbnail","6":"product_cat-fuehrerliteratur-sportklettern-bouldern","7":"pa_autor-krug-anghel-et-alt","8":"pa_erscheinungsjahr-21830","9":"pa_region-osteuropa","10":"pa_sprache-d","11":"pa_sprache-e","12":"pa_sprache-rom","14":"first","15":"outofstock","16":"taxable","17":"shipping-taxable","18":"purchasable","19":"product-type-simple"},"_links":{"self":[{"href":"https:\/\/pizbube.ch\/en\/wp-json\/wp\/v2\/product\/151227","targetHints":{"allow":["GET"]}}],"collection":[{"href":"https:\/\/pizbube.ch\/en\/wp-json\/wp\/v2\/product"}],"about":[{"href":"https:\/\/pizbube.ch\/en\/wp-json\/wp\/v2\/types\/product"}],"wp:featuredmedia":[{"embeddable":true,"href":"https:\/\/pizbube.ch\/en\/wp-json\/wp\/v2\/media\/168001"}],"wp:attachment":[{"href":"https:\/\/pizbube.ch\/en\/wp-json\/wp\/v2\/media?parent=151227"}],"wp:term":[{"taxonomy":"product_brand","embeddable":true,"href":"https:\/\/pizbube.ch\/en\/wp-json\/wp\/v2\/product_brand?post=151227"},{"taxonomy":"product_cat","embeddable":true,"href":"https:\/\/pizbube.ch\/en\/wp-json\/wp\/v2\/product_cat?post=151227"},{"taxonomy":"product_tag","embeddable":true,"href":"https:\/\/pizbube.ch\/en\/wp-json\/wp\/v2\/product_tag?post=151227"}],"curies":[{"name":"wp","href":"https:\/\/api.w.org\/{rel}","templated":true}]}}