{"id":151228,"date":"2021-01-15T11:59:45","date_gmt":"2021-01-15T11:59:45","guid":{"rendered":"https:\/\/codengine3.ch\/?product=import-placeholder-for-208464"},"modified":"2022-08-03T08:59:20","modified_gmt":"2022-08-03T06:59:20","slug":"rumaenien-suedkarpaten-63-wanderungen","status":"publish","type":"product","link":"https:\/\/pizbube.ch\/en\/shop\/rumaenien-suedkarpaten-63-wanderungen\/","title":{"rendered":"Rum\u00e4nien &#8211; S\u00fcdkarpaten, 63 Wanderungen"},"content":{"rendered":"<p><span class=\"value\">Unber\u00fchrte Hochgebirgslandschaften, tief eingeschnittene Schluchten, glasklare Bergseen und liebliche T\u00e4ler \u2013 die S\u00fcdkarpaten, der h\u00f6chste Gebirgszug Rum\u00e4niens, begeistern durch ihre Urspr\u00fcnglichkeit. In stillen D\u00f6rfern und einsamen Weilern scheint die Zeit stehengeblieben zu sein, vielerorts wird die Landwirtschaft noch wie vor hundert Jahren betrieben. Keine Frage \u2013 in dieser Gegend l\u00e4sst es sich traumhaft wandern.<\/span><\/p>\n<p>Der Rother Wanderf\u00fchrer \u00bbRum\u00e4nien \u2013 S\u00fcdkarpaten\u00ab f\u00fchrt Wanderer und Bergsteiger auf der siebenb\u00fcrgischen Seite der rum\u00e4nischen Karpaten in urspr\u00fcngliche Wandergebiete. Neben einer faszinierender Flora und Fauna ist entlang der historischen Grenze zwischen zwischen Habsburgischem und Osmanischem Reich auch das reiche kulturelle Erbe Siebenb\u00fcrgens allgegenw\u00e4rtig, etwa in Form von Kirchenburgen, Kl\u00f6stern, Schl\u00f6ssern und Burgen. Zusammen mit gem\u00fctlichen Einkehr- und Unterkunftsm\u00f6glichkeiten in traditionellen Cabane er\u00f6ffnet sich dem Wanderer in den S\u00fcdkarpaten eine begeisternde Kombination aus Natur und Kultur, sportlicher Herausforderung und genussvoller Erholung.<\/p>\n<p>Birgitta Gabriela Hannover Moser ist eine hervorragende Kennerin der S\u00fcdkarpaten und ganz Rum\u00e4niens. Sie stellt in dem Rother Wanderf\u00fchrer 63 abwechslungsreiche Touren in den landschaftlich \u00e4u\u00dferst vielf\u00e4ltigen Gebirgsgruppen Retezat, ureanu, Par\u00e2ng, Cindrel, F g ra und Piatra Craiului sowie am \u00dcbergang zu den siebenb\u00fcrgischen Ostkarpaten vor. Dabei wird f\u00fcr jeden Anspruch etwas geboten: von erholsamen Wanderungen in lieblichen Tal- und H\u00fcgellandschaften bis zu anspruchsvollen Hochgebirgstouren f\u00fcr Bergerfahrene. Viele der Wanderungen lassen sich auch zu mehrt\u00e4gigen Trekkingrunden kombinieren.<\/p>\n<p>Die ausf\u00fchrlichen Wegbeschreibungen werden erg\u00e4nzt durch interessante Hintergrundinformationen zu Natur und Kultur der Wanderregionen sowie Tipps zu Ausflugszielen. Detaillierte Kartenausschnitte im Ma\u00dfstab 1:50.000 und 1:75.000 sowie aussagekr\u00e4ftige H\u00f6henprofile machen alle Tourenvorschl\u00e4ge gut und sicher nachvollziehbar, zudem stehen GPS-Daten zum Download bereit.<\/p>\n<p>2., aktualisierte Auflage 2022, 272 Seiten mit 225 Farbabbildungen<br \/>\n63 H\u00f6henprofile, 63 Wanderk\u00e4rtchen im Ma\u00dfstab 1:50.000 und 1:75.000, eine<br \/>\n\u00dcbersichtskarte<\/p>","protected":false},"excerpt":{"rendered":"<p>Unber\u00fchrte Hochgebirgslandschaften, tief eingeschnittene Schluchten, glasklare Bergseen und liebliche T\u00e4ler \u2013 die S\u00fcdkarpaten, der h\u00f6chste Gebirgszug Rum\u00e4niens, begeistern durch ihre Urspr\u00fcnglichkeit. In stillen D\u00f6rfern und einsamen Weilern scheint die Zeit stehengeblieben zu sein, vielerorts wird die Landwirtschaft noch wie vor hundert Jahren betrieben. Keine Frage \u2013 in dieser Gegend l\u00e4sst es sich traumhaft wandern. Der [&#8230;]\n","protected":false},"featured_media":163003,"template":"","meta":[],"product_brand":[],"product_cat":[21605],"product_tag":[],"class_list":{"0":"post-151228","1":"product","2":"type-product","3":"status-publish","4":"has-post-thumbnail","6":"product_cat-wanderfuehrer-trekking","7":"pa_autor-hannover-moser","8":"pa_erscheinungsjahr-27013","9":"pa_region-osteuropa","10":"pa_sprache-de","12":"first","13":"instock","14":"taxable","15":"shipping-taxable","16":"purchasable","17":"product-type-simple"},"_links":{"self":[{"href":"https:\/\/pizbube.ch\/en\/wp-json\/wp\/v2\/product\/151228","targetHints":{"allow":["GET"]}}],"collection":[{"href":"https:\/\/pizbube.ch\/en\/wp-json\/wp\/v2\/product"}],"about":[{"href":"https:\/\/pizbube.ch\/en\/wp-json\/wp\/v2\/types\/product"}],"wp:featuredmedia":[{"embeddable":true,"href":"https:\/\/pizbube.ch\/en\/wp-json\/wp\/v2\/media\/163003"}],"wp:attachment":[{"href":"https:\/\/pizbube.ch\/en\/wp-json\/wp\/v2\/media?parent=151228"}],"wp:term":[{"taxonomy":"product_brand","embeddable":true,"href":"https:\/\/pizbube.ch\/en\/wp-json\/wp\/v2\/product_brand?post=151228"},{"taxonomy":"product_cat","embeddable":true,"href":"https:\/\/pizbube.ch\/en\/wp-json\/wp\/v2\/product_cat?post=151228"},{"taxonomy":"product_tag","embeddable":true,"href":"https:\/\/pizbube.ch\/en\/wp-json\/wp\/v2\/product_tag?post=151228"}],"curies":[{"name":"wp","href":"https:\/\/api.w.org\/{rel}","templated":true}]}}