{"id":151230,"date":"2021-01-15T11:59:45","date_gmt":"2021-01-15T11:59:45","guid":{"rendered":"https:\/\/codengine3.ch\/?product=import-placeholder-for-207524"},"modified":"2023-07-07T10:04:33","modified_gmt":"2023-07-07T08:04:33","slug":"rumaenien-ostkarpaten-63-touren","status":"publish","type":"product","link":"https:\/\/pizbube.ch\/en\/shop\/rumaenien-ostkarpaten-63-touren\/","title":{"rendered":"Rum\u00e4nien &#8211; Ostkarpaten, 63 Touren"},"content":{"rendered":"<p>Ganz ehrlich: Wer denkt bei \u00bbRum\u00e4nien\u00ab oder gar \u00bbKarpaten\u00ab nicht als erstes an<br \/>\nGraf Dracula, ein m\u00e4rchenhaftes Schloss und nat\u00fcrlich Vampire? Dabei hat das<br \/>\nLand viel mehr zu bieten als \u00bbGruselro-mantik\u00ab, und auch Wanderer kommen in<br \/>\nden Karpaten voll auf ihre Kosten: Insbesondere die Gebirgsz\u00fcge der<br \/>\nOstkarpaten z\u00e4hlen zu den wildesten und urspr\u00fcnglichsten Berglandschaften<br \/>\nEuropas. Aus dem breiten Spektrum der Wanderm\u00f6glichkeiten pr\u00e4sentiert der neue<br \/>\nRother Wanderf\u00fchrer \u00bbRum\u00e4nien \u2013 Ostkarpaten\u00ab 64 spannende Touren f\u00fcr jeden<br \/>\nGeschmack.<\/p>\n<p>\u00dcber 600 Kilometer L\u00e4nge und bis auf gut 2300 Meter H\u00f6he erstrecken sich die<br \/>\nGebirgsk\u00e4mme der Ostkarpaten, aufgelockert durch kristallklare Seen,<br \/>\nSchluchten, idyllische Almen, majest\u00e4tische W\u00e4lder und geheimnisvolle H\u00f6hlen;<br \/>\nspektakul\u00e4r sind auch die in Europa beinahe einzigartigen Schlammvulkane. Mit<br \/>\nviel Gl\u00fcck zeigen sich in der unber\u00fchrten Natur sogar B\u00e4ren, W\u00f6lfe und Luchse,<br \/>\noder man kann Steinadler beobachten, die am Himmel ihre Kreise ziehen.<\/p>\n<p>Im n\u00f6rdlichen Teil der Ostkarpaten, in der unwegsamen Bergwelt des Rodna- und<br \/>\ndes Calimani-Massivs, stehen f\u00fcr Abenteuerlustige mehrt\u00e4gige Trekkingtouren<br \/>\nauf dem Programm. Bergh\u00fctten gibt es hier nicht, man schl\u00e4ft im Zelt oder<br \/>\nvielleicht in einer Sch\u00e4ferh\u00fctte \u2013 ein unvergessliches Erlebnis! Weiter<br \/>\ns\u00fcdlich laden das Moldawisch-Siebenb\u00fcrgische Mittelgebirge und die<br \/>\nBogenkarpaten zu k\u00fcrzeren, familientauglichen Ausfl\u00fcgen ein, inklusive<br \/>\nInfrastruktur nach westlichem Standard in Form von modernen Hotels und<br \/>\nPensionen sowie Wellnessangeboten mit Thermalwasser.<\/p>\n<p>Detaillierte Tourenbeschreibungen mit allen wesentlichen Fakten zur<br \/>\nInfrastruktur wie Verkehrsanbindung, Einkehr und Unterkunft, Wanderk\u00e4rtchen<br \/>\nmit eingezeichneter Route, H\u00f6henprofile sowie GPS-Tracks zum Download<br \/>\ngarantieren eine optimale Planung und Durchf\u00fchrung der Touren; f\u00fcr<br \/>\nUrlaubsstimmung und Vorfreude auf das Abenteuer Ostkarpaten sorgen die vielen<br \/>\nattraktiven Fotos.<\/p>\n<p>1. Auflage 2020<br \/>\n288 Seiten mit 204 Farbabbildungen<br \/>\n64 H\u00f6henprofile, 64 Wanderk\u00e4rtchen im Ma\u00dfstab 1:25.000, 1:50.000, 1:75.000 und<br \/>\n1:150.000, zwei \u00dcbersichtskarten im Ma\u00dfstab 1:3.500.000 und 1:5.500.000, GPS-<br \/>\nTracks zum Download<\/p>","protected":false},"excerpt":{"rendered":"<p>Ganz ehrlich: Wer denkt bei \u00bbRum\u00e4nien\u00ab oder gar \u00bbKarpaten\u00ab nicht als erstes an Graf Dracula, ein m\u00e4rchenhaftes Schloss und nat\u00fcrlich Vampire? Dabei hat das Land viel mehr zu bieten als \u00bbGruselro-mantik\u00ab, und auch Wanderer kommen in den Karpaten voll auf ihre Kosten: Insbesondere die Gebirgsz\u00fcge der Ostkarpaten z\u00e4hlen zu den wildesten und urspr\u00fcnglichsten Berglandschaften Europas. [&#8230;]\n","protected":false},"featured_media":168501,"template":"","meta":[],"product_brand":[],"product_cat":[21605],"product_tag":[],"class_list":{"0":"post-151230","1":"product","2":"type-product","3":"status-publish","4":"has-post-thumbnail","6":"product_cat-wanderfuehrer-trekking","7":"pa_autor-valenas","8":"pa_erscheinungsjahr-21558","9":"pa_region-osteuropa","10":"pa_sprache-de","12":"first","13":"instock","14":"taxable","15":"shipping-taxable","16":"purchasable","17":"product-type-simple"},"_links":{"self":[{"href":"https:\/\/pizbube.ch\/en\/wp-json\/wp\/v2\/product\/151230","targetHints":{"allow":["GET"]}}],"collection":[{"href":"https:\/\/pizbube.ch\/en\/wp-json\/wp\/v2\/product"}],"about":[{"href":"https:\/\/pizbube.ch\/en\/wp-json\/wp\/v2\/types\/product"}],"wp:featuredmedia":[{"embeddable":true,"href":"https:\/\/pizbube.ch\/en\/wp-json\/wp\/v2\/media\/168501"}],"wp:attachment":[{"href":"https:\/\/pizbube.ch\/en\/wp-json\/wp\/v2\/media?parent=151230"}],"wp:term":[{"taxonomy":"product_brand","embeddable":true,"href":"https:\/\/pizbube.ch\/en\/wp-json\/wp\/v2\/product_brand?post=151230"},{"taxonomy":"product_cat","embeddable":true,"href":"https:\/\/pizbube.ch\/en\/wp-json\/wp\/v2\/product_cat?post=151230"},{"taxonomy":"product_tag","embeddable":true,"href":"https:\/\/pizbube.ch\/en\/wp-json\/wp\/v2\/product_tag?post=151230"}],"curies":[{"name":"wp","href":"https:\/\/api.w.org\/{rel}","templated":true}]}}