{"id":151231,"date":"2021-01-15T11:59:52","date_gmt":"2021-01-15T11:59:52","guid":{"rendered":"https:\/\/codengine3.ch\/?product=import-placeholder-for-206280"},"modified":"2023-02-01T14:22:02","modified_gmt":"2023-02-01T13:22:02","slug":"ski-de-randonnee-dans-les-hautes-pyrenees-58-itineraires-en-vallees-de-campan-daure-et-du-louron","status":"publish","type":"product","link":"https:\/\/pizbube.ch\/en\/shop\/ski-de-randonnee-dans-les-hautes-pyrenees-58-itineraires-en-vallees-de-campan-daure-et-du-louron\/","title":{"rendered":"Ski de randonn\u00e9e dans les Hautes-Pyr\u00e9n\u00e9es &#8211; 58 itin\u00e9raires en vall\u00e9es de Campan, d\u2019Aure et du Louron"},"content":{"rendered":"<p>58 itin\u00e9raires en vall\u00e9es de Campan, d\u2019Aure et du Louron<\/p>\n<p>La montagne hivernale attire les superlatifs. Enchanteresse, sublime, ludique.<br \/>\nElle sait aussi \u00eatre dangereuse, pi\u00e9geuse. Afin d\u2019y \u00e9voluer dans des<br \/>\nconditions de pr\u00e9paration ad\u00e9quates pour en retirer un plaisir optimal et y<br \/>\n\u00e9prouver un puissant sentiment de libert\u00e9, Fr\u00e9d\u00e9ric Cabot a concoct\u00e9 58<br \/>\nnouveaux itin\u00e9raires pour skieurs de randonn\u00e9e, allant des portes de Tarbes<br \/>\n(Cuq Cr\u00e9mail) aux grands sommets de l\u2019est du d\u00e9partement des Hautes-Pyr\u00e9n\u00e9es<br \/>\n(Arbizon, Campbieile, Lustou), en passant par les incontournables que sont le<br \/>\nSignal de Bassia, le Quatre Termes, les pics d\u2019Espade ou d\u2019Aulon. Sans oublier<br \/>\nle pic du Midi de Bigorre, le N\u00e9ouvielle et le Montaigu, \u00e9videmment.<\/p>\n<p>Il y en a pour toutes les spatules, de 400 m de d\u00e9nivel\u00e9 (Pichaley) \u00e0 2000 m<br \/>\n(Aret). De Facile \u00e0 Tr\u00e8s Difficile, de S1 \u00e0 S5, toutes les pratiques et tous<br \/>\nles app\u00e9tits de glisse hors station y trouvent leur compte. \u00c9tant entendu que<br \/>\ncette discipline exigeante- et magnifique- s\u2019accommode mal d\u2019impr\u00e9paration\u2026<\/p>","protected":false},"excerpt":{"rendered":"<p>58 itin\u00e9raires en vall\u00e9es de Campan, d\u2019Aure et du Louron La montagne hivernale attire les superlatifs. Enchanteresse, sublime, ludique. Elle sait aussi \u00eatre dangereuse, pi\u00e9geuse. Afin d\u2019y \u00e9voluer dans des conditions de pr\u00e9paration ad\u00e9quates pour en retirer un plaisir optimal et y \u00e9prouver un puissant sentiment de libert\u00e9, Fr\u00e9d\u00e9ric Cabot a concoct\u00e9 58 nouveaux itin\u00e9raires [&#8230;]\n","protected":false},"featured_media":165918,"template":"","meta":[],"product_brand":[],"product_cat":[21540],"product_tag":[],"class_list":{"0":"post-151231","1":"product","2":"type-product","3":"status-publish","4":"has-post-thumbnail","6":"product_cat-fuehrerliteratur-alpin-winter","7":"pa_autor-cabot","8":"pa_erscheinungsjahr-21693","9":"pa_region-frankreich","10":"pa_sprache-fr","12":"first","13":"instock","14":"taxable","15":"shipping-taxable","16":"purchasable","17":"product-type-simple"},"_links":{"self":[{"href":"https:\/\/pizbube.ch\/en\/wp-json\/wp\/v2\/product\/151231","targetHints":{"allow":["GET"]}}],"collection":[{"href":"https:\/\/pizbube.ch\/en\/wp-json\/wp\/v2\/product"}],"about":[{"href":"https:\/\/pizbube.ch\/en\/wp-json\/wp\/v2\/types\/product"}],"wp:featuredmedia":[{"embeddable":true,"href":"https:\/\/pizbube.ch\/en\/wp-json\/wp\/v2\/media\/165918"}],"wp:attachment":[{"href":"https:\/\/pizbube.ch\/en\/wp-json\/wp\/v2\/media?parent=151231"}],"wp:term":[{"taxonomy":"product_brand","embeddable":true,"href":"https:\/\/pizbube.ch\/en\/wp-json\/wp\/v2\/product_brand?post=151231"},{"taxonomy":"product_cat","embeddable":true,"href":"https:\/\/pizbube.ch\/en\/wp-json\/wp\/v2\/product_cat?post=151231"},{"taxonomy":"product_tag","embeddable":true,"href":"https:\/\/pizbube.ch\/en\/wp-json\/wp\/v2\/product_tag?post=151231"}],"curies":[{"name":"wp","href":"https:\/\/api.w.org\/{rel}","templated":true}]}}