{"id":151232,"date":"2021-01-15T11:59:52","date_gmt":"2021-01-15T11:59:52","guid":{"rendered":"https:\/\/codengine3.ch\/?product=import-placeholder-for-204875"},"modified":"2023-02-01T14:19:40","modified_gmt":"2023-02-01T13:19:40","slug":"ski-de-randonnee-dans-les-hautes-pyrenees-70-itineraires-en-vallees-des-graves","status":"publish","type":"product","link":"https:\/\/pizbube.ch\/en\/shop\/ski-de-randonnee-dans-les-hautes-pyrenees-70-itineraires-en-vallees-des-graves\/","title":{"rendered":"Ski de randonn\u00e9e dans les Hautes-Pyr\u00e9n\u00e9es &#8211; 70 itin\u00e9raires en Vall\u00e9es des Gaves"},"content":{"rendered":"<p>70 itin\u00e9raires en Vall\u00e9es des Gaves<\/p>\n<p>Entre vos mains avant d&#8217;\u00eatre sous vos spatules : soixante-dix itin\u00e9raires pour<br \/>\naller tutoyer &#8211; respectueusement &#8211; la montagne entre hiver et fin de<br \/>\nprintemps. Ils s&#8217;inscrivent dans un arc de cercle allant du Hautacam (pic de<br \/>\nL\u00e9viste) \u00e0 la vall\u00e9e du Bergons (pic de Las Escures) et se d\u00e9ploient autour<br \/>\ndes vall\u00e9es des gaves (Bastan, gaves de Gavarnie, de Cauterets, de Labat,<br \/>\nd&#8217;Azun).<\/p>\n<p>Il y en a pour tous les skieurs de randonn\u00e9e : des destinations faciles comme<br \/>\nle pic Saint-Andr\u00e9 (d\u00e9nivel\u00e9 800 m, cotation ski S2) et des tr\u00e8s difficiles<br \/>\ncomme le Bala\u00eftous (1700 \u00e0 2000 m, S3), voire TD+ comme le Mailh Arouy (1650<br \/>\nm, S5), en passant par des cotations PD (soum de la Y\u00e8ge : 950 m, S2) et des<br \/>\ncotations AD et D (pic d&#8217;Ardiden : 1600 m, S3 ; pourt\u00e8re de l&#8217;Espagnol : 1400<br \/>\nm, S4).<\/p>\n<p>Bien entendu, la connaissance de la montagne en conditions hivernales s&#8217;impose<br \/>\n; cette discipline exigeante et magnifique s&#8217;accommode mal de<br \/>\nl&#8217;impr\u00e9paration&#8230;<\/p>","protected":false},"excerpt":{"rendered":"<p>70 itin\u00e9raires en Vall\u00e9es des Gaves Entre vos mains avant d&#8217;\u00eatre sous vos spatules : soixante-dix itin\u00e9raires pour aller tutoyer &#8211; respectueusement &#8211; la montagne entre hiver et fin de printemps. Ils s&#8217;inscrivent dans un arc de cercle allant du Hautacam (pic de L\u00e9viste) \u00e0 la vall\u00e9e du Bergons (pic de Las Escures) et se [&#8230;]\n","protected":false},"featured_media":33413,"template":"","meta":[],"product_brand":[],"product_cat":[21540],"product_tag":[],"class_list":{"0":"post-151232","1":"product","2":"type-product","3":"status-publish","4":"has-post-thumbnail","6":"product_cat-fuehrerliteratur-alpin-winter","7":"pa_autor-cabot","8":"pa_erscheinungsjahr-21763","9":"pa_region-frankreich","10":"pa_sprache-fr","12":"first","13":"instock","14":"taxable","15":"shipping-taxable","16":"purchasable","17":"product-type-simple"},"_links":{"self":[{"href":"https:\/\/pizbube.ch\/en\/wp-json\/wp\/v2\/product\/151232","targetHints":{"allow":["GET"]}}],"collection":[{"href":"https:\/\/pizbube.ch\/en\/wp-json\/wp\/v2\/product"}],"about":[{"href":"https:\/\/pizbube.ch\/en\/wp-json\/wp\/v2\/types\/product"}],"wp:featuredmedia":[{"embeddable":true,"href":"https:\/\/pizbube.ch\/en\/wp-json\/wp\/v2\/media\/33413"}],"wp:attachment":[{"href":"https:\/\/pizbube.ch\/en\/wp-json\/wp\/v2\/media?parent=151232"}],"wp:term":[{"taxonomy":"product_brand","embeddable":true,"href":"https:\/\/pizbube.ch\/en\/wp-json\/wp\/v2\/product_brand?post=151232"},{"taxonomy":"product_cat","embeddable":true,"href":"https:\/\/pizbube.ch\/en\/wp-json\/wp\/v2\/product_cat?post=151232"},{"taxonomy":"product_tag","embeddable":true,"href":"https:\/\/pizbube.ch\/en\/wp-json\/wp\/v2\/product_tag?post=151232"}],"curies":[{"name":"wp","href":"https:\/\/api.w.org\/{rel}","templated":true}]}}