{"id":151233,"date":"2021-01-15T11:59:52","date_gmt":"2021-01-15T11:59:52","guid":{"rendered":"https:\/\/codengine3.ch\/?product=import-placeholder-for-202406"},"modified":"2023-03-23T08:32:00","modified_gmt":"2023-03-23T07:32:00","slug":"roca-nieve-y-hielo-en-pirineos","status":"publish","type":"product","link":"https:\/\/pizbube.ch\/en\/shop\/roca-nieve-y-hielo-en-pirineos\/","title":{"rendered":"Roca, nieve y hielo en Pirineos"},"content":{"rendered":"<p>290 vias desde Lescun al N\u00e9ouvielle:<br \/>\nLos itinerarios se describen en forma de fichas que comprenden el desarrollo<br \/>\nde la ascensi\u00f3n, las dificultades encontradas, croquis detallados, horarios y<br \/>\nmaterial.<\/p>\n<p>Esta gu\u00eda ofrece una contrastada selecci\u00f3n de lo mejor de la escalada<br \/>\npirenaica, que pone de manifiesto la cara din\u00e1mica y moderna del pirine\u00edsmo de<br \/>\nnuestros d\u00edas, a la vez que rinde homenaje a sus percusores. Los itinerarios<br \/>\nse describen en forma de fichas que comprenden el desarrollo de la ascensi\u00f3n,<br \/>\nlas dificultades encontradas, croquis detallados, indicaciones acerca de la<br \/>\ndificultad, horarios, material, t\u00e9cnica y cartograf\u00eda.<\/p>\n<p>Finalmente, un anexo<br \/>\nelaborado especialmente para la edici\u00f3n espa\u00f1ola a\u00f1ade algunas ascensiones<br \/>\nrepresentativas del lado sur de la cordillera -joyas del alpinismo invernal a<br \/>\nmenudo olvidadas-, en las zonas de la Collarada, Pico de Aspe, Pala de Ip y<br \/>\nPe\u00f1a Forato. Los autores, gu\u00edas de alta monta\u00f1a con amplios conocimientos y<br \/>\nlarga experiencia, han elaborado un repertorio de escaladas que nos permitir\u00e1<br \/>\ndisfrutar de la riqueza y variedad de las paredes del Pirineo Occidental. Se<br \/>\nincluyen asimismo itinerarios en nieve o mixto y ascensiones de cascadas de<br \/>\nhielo, que pueden realizarse en invierno y en primavera.<\/p>\n<p>Dimensiones: 12 cm x 16.5 cm<br \/>\nN\u00ba P\u00e1g.:397<br \/>\nFecha de la edici\u00f3n:2001<\/p>","protected":false},"excerpt":{"rendered":"<p>290 vias desde Lescun al N\u00e9ouvielle: Los itinerarios se describen en forma de fichas que comprenden el desarrollo de la ascensi\u00f3n, las dificultades encontradas, croquis detallados, horarios y material. Esta gu\u00eda ofrece una contrastada selecci\u00f3n de lo mejor de la escalada pirenaica, que pone de manifiesto la cara din\u00e1mica y moderna del pirine\u00edsmo de nuestros [&#8230;]\n","protected":false},"featured_media":166807,"template":"","meta":[],"product_brand":[],"product_cat":[21544,21539],"product_tag":[],"class_list":{"0":"post-151233","1":"product","2":"type-product","3":"status-publish","4":"has-post-thumbnail","6":"product_cat-fuehrerliteratur-alpin-sommer","7":"product_cat-fuehrerliteratur-sportklettern-bouldern","8":"pa_autor-munsch-ravier-thivel","9":"pa_erscheinungsjahr-22242","10":"pa_region-spanien","11":"pa_sprache-sp","13":"first","14":"instock","15":"taxable","16":"shipping-taxable","17":"purchasable","18":"product-type-simple"},"_links":{"self":[{"href":"https:\/\/pizbube.ch\/en\/wp-json\/wp\/v2\/product\/151233","targetHints":{"allow":["GET"]}}],"collection":[{"href":"https:\/\/pizbube.ch\/en\/wp-json\/wp\/v2\/product"}],"about":[{"href":"https:\/\/pizbube.ch\/en\/wp-json\/wp\/v2\/types\/product"}],"wp:featuredmedia":[{"embeddable":true,"href":"https:\/\/pizbube.ch\/en\/wp-json\/wp\/v2\/media\/166807"}],"wp:attachment":[{"href":"https:\/\/pizbube.ch\/en\/wp-json\/wp\/v2\/media?parent=151233"}],"wp:term":[{"taxonomy":"product_brand","embeddable":true,"href":"https:\/\/pizbube.ch\/en\/wp-json\/wp\/v2\/product_brand?post=151233"},{"taxonomy":"product_cat","embeddable":true,"href":"https:\/\/pizbube.ch\/en\/wp-json\/wp\/v2\/product_cat?post=151233"},{"taxonomy":"product_tag","embeddable":true,"href":"https:\/\/pizbube.ch\/en\/wp-json\/wp\/v2\/product_tag?post=151233"}],"curies":[{"name":"wp","href":"https:\/\/api.w.org\/{rel}","templated":true}]}}