{"id":151234,"date":"2021-01-15T11:59:52","date_gmt":"2021-01-15T11:59:52","guid":{"rendered":"https:\/\/codengine3.ch\/?product=import-placeholder-for-207227"},"modified":"2021-01-15T16:00:58","modified_gmt":"2021-01-15T16:00:58","slug":"esqui-libre-parte-i-de-belagua-a-gavarnie","status":"publish","type":"product","link":"https:\/\/pizbube.ch\/en\/shop\/esqui-libre-parte-i-de-belagua-a-gavarnie\/","title":{"rendered":"Esqu\u00ed Libre. Parte I. De Belagua a Gavarnie"},"content":{"rendered":"<p>El esqu\u00ed de monta\u00f1a es una de las especialidades m\u00e1s apasionantes del mundo de<br \/>\nla monta\u00f1a, y el Pirineo uno de los macizos monta\u00f1osos con excelentes<br \/>\nposibilidades en todo el continente para la pr\u00e1ctica de esta especialidad.<br \/>\nDe la mano de un gran conocedor de las posibilidades del esqu\u00ed de traves\u00eda en<br \/>\nesta vertiente del Pirineo. Esta gu\u00eda hace un repaso exhaustivo de las<br \/>\nposibilidades del Pirineo occidental con casi 100 recorridos y 36 zonas<br \/>\nrastreadas desde Belagua a Gavarnie.<br \/>\nToda una puerta abierta a la imaginaci\u00f3n. Una excusa para so\u00f1ar con palas<br \/>\ninmaculadas de nieve polvo y metros de desnivel en nuestras piernas.  <\/p>","protected":false},"excerpt":{"rendered":"<p>El esqu\u00ed de monta\u00f1a es una de las especialidades m\u00e1s apasionantes del mundo de la monta\u00f1a, y el Pirineo uno de los macizos monta\u00f1osos con excelentes posibilidades en todo el continente para la pr\u00e1ctica de esta especialidad. De la mano de un gran conocedor de las posibilidades del esqu\u00ed de traves\u00eda en esta vertiente del [&#8230;]\n","protected":false},"featured_media":36872,"template":"","meta":[],"product_brand":[],"product_cat":[21540],"product_tag":[],"class_list":{"0":"post-151234","1":"product","2":"type-product","3":"status-publish","4":"has-post-thumbnail","6":"product_cat-fuehrerliteratur-alpin-winter","7":"pa_autor-gonzalez","8":"pa_erscheinungsjahr-21830","9":"pa_region-spanien","10":"pa_sprache-sp","12":"first","13":"instock","14":"taxable","15":"shipping-taxable","16":"purchasable","17":"product-type-simple"},"_links":{"self":[{"href":"https:\/\/pizbube.ch\/en\/wp-json\/wp\/v2\/product\/151234","targetHints":{"allow":["GET"]}}],"collection":[{"href":"https:\/\/pizbube.ch\/en\/wp-json\/wp\/v2\/product"}],"about":[{"href":"https:\/\/pizbube.ch\/en\/wp-json\/wp\/v2\/types\/product"}],"wp:featuredmedia":[{"embeddable":true,"href":"https:\/\/pizbube.ch\/en\/wp-json\/wp\/v2\/media\/36872"}],"wp:attachment":[{"href":"https:\/\/pizbube.ch\/en\/wp-json\/wp\/v2\/media?parent=151234"}],"wp:term":[{"taxonomy":"product_brand","embeddable":true,"href":"https:\/\/pizbube.ch\/en\/wp-json\/wp\/v2\/product_brand?post=151234"},{"taxonomy":"product_cat","embeddable":true,"href":"https:\/\/pizbube.ch\/en\/wp-json\/wp\/v2\/product_cat?post=151234"},{"taxonomy":"product_tag","embeddable":true,"href":"https:\/\/pizbube.ch\/en\/wp-json\/wp\/v2\/product_tag?post=151234"}],"curies":[{"name":"wp","href":"https:\/\/api.w.org\/{rel}","templated":true}]}}