{"id":151235,"date":"2021-01-15T11:59:52","date_gmt":"2021-01-15T11:59:52","guid":{"rendered":"https:\/\/codengine3.ch\/?product=import-placeholder-for-201250"},"modified":"2021-01-15T11:59:56","modified_gmt":"2021-01-15T11:59:56","slug":"die-45-schoensten-wanderungen-der-jungfrau-region","status":"publish","type":"product","link":"https:\/\/pizbube.ch\/en\/shop\/die-45-schoensten-wanderungen-der-jungfrau-region\/","title":{"rendered":"Die 45 sch\u00f6nsten Wanderungen der Jungfrau Region"},"content":{"rendered":"<p>Ob gem\u00fctlich um den Harder Kulm, gipfelst\u00fcrmerisch auf den M\u00e4nnlichen,<br \/>\nabenteuerlich den Eiger entlang empor zum Eigergletscher oder die traumhafte<br \/>\nAussicht geniessend auf der Schynige Platte \u2013 die Jungfrau Region bietet<br \/>\neinfach alles:<br \/>\nkleine Wanderungen durch malerische Landschaften, sportliche Tagestouren und<br \/>\nanspruchsvollen Bergwanderungen.<\/p>\n<p>Wir nehmen Sie mit auf die 45 sch\u00f6nsten Wanderungen in einer wahren<br \/>\nPostkartenlandschaft im Berner Oberland.<\/p>\n<p>304 Seiten, 14,3 x 21,4 cm, gebunden, Softcover; Mit 900 Abbildungen und 45<br \/>\nKarten.<\/p>","protected":false},"excerpt":{"rendered":"<p>Ob gem\u00fctlich um den Harder Kulm, gipfelst\u00fcrmerisch auf den M\u00e4nnlichen, abenteuerlich den Eiger entlang empor zum Eigergletscher oder die traumhafte Aussicht geniessend auf der Schynige Platte \u2013 die Jungfrau Region bietet einfach alles: kleine Wanderungen durch malerische Landschaften, sportliche Tagestouren und anspruchsvollen Bergwanderungen. Wir nehmen Sie mit auf die 45 sch\u00f6nsten Wanderungen in einer wahren [&#8230;]\n","protected":false},"featured_media":32327,"template":"","meta":[],"product_brand":[],"product_cat":[21605],"product_tag":[],"class_list":{"0":"post-151235","1":"product","2":"type-product","3":"status-publish","4":"has-post-thumbnail","6":"product_cat-wanderfuehrer-trekking","7":"pa_autor-haefliger","8":"pa_erscheinungsjahr-21546","9":"pa_region-schweiz","10":"pa_sprache-de","12":"first","13":"instock","14":"taxable","15":"shipping-taxable","16":"purchasable","17":"product-type-simple"},"_links":{"self":[{"href":"https:\/\/pizbube.ch\/en\/wp-json\/wp\/v2\/product\/151235","targetHints":{"allow":["GET"]}}],"collection":[{"href":"https:\/\/pizbube.ch\/en\/wp-json\/wp\/v2\/product"}],"about":[{"href":"https:\/\/pizbube.ch\/en\/wp-json\/wp\/v2\/types\/product"}],"wp:featuredmedia":[{"embeddable":true,"href":"https:\/\/pizbube.ch\/en\/wp-json\/wp\/v2\/media\/32327"}],"wp:attachment":[{"href":"https:\/\/pizbube.ch\/en\/wp-json\/wp\/v2\/media?parent=151235"}],"wp:term":[{"taxonomy":"product_brand","embeddable":true,"href":"https:\/\/pizbube.ch\/en\/wp-json\/wp\/v2\/product_brand?post=151235"},{"taxonomy":"product_cat","embeddable":true,"href":"https:\/\/pizbube.ch\/en\/wp-json\/wp\/v2\/product_cat?post=151235"},{"taxonomy":"product_tag","embeddable":true,"href":"https:\/\/pizbube.ch\/en\/wp-json\/wp\/v2\/product_tag?post=151235"}],"curies":[{"name":"wp","href":"https:\/\/api.w.org\/{rel}","templated":true}]}}