{"id":151236,"date":"2021-01-15T11:59:52","date_gmt":"2021-01-15T11:59:52","guid":{"rendered":"https:\/\/codengine3.ch\/?product=import-placeholder-for-202860"},"modified":"2025-05-26T11:23:05","modified_gmt":"2025-05-26T09:23:05","slug":"rock-n-road","status":"publish","type":"product","link":"https:\/\/pizbube.ch\/en\/shop\/rock-n-road\/","title":{"rendered":"Dalai Lama &#8211; Fotografien von Manuel Bauer. 1990-2024"},"content":{"rendered":"<p><span class=\"value\">Zum 90. Geburtstag des Dalai Lama: faszinierende Einblicke in sein Leben und seine Reisen um die Welt<\/span><\/p>\n<p><span class=\"value\">Der 14. Dalai Lama geh\u00f6rt zu den bekanntesten Pers\u00f6nlichkeiten unserer Zeit. Als im Exil lebender F\u00fchrer des tibetischen Volkes und einer der weisesten Gelehrten des Buddhismus geniesst er weltweit grosse Anerkennung. Kein anderer Fotograf der Welt ist dem Dalai Lama so nahe wie der Schweizer Manuel Bauer, der sich seit den 1990er- Jahren mit dem Buddhismus, mit Tibet und dessen spirituellem Anf\u00fchrer auseinandersetzt. Auf zahllosen Reisen, bei Auftritten und Veranstaltungen, aber auch in seinem indischen Zuhause begleitete und besuchte Bauer den Dalai Lama und hat dies in atmosph\u00e4rischen Fotografien festgehalten.<\/span><\/p>\n<p>Dieses Buch zeigt rund 200 Bilder aus den Jahren 1990 bis 2024, von denen zahlreiche noch nie zu sehen waren. Es erlaubt einmalige Einblicke in die internationale Reiset\u00e4tigkeit des Dalai Lama, seine \u00f6ffentlichen Auftritte und den medialen Rummel, der diese begleitet. Zudem zeigt es private Seiten der \u00f6ffentlichen Person und l\u00e4sst uns auch an den wenigen Augenblicken teilhaben, in denen der Dalai Lama mit sich und seinen Gedanken allein ist.<\/p>\n<p>Texte von Thupten Jinpa, langj\u00e4hriger Dolmetscher des Dalai Lama und Buddhismusgelehrter, und Christian Schmidt, Schweizer Journalist und Tibet-Kenner, erweitern unseren Blick auf das Thema. Im Mittelteil des Bandes wird ein Kalachakra, ein faszinierendes Sandmandala- Ritual, das der Dalai Lama mit seinen Getreuen 2014 im indischen Ladakh abhielt, erstmals ausf\u00fchrlich fotografisch dokumentiert und erl\u00e4utert.<\/p>\n<p>384 Seiten; <span class=\"value\">Fester Einband<\/span><br \/>\n<span class=\"value\">132 farbige und 102 s\/w-Abbildungen<br \/>\nBreite 195 mm, H\u00f6he 260 mm<\/span><\/p>","protected":false},"excerpt":{"rendered":"<p>Zum 90. Geburtstag des Dalai Lama: faszinierende Einblicke in sein Leben und seine Reisen um die Welt Der 14. Dalai Lama geh\u00f6rt zu den bekanntesten Pers\u00f6nlichkeiten unserer Zeit. Als im Exil lebender F\u00fchrer des tibetischen Volkes und einer der weisesten Gelehrten des Buddhismus geniesst er weltweit grosse Anerkennung. Kein anderer Fotograf der Welt ist dem [&#8230;]\n","protected":false},"featured_media":179784,"template":"","meta":[],"product_brand":[],"product_cat":[21580,21542],"product_tag":[],"class_list":{"0":"post-151236","1":"product","2":"type-product","3":"status-publish","4":"has-post-thumbnail","6":"product_cat-kunst-kultur","7":"product_cat-sachbuecher-dokumentationen","8":"pa_autor-bauer-manuel-jinpa-thupten-schmidt-christia","9":"pa_erscheinungsjahr-27415","10":"pa_region-asien","11":"pa_region-schweiz","12":"pa_sprache-de","14":"first","15":"instock","16":"taxable","17":"shipping-taxable","18":"purchasable","19":"product-type-simple"},"_links":{"self":[{"href":"https:\/\/pizbube.ch\/en\/wp-json\/wp\/v2\/product\/151236","targetHints":{"allow":["GET"]}}],"collection":[{"href":"https:\/\/pizbube.ch\/en\/wp-json\/wp\/v2\/product"}],"about":[{"href":"https:\/\/pizbube.ch\/en\/wp-json\/wp\/v2\/types\/product"}],"wp:featuredmedia":[{"embeddable":true,"href":"https:\/\/pizbube.ch\/en\/wp-json\/wp\/v2\/media\/179784"}],"wp:attachment":[{"href":"https:\/\/pizbube.ch\/en\/wp-json\/wp\/v2\/media?parent=151236"}],"wp:term":[{"taxonomy":"product_brand","embeddable":true,"href":"https:\/\/pizbube.ch\/en\/wp-json\/wp\/v2\/product_brand?post=151236"},{"taxonomy":"product_cat","embeddable":true,"href":"https:\/\/pizbube.ch\/en\/wp-json\/wp\/v2\/product_cat?post=151236"},{"taxonomy":"product_tag","embeddable":true,"href":"https:\/\/pizbube.ch\/en\/wp-json\/wp\/v2\/product_tag?post=151236"}],"curies":[{"name":"wp","href":"https:\/\/api.w.org\/{rel}","templated":true}]}}