{"id":151240,"date":"2021-01-15T11:59:52","date_gmt":"2021-01-15T11:59:52","guid":{"rendered":"https:\/\/codengine3.ch\/?product=import-placeholder-for-206327"},"modified":"2022-12-20T14:36:09","modified_gmt":"2022-12-20T13:36:09","slug":"block-n-road","status":"publish","type":"product","link":"https:\/\/pizbube.ch\/en\/shop\/block-n-road\/","title":{"rendered":"BLOCK &#8218;N&#8216; ROAD"},"content":{"rendered":"<p>Steffen Kern hat sich einen Lebenstraum erf\u00fcllt und ist in die endlosen Weiten<br \/>\nund zu den sch\u00f6nsten Bl\u00f6cken im Wilden Westen aufgebrochen. Bouldernd<br \/>\nverwirklicht er seine Freiheit und taucht in eine Realit\u00e4t ein, die nur das<br \/>\nAlleinreisen erschlie\u00dft. Die Stille in der Natur f\u00fchrt zu ganz eigenen<br \/>\nReflexionen und neuen (kletter-)philosophischen Gedanken. Er lernt nicht nur<br \/>\nwilde Felslandschaften kennen, sondern auch jede Menge neuer Freunde und ganz<br \/>\nnebenbei auch eine Reihe v\u00f6llig abgedrehter Typen.<\/p>\n<p>Durch das scharfe Auge seiner Nikon und mit dem geschliffenen Wort eines<br \/>\nTextredakteurs einer bekannten deutschen Kletterzeitschrift l\u00e4sst er uns<br \/>\nteilhaben an dieser Reise. Wir tauchen auf dem Beifahrersitz auf und fahren<br \/>\nmit ihm durch Halbw\u00fcsten, Canyons und amerikanische Gro\u00dfst\u00e4dte.<\/p>\n<p>Block &#8217;n&#8216; Road ist der erste deutschsprachige Boulderbildband. Die<br \/>\ngro\u00dfformatigen Fotos lassen das Herz eines jeden Kletterers schneller schlagen<br \/>\nund die H\u00e4nde feucht werden. Mit dem integrierten Infoteil (inkl. Karten,<br \/>\nReise- und Bouldergebietsinfos) hat jeder die M\u00f6glichkeit, diese Reise selbst<br \/>\nnachzuvollziehen und seine ganz eigenen Abenteuer &#8218;on the road&#8216; zu erleben.<\/p>\n<p>Hochglanzbildband und Roadtripbericht in einem (DIN \u2013 A 4 Format), farbig, 204<br \/>\nSeiten, Hardcover<\/p>","protected":false},"excerpt":{"rendered":"<p>Steffen Kern hat sich einen Lebenstraum erf\u00fcllt und ist in die endlosen Weiten und zu den sch\u00f6nsten Bl\u00f6cken im Wilden Westen aufgebrochen. Bouldernd verwirklicht er seine Freiheit und taucht in eine Realit\u00e4t ein, die nur das Alleinreisen erschlie\u00dft. Die Stille in der Natur f\u00fchrt zu ganz eigenen Reflexionen und neuen (kletter-)philosophischen Gedanken. Er lernt nicht [&#8230;]\n","protected":false},"featured_media":165148,"template":"","meta":[],"product_brand":[],"product_cat":[21542],"product_tag":[],"class_list":{"0":"post-151240","1":"product","2":"type-product","3":"status-publish","4":"has-post-thumbnail","6":"product_cat-sachbuecher-dokumentationen","7":"pa_autor-kern","8":"pa_erscheinungsjahr-21830","9":"pa_region-deutschland","10":"pa_sprache-de","12":"first","13":"instock","14":"taxable","15":"shipping-taxable","16":"purchasable","17":"product-type-simple"},"_links":{"self":[{"href":"https:\/\/pizbube.ch\/en\/wp-json\/wp\/v2\/product\/151240","targetHints":{"allow":["GET"]}}],"collection":[{"href":"https:\/\/pizbube.ch\/en\/wp-json\/wp\/v2\/product"}],"about":[{"href":"https:\/\/pizbube.ch\/en\/wp-json\/wp\/v2\/types\/product"}],"wp:featuredmedia":[{"embeddable":true,"href":"https:\/\/pizbube.ch\/en\/wp-json\/wp\/v2\/media\/165148"}],"wp:attachment":[{"href":"https:\/\/pizbube.ch\/en\/wp-json\/wp\/v2\/media?parent=151240"}],"wp:term":[{"taxonomy":"product_brand","embeddable":true,"href":"https:\/\/pizbube.ch\/en\/wp-json\/wp\/v2\/product_brand?post=151240"},{"taxonomy":"product_cat","embeddable":true,"href":"https:\/\/pizbube.ch\/en\/wp-json\/wp\/v2\/product_cat?post=151240"},{"taxonomy":"product_tag","embeddable":true,"href":"https:\/\/pizbube.ch\/en\/wp-json\/wp\/v2\/product_tag?post=151240"}],"curies":[{"name":"wp","href":"https:\/\/api.w.org\/{rel}","templated":true}]}}