{"id":151249,"date":"2021-01-15T11:59:53","date_gmt":"2021-01-15T11:59:53","guid":{"rendered":"https:\/\/codengine3.ch\/?product=import-placeholder-for-203053"},"modified":"2021-01-15T12:53:40","modified_gmt":"2021-01-15T12:53:40","slug":"klettersteig-guide-oesterreich","status":"publish","type":"product","link":"https:\/\/pizbube.ch\/en\/shop\/klettersteig-guide-oesterreich\/","title":{"rendered":"Klettersteig-Guide \u00d6sterreich"},"content":{"rendered":"<p>\u00d6sterreichs Klettersteig-Bestseller auf den neuesten Stand gebracht<br \/>\nViel hat sich getan im Klettersteigparadies \u00d6sterreich, so viel, dass es Zeit<br \/>\nwurde f\u00fcr eine erweiterte Neuauflage eines F\u00fchrers, der seit seinem<br \/>\nerstmaligen Erscheinen 2003 als Standardwerk gilt. Die mittlerweile 4. Auflage<br \/>\ngreift auf topaktuelle Recherchen zur\u00fcck und beinhaltet alle gesicherten<br \/>\nSteige in \u00d6sterreich. Die spannendsten und sch\u00f6nsten von ihnen werden wieder<br \/>\nausf\u00fchrlich beschrieben, mit detaillierten Infos zu Anfahrtswegen, Bildern,<br \/>\nKarten und einer einheitlichen Schwierigkeitsbewertung. Zu allen anderen<br \/>\nSteigen gibt es die wichtigsten Informationen kurz zusammengefasst.  <\/p>\n<p>F\u00fcr die in den letzten Jahren enorm angewachsene Zahl an Klettersteig-Freunden<br \/>\nbietet der Klettersteig-Guide \u00d6sterreich vom Wiener Alpenvereins-Ausbildner<br \/>\nund Tourenf\u00fchrer Csaba Sz\u00e9pfalusi einen umfassenden \u00dcberblick \u00fcber die F\u00fclle<br \/>\nan Klettersteigen, die es in den Bundesl\u00e4ndern zu bezwingen gibt.<br \/>\nMitber\u00fccksichtigt werden in dieser erweiterten Auflage die vielen neuen<br \/>\nSteige, die in nahezu allen Bundesl\u00e4ndern in den letzten Jahren in s\u00e4mtlichen<br \/>\nSchwierigkeitsgraden dazugekommen sind. Abgerundet wird der Guide durch<br \/>\nkompetente Tipps zu Technik und Taktik, die vor allem Neulingen den Einstieg<br \/>\nin den faszinierenden Klettersteigsport erleichtern sollen.<\/p>\n<p>728 Seiten; 570 farb. Abb., 162 Kartenausschnitte und eine \u00dcbersichtskarte<br \/>\n4., \u00fcberarbeitete und aktualisierte Neuausgabe 2016  <\/p>","protected":false},"excerpt":{"rendered":"<p>\u00d6sterreichs Klettersteig-Bestseller auf den neuesten Stand gebracht Viel hat sich getan im Klettersteigparadies \u00d6sterreich, so viel, dass es Zeit wurde f\u00fcr eine erweiterte Neuauflage eines F\u00fchrers, der seit seinem erstmaligen Erscheinen 2003 als Standardwerk gilt. Die mittlerweile 4. Auflage greift auf topaktuelle Recherchen zur\u00fcck und beinhaltet alle gesicherten Steige in \u00d6sterreich. Die spannendsten und sch\u00f6nsten [&#8230;]\n","protected":false},"featured_media":36254,"template":"","meta":[],"product_brand":[],"product_cat":[21544],"product_tag":[],"class_list":{"0":"post-151249","1":"product","2":"type-product","3":"status-publish","4":"has-post-thumbnail","6":"product_cat-fuehrerliteratur-alpin-sommer","7":"pa_autor-szepfalusi","8":"pa_erscheinungsjahr-21571","9":"pa_region-oesterreich","10":"pa_sprache-de","12":"first","13":"instock","14":"taxable","15":"shipping-taxable","16":"purchasable","17":"product-type-simple"},"_links":{"self":[{"href":"https:\/\/pizbube.ch\/en\/wp-json\/wp\/v2\/product\/151249","targetHints":{"allow":["GET"]}}],"collection":[{"href":"https:\/\/pizbube.ch\/en\/wp-json\/wp\/v2\/product"}],"about":[{"href":"https:\/\/pizbube.ch\/en\/wp-json\/wp\/v2\/types\/product"}],"wp:featuredmedia":[{"embeddable":true,"href":"https:\/\/pizbube.ch\/en\/wp-json\/wp\/v2\/media\/36254"}],"wp:attachment":[{"href":"https:\/\/pizbube.ch\/en\/wp-json\/wp\/v2\/media?parent=151249"}],"wp:term":[{"taxonomy":"product_brand","embeddable":true,"href":"https:\/\/pizbube.ch\/en\/wp-json\/wp\/v2\/product_brand?post=151249"},{"taxonomy":"product_cat","embeddable":true,"href":"https:\/\/pizbube.ch\/en\/wp-json\/wp\/v2\/product_cat?post=151249"},{"taxonomy":"product_tag","embeddable":true,"href":"https:\/\/pizbube.ch\/en\/wp-json\/wp\/v2\/product_tag?post=151249"}],"curies":[{"name":"wp","href":"https:\/\/api.w.org\/{rel}","templated":true}]}}