{"id":151250,"date":"2021-01-15T11:59:53","date_gmt":"2021-01-15T11:59:53","guid":{"rendered":"https:\/\/codengine3.ch\/?product=import-placeholder-for-203863"},"modified":"2021-01-15T14:27:21","modified_gmt":"2021-01-15T14:27:21","slug":"klettersteige","status":"publish","type":"product","link":"https:\/\/pizbube.ch\/en\/shop\/klettersteige\/","title":{"rendered":"Klettersteige"},"content":{"rendered":"<p>Klettersteig gehen- l\u00e4ngst ist aus der Aufstiegshilfe eine moderne alpine<br \/>\nSportart geworden. Bernd Ritschel zeigt in fantastischen Bildern die<br \/>\nsch\u00f6nsten, spektakul\u00e4rsten Klettersteige, spannende Action am Drahtseil und<br \/>\natemberaubende Landschaften von der stadtnahen H\u00fcgelregion bis hinauf ins<br \/>\newige Eis. Eugen E. H\u00fcsler erz\u00e4hlt Spannendes und Kurioses rund um Vie<br \/>\nferrate, berichtet von Erlebnissen aus drei\u00dfig Jahren am Klettersteig und<br \/>\nfragt nach den Zukunftsperspektiven.<\/p>","protected":false},"excerpt":{"rendered":"<p>Klettersteig gehen- l\u00e4ngst ist aus der Aufstiegshilfe eine moderne alpine Sportart geworden. Bernd Ritschel zeigt in fantastischen Bildern die sch\u00f6nsten, spektakul\u00e4rsten Klettersteige, spannende Action am Drahtseil und atemberaubende Landschaften von der stadtnahen H\u00fcgelregion bis hinauf ins ewige Eis. Eugen E. H\u00fcsler erz\u00e4hlt Spannendes und Kurioses rund um Vie ferrate, berichtet von Erlebnissen aus drei\u00dfig Jahren [&#8230;]\n","protected":false},"featured_media":31563,"template":"","meta":[],"product_brand":[],"product_cat":[21542],"product_tag":[],"class_list":{"0":"post-151250","1":"product","2":"type-product","3":"status-publish","4":"has-post-thumbnail","6":"product_cat-sachbuecher-dokumentationen","7":"pa_autor-ritschel-huesler","8":"pa_erscheinungsjahr-21776","9":"pa_region-deutschland","10":"pa_sprache-de","12":"first","13":"instock","14":"taxable","15":"shipping-taxable","16":"purchasable","17":"product-type-simple"},"_links":{"self":[{"href":"https:\/\/pizbube.ch\/en\/wp-json\/wp\/v2\/product\/151250","targetHints":{"allow":["GET"]}}],"collection":[{"href":"https:\/\/pizbube.ch\/en\/wp-json\/wp\/v2\/product"}],"about":[{"href":"https:\/\/pizbube.ch\/en\/wp-json\/wp\/v2\/types\/product"}],"wp:featuredmedia":[{"embeddable":true,"href":"https:\/\/pizbube.ch\/en\/wp-json\/wp\/v2\/media\/31563"}],"wp:attachment":[{"href":"https:\/\/pizbube.ch\/en\/wp-json\/wp\/v2\/media?parent=151250"}],"wp:term":[{"taxonomy":"product_brand","embeddable":true,"href":"https:\/\/pizbube.ch\/en\/wp-json\/wp\/v2\/product_brand?post=151250"},{"taxonomy":"product_cat","embeddable":true,"href":"https:\/\/pizbube.ch\/en\/wp-json\/wp\/v2\/product_cat?post=151250"},{"taxonomy":"product_tag","embeddable":true,"href":"https:\/\/pizbube.ch\/en\/wp-json\/wp\/v2\/product_tag?post=151250"}],"curies":[{"name":"wp","href":"https:\/\/api.w.org\/{rel}","templated":true}]}}