{"id":151251,"date":"2021-01-15T11:59:53","date_gmt":"2021-01-15T11:59:53","guid":{"rendered":"https:\/\/codengine3.ch\/?product=import-placeholder-for-202577"},"modified":"2021-01-15T12:37:30","modified_gmt":"2021-01-15T12:37:30","slug":"erlebnis-klettersteig","status":"publish","type":"product","link":"https:\/\/pizbube.ch\/en\/shop\/erlebnis-klettersteig\/","title":{"rendered":"Erlebnis Klettersteig"},"content":{"rendered":"<p>H\u00fcsler, der namhafte Klettersteig-Spezialist, pr\u00e4sentiert aus Hunderten von<br \/>\nSteigen, die es in den Alpenl\u00e4ndern Deutschland, Slowenien, \u00d6sterreich,<br \/>\nItalien, Schweiz und Frankreich gibt, seine beste Wahl &#8211; und dazu seine besten<br \/>\nKlettersteig-Geschichten.<\/p>","protected":false},"excerpt":{"rendered":"<p>H\u00fcsler, der namhafte Klettersteig-Spezialist, pr\u00e4sentiert aus Hunderten von Steigen, die es in den Alpenl\u00e4ndern Deutschland, Slowenien, \u00d6sterreich, Italien, Schweiz und Frankreich gibt, seine beste Wahl &#8211; und dazu seine besten Klettersteig-Geschichten.<\/p>","protected":false},"featured_media":29985,"template":"","meta":[],"product_brand":[],"product_cat":[21544],"product_tag":[],"class_list":{"0":"post-151251","1":"product","2":"type-product","3":"status-publish","4":"has-post-thumbnail","6":"product_cat-fuehrerliteratur-alpin-sommer","7":"pa_autor-huesler","8":"pa_erscheinungsjahr-22144","9":"pa_region-schweiz","10":"pa_sprache-de","12":"first","13":"instock","14":"taxable","15":"shipping-taxable","16":"purchasable","17":"product-type-simple"},"_links":{"self":[{"href":"https:\/\/pizbube.ch\/en\/wp-json\/wp\/v2\/product\/151251","targetHints":{"allow":["GET"]}}],"collection":[{"href":"https:\/\/pizbube.ch\/en\/wp-json\/wp\/v2\/product"}],"about":[{"href":"https:\/\/pizbube.ch\/en\/wp-json\/wp\/v2\/types\/product"}],"wp:featuredmedia":[{"embeddable":true,"href":"https:\/\/pizbube.ch\/en\/wp-json\/wp\/v2\/media\/29985"}],"wp:attachment":[{"href":"https:\/\/pizbube.ch\/en\/wp-json\/wp\/v2\/media?parent=151251"}],"wp:term":[{"taxonomy":"product_brand","embeddable":true,"href":"https:\/\/pizbube.ch\/en\/wp-json\/wp\/v2\/product_brand?post=151251"},{"taxonomy":"product_cat","embeddable":true,"href":"https:\/\/pizbube.ch\/en\/wp-json\/wp\/v2\/product_cat?post=151251"},{"taxonomy":"product_tag","embeddable":true,"href":"https:\/\/pizbube.ch\/en\/wp-json\/wp\/v2\/product_tag?post=151251"}],"curies":[{"name":"wp","href":"https:\/\/api.w.org\/{rel}","templated":true}]}}