{"id":151253,"date":"2021-01-15T11:59:53","date_gmt":"2021-01-15T11:59:53","guid":{"rendered":"https:\/\/codengine3.ch\/?product=import-placeholder-for-201254"},"modified":"2021-01-15T11:59:58","modified_gmt":"2021-01-15T11:59:58","slug":"traumberge-amerikas","status":"publish","type":"product","link":"https:\/\/pizbube.ch\/en\/shop\/traumberge-amerikas\/","title":{"rendered":"Traumberge Amerikas"},"content":{"rendered":"<p>Pr\u00e4sentiert 32 der sch\u00f6nsten hohen Berge der Neuen Welt: von den arktisnahen<br \/>\nEisriesen rund um den Mount McKinley bis zu der schwierigen Granitzinne Cerro<br \/>\nTorre im abgelegenen Patagonien. Dazwischen jede Menge attraktiver F\u00fcnf- und<br \/>\nSechstausender in den Cordilleren S\u00fcdamerikas &#8211; hochkar\u00e4tige Ziele f\u00fcr<br \/>\nambitionierte Gelegenheits- und erfahrene Expeditionsbergsteiger: Chimborazo,<br \/>\nAlpamayo, Huascaran, Illimani, Ojos del Salado und Aconcagua, um nur die<br \/>\nbekanntesten zu nennen. Anreise- und Anstiegsbeschreibungen werden illustriert<br \/>\ndurch eine Vielzahl farbiger Abbildungen sowie \u00e4u\u00dferst aufschlu\u00dfreiche<br \/>\n\u00dcbersichtskarten, mit deren Hilfe die individuelle Organisation einer<br \/>\nExpedition problemlos durchf\u00fchrbar ist. Erg\u00e4nzend hierzu wurde jedem Bergziel<br \/>\nein Informationskasten mit allem Wissenswerten zum jeweiligen Bergziel<br \/>\nbeigegeben.  <\/p>\n<p>Tourenliste:<br \/>\nAlaska \/ Kanada<br \/>\nMOUNT MCKINLEY, MOUNT FORAKER, MOUNT HUNTER, MOUNT SANFORD, MOUNT LOGAN<br \/>\nAnden:<br \/>\nEcuador<br \/>\nCOTOPAXI, CHIMBORAZO<br \/>\nPeru<br \/>\nALPAMAYO, HUANDOY NORTE, CHOPICALQUI, HUASCARAN, TOCLLARAJU, SALCANTAY,<br \/>\nCOROPUNA, AMPATO<br \/>\nBolivien<br \/>\nILLAMPU, ANCOHUMA, HUAYNA POTOSI, ILLIMANI, SAJAMA<br \/>\nChile<br \/>\nPARINACOTA, LLULLAILLACO, TRES CRUZES, OJOS DEL SALADO, INCAHUASI, TUPUNGATO,<br \/>\nMARMOLEJO<br \/>\nArgentinien<br \/>\nBONETE \/ PISSIS, MERCEDARIO, ACONCAGUA, CERRO TORRE  <\/p>","protected":false},"excerpt":{"rendered":"<p>Pr\u00e4sentiert 32 der sch\u00f6nsten hohen Berge der Neuen Welt: von den arktisnahen Eisriesen rund um den Mount McKinley bis zu der schwierigen Granitzinne Cerro Torre im abgelegenen Patagonien. Dazwischen jede Menge attraktiver F\u00fcnf- und Sechstausender in den Cordilleren S\u00fcdamerikas &#8211; hochkar\u00e4tige Ziele f\u00fcr ambitionierte Gelegenheits- und erfahrene Expeditionsbergsteiger: Chimborazo, Alpamayo, Huascaran, Illimani, Ojos del Salado [&#8230;]\n","protected":false},"featured_media":28545,"template":"","meta":[],"product_brand":[],"product_cat":[21544],"product_tag":[],"class_list":{"0":"post-151253","1":"product","2":"type-product","3":"status-publish","4":"has-post-thumbnail","6":"product_cat-fuehrerliteratur-alpin-sommer","7":"pa_autor-radehose","8":"pa_erscheinungsjahr-22144","9":"pa_region-amerika-sued","10":"pa_sprache-de","12":"first","13":"outofstock","14":"taxable","15":"shipping-taxable","16":"purchasable","17":"product-type-simple"},"_links":{"self":[{"href":"https:\/\/pizbube.ch\/en\/wp-json\/wp\/v2\/product\/151253","targetHints":{"allow":["GET"]}}],"collection":[{"href":"https:\/\/pizbube.ch\/en\/wp-json\/wp\/v2\/product"}],"about":[{"href":"https:\/\/pizbube.ch\/en\/wp-json\/wp\/v2\/types\/product"}],"wp:featuredmedia":[{"embeddable":true,"href":"https:\/\/pizbube.ch\/en\/wp-json\/wp\/v2\/media\/28545"}],"wp:attachment":[{"href":"https:\/\/pizbube.ch\/en\/wp-json\/wp\/v2\/media?parent=151253"}],"wp:term":[{"taxonomy":"product_brand","embeddable":true,"href":"https:\/\/pizbube.ch\/en\/wp-json\/wp\/v2\/product_brand?post=151253"},{"taxonomy":"product_cat","embeddable":true,"href":"https:\/\/pizbube.ch\/en\/wp-json\/wp\/v2\/product_cat?post=151253"},{"taxonomy":"product_tag","embeddable":true,"href":"https:\/\/pizbube.ch\/en\/wp-json\/wp\/v2\/product_tag?post=151253"}],"curies":[{"name":"wp","href":"https:\/\/api.w.org\/{rel}","templated":true}]}}