{"id":151254,"date":"2021-01-15T11:59:54","date_gmt":"2021-01-15T11:59:54","guid":{"rendered":"https:\/\/codengine3.ch\/?product=import-placeholder-for-204399"},"modified":"2021-01-15T14:32:50","modified_gmt":"2021-01-15T14:32:50","slug":"alexander-von-humboldt-ueber-einen-versuch-den-gipfel-des-chimborazo-zu-ersteigen","status":"publish","type":"product","link":"https:\/\/pizbube.ch\/en\/shop\/alexander-von-humboldt-ueber-einen-versuch-den-gipfel-des-chimborazo-zu-ersteigen\/","title":{"rendered":"Alexander von Humboldt. \u00dcber einen Versuch den Gipfel des Chimborazo zu ersteigen"},"content":{"rendered":"<p>Mit Alexander von Humboldt auf die eisigen H\u00f6hen des Chimborazo.<br \/>\nUnl\u00e4ngst wurde mit Donner und Aplomb der &#8218;erste Weltb\u00fcrger deutscher Herkunft&#8216;<br \/>\n(Frankfurter Rundschau) wiederentdeckt, dessen Leben und Denken ein Abenteuer<br \/>\nund eine Herausforderung waren und sind: Alexander von Humboldt. Aber wer war<br \/>\nHumboldt \u00fcberhaupt, was trieb ihn zu physischen H\u00f6chstleistungen wie der<br \/>\nwaghalsigen Erstbesteigung etwa des Chimborazo?  <\/p>\n<p>Oliver Lubrich und Otmar Ette liefern in diesem Band eine Einf\u00fchrung in das<br \/>\nLeben und Denken Humboldts. Und sie pr\u00e4sentieren dazu den erstmals vollst\u00e4ndig<br \/>\nedierten Schl\u00fcsseltext zu Alexander von Humboldts Expedition zum Chimborazo.<br \/>\nUnd als Weltneuheit: erstmalig die vollst\u00e4ndigen Tagebuchaufzeichnungen<br \/>\nHumboldts \u00fcber diese Expedition.  <\/p>","protected":false},"excerpt":{"rendered":"<p>Mit Alexander von Humboldt auf die eisigen H\u00f6hen des Chimborazo. Unl\u00e4ngst wurde mit Donner und Aplomb der &#8218;erste Weltb\u00fcrger deutscher Herkunft&#8216; (Frankfurter Rundschau) wiederentdeckt, dessen Leben und Denken ein Abenteuer und eine Herausforderung waren und sind: Alexander von Humboldt. Aber wer war Humboldt \u00fcberhaupt, was trieb ihn zu physischen H\u00f6chstleistungen wie der waghalsigen Erstbesteigung etwa [&#8230;]\n","protected":false},"featured_media":32261,"template":"","meta":[],"product_brand":[],"product_cat":[21542],"product_tag":[],"class_list":{"0":"post-151254","1":"product","2":"type-product","3":"status-publish","4":"has-post-thumbnail","6":"product_cat-sachbuecher-dokumentationen","7":"pa_autor-lubrich-ette","8":"pa_erscheinungsjahr-21763","9":"pa_region-amerika-sued","10":"pa_sprache-de","12":"first","13":"outofstock","14":"taxable","15":"shipping-taxable","16":"purchasable","17":"product-type-simple"},"_links":{"self":[{"href":"https:\/\/pizbube.ch\/en\/wp-json\/wp\/v2\/product\/151254","targetHints":{"allow":["GET"]}}],"collection":[{"href":"https:\/\/pizbube.ch\/en\/wp-json\/wp\/v2\/product"}],"about":[{"href":"https:\/\/pizbube.ch\/en\/wp-json\/wp\/v2\/types\/product"}],"wp:featuredmedia":[{"embeddable":true,"href":"https:\/\/pizbube.ch\/en\/wp-json\/wp\/v2\/media\/32261"}],"wp:attachment":[{"href":"https:\/\/pizbube.ch\/en\/wp-json\/wp\/v2\/media?parent=151254"}],"wp:term":[{"taxonomy":"product_brand","embeddable":true,"href":"https:\/\/pizbube.ch\/en\/wp-json\/wp\/v2\/product_brand?post=151254"},{"taxonomy":"product_cat","embeddable":true,"href":"https:\/\/pizbube.ch\/en\/wp-json\/wp\/v2\/product_cat?post=151254"},{"taxonomy":"product_tag","embeddable":true,"href":"https:\/\/pizbube.ch\/en\/wp-json\/wp\/v2\/product_tag?post=151254"}],"curies":[{"name":"wp","href":"https:\/\/api.w.org\/{rel}","templated":true}]}}