{"id":151258,"date":"2021-01-15T11:59:54","date_gmt":"2021-01-15T11:59:54","guid":{"rendered":"https:\/\/codengine3.ch\/?product=import-placeholder-for-203775"},"modified":"2021-01-15T14:26:27","modified_gmt":"2021-01-15T14:26:27","slug":"bergamasker-alpen","status":"publish","type":"product","link":"https:\/\/pizbube.ch\/en\/shop\/bergamasker-alpen\/","title":{"rendered":"Bergamasker Alpen"},"content":{"rendered":"<p>Die Bergamasker Alpen erstrecken sich vom Comer See im Westen bis hin zum Val<br \/>\nCamonica und zum Lago d&#8217;Iseo im Osten, im Norden werden sie durch das Veltlin,<br \/>\nim S\u00fcden durch die Poebene begrenzt. Gerade auch durch ihren geringen<br \/>\nBekanntheitsgrad diesseits der Alpen bieten die Bergamasker noch ungeahnte<br \/>\nEntdeckungs- und Entfaltungsm\u00f6glichkeiten.<br \/>\nDas Landschaftsbild reicht von lieblichen Voralpenh\u00f6hen \u00fcber k\u00fchne Felsnadeln<br \/>\nbis hin zur m\u00e4chtigen, teils vergletscherten lombardischen Gipfelwelt, die<br \/>\nimmerhin drei Dreitausender aufweisen kann. Jede einzelne Berggruppe der<br \/>\nBergamasker Alpen hat ihre Eigenheit und wird dementsprechend im Gebietsf\u00fchrer<br \/>\ngew\u00fcrdigt: die Zentralgruppe mit ihren wilden, teils vergletscherten Gipfeln,<br \/>\nTelenek- und Masonigruppe, Gruppo del Ponteranica und Gruppo del Tre Signori,<br \/>\ndie Legnonegruppe und die seenreiche Gruppo del Poris.<br \/>\n480 Seiten mit 21 Farb- und 9 Schwarz-Wei\u00df-Abbildungen; 10 farbige<br \/>\nKartenausschnitte im Ma\u00dfstab 1:50.000, eine \u00dcbersichtskarte im Ma\u00dfstab<br \/>\n1:100.000  <\/p>","protected":false},"excerpt":{"rendered":"<p>Die Bergamasker Alpen erstrecken sich vom Comer See im Westen bis hin zum Val Camonica und zum Lago d&#8217;Iseo im Osten, im Norden werden sie durch das Veltlin, im S\u00fcden durch die Poebene begrenzt. Gerade auch durch ihren geringen Bekanntheitsgrad diesseits der Alpen bieten die Bergamasker noch ungeahnte Entdeckungs- und Entfaltungsm\u00f6glichkeiten. Das Landschaftsbild reicht von [&#8230;]\n","protected":false},"featured_media":31452,"template":"","meta":[],"product_brand":[],"product_cat":[21544],"product_tag":[],"class_list":{"0":"post-151258","1":"product","2":"type-product","3":"status-publish","4":"has-post-thumbnail","6":"product_cat-fuehrerliteratur-alpin-sommer","7":"pa_autor-dumler","8":"pa_erscheinungsjahr-22154","9":"pa_region-italien","10":"pa_sprache-de","12":"first","13":"outofstock","14":"taxable","15":"shipping-taxable","16":"purchasable","17":"product-type-simple"},"_links":{"self":[{"href":"https:\/\/pizbube.ch\/en\/wp-json\/wp\/v2\/product\/151258","targetHints":{"allow":["GET"]}}],"collection":[{"href":"https:\/\/pizbube.ch\/en\/wp-json\/wp\/v2\/product"}],"about":[{"href":"https:\/\/pizbube.ch\/en\/wp-json\/wp\/v2\/types\/product"}],"wp:featuredmedia":[{"embeddable":true,"href":"https:\/\/pizbube.ch\/en\/wp-json\/wp\/v2\/media\/31452"}],"wp:attachment":[{"href":"https:\/\/pizbube.ch\/en\/wp-json\/wp\/v2\/media?parent=151258"}],"wp:term":[{"taxonomy":"product_brand","embeddable":true,"href":"https:\/\/pizbube.ch\/en\/wp-json\/wp\/v2\/product_brand?post=151258"},{"taxonomy":"product_cat","embeddable":true,"href":"https:\/\/pizbube.ch\/en\/wp-json\/wp\/v2\/product_cat?post=151258"},{"taxonomy":"product_tag","embeddable":true,"href":"https:\/\/pizbube.ch\/en\/wp-json\/wp\/v2\/product_tag?post=151258"}],"curies":[{"name":"wp","href":"https:\/\/api.w.org\/{rel}","templated":true}]}}