{"id":151259,"date":"2021-01-15T11:59:54","date_gmt":"2021-01-15T11:59:54","guid":{"rendered":"https:\/\/codengine3.ch\/?product=import-placeholder-for-203789"},"modified":"2023-04-05T11:51:24","modified_gmt":"2023-04-05T09:51:24","slug":"edolo-aprica-1-35-000","status":"publish","type":"product","link":"https:\/\/pizbube.ch\/en\/shop\/edolo-aprica-1-35-000\/","title":{"rendered":"Edolo Aprica 1: 35 000"},"content":{"rendered":"<p>KOMPASS Wanderkarte Edolo, Aprica, Ponte di Legno, Val Camonica. 1:35&#8217;000<br \/>\nWandern &#8211; Fahrradfahren &#8211; Skitouren<\/p>\n<p>Wander- Rad- und Skiroutenkarte. Beilage: Kurzf\u00fchrer. In Plastikh\u00fclle<br \/>\nKompass Karte 94<\/p>\n<p>Die 3in1 Wanderkarte ist jetzt noch \u00fcbersichtlicher und besser lesbar. Der<br \/>\nAktiv Guide informiert Sie rund um das Thema Outdoor und die kostenlose App<br \/>\nf\u00fcr unterwegs gibt es auch noch dazu. Das bildet die perfekte Grundlage f\u00fcr<br \/>\ndie Planung einer Wandertour. Die pr\u00e4zise Kartografie zeigt alle begehbaren<br \/>\nWanderwege inklusive Klassifizierung. Informationen wie Skitouren,<br \/>\nKlettersteige, Kinderspielpl\u00e4tze, H\u00fctten und vieles mehr sind in der Karte<br \/>\nebenfalls enthalten. Dank der rei\u00df- und wetterfesten Papierqualit\u00e4t ist die<br \/>\nKarte bei jedem Wetter ein treuer Begleiter.<\/p>","protected":false},"excerpt":{"rendered":"<p>KOMPASS Wanderkarte Edolo, Aprica, Ponte di Legno, Val Camonica. 1:35&#8217;000 Wandern &#8211; Fahrradfahren &#8211; Skitouren Wander- Rad- und Skiroutenkarte. Beilage: Kurzf\u00fchrer. In Plastikh\u00fclle Kompass Karte 94 Die 3in1 Wanderkarte ist jetzt noch \u00fcbersichtlicher und besser lesbar. Der Aktiv Guide informiert Sie rund um das Thema Outdoor und die kostenlose App f\u00fcr unterwegs gibt es auch [&#8230;]\n","protected":false},"featured_media":38544,"template":"","meta":[],"product_brand":[],"product_cat":[21543],"product_tag":[],"class_list":{"0":"post-151259","1":"product","2":"type-product","3":"status-publish","4":"has-post-thumbnail","6":"product_cat-landkarten","7":"pa_autor-kompass","8":"pa_erscheinungsjahr-21586","9":"pa_region-italien","10":"pa_sprache-de-it","12":"first","13":"instock","14":"taxable","15":"shipping-taxable","16":"purchasable","17":"product-type-simple"},"_links":{"self":[{"href":"https:\/\/pizbube.ch\/en\/wp-json\/wp\/v2\/product\/151259","targetHints":{"allow":["GET"]}}],"collection":[{"href":"https:\/\/pizbube.ch\/en\/wp-json\/wp\/v2\/product"}],"about":[{"href":"https:\/\/pizbube.ch\/en\/wp-json\/wp\/v2\/types\/product"}],"wp:featuredmedia":[{"embeddable":true,"href":"https:\/\/pizbube.ch\/en\/wp-json\/wp\/v2\/media\/38544"}],"wp:attachment":[{"href":"https:\/\/pizbube.ch\/en\/wp-json\/wp\/v2\/media?parent=151259"}],"wp:term":[{"taxonomy":"product_brand","embeddable":true,"href":"https:\/\/pizbube.ch\/en\/wp-json\/wp\/v2\/product_brand?post=151259"},{"taxonomy":"product_cat","embeddable":true,"href":"https:\/\/pizbube.ch\/en\/wp-json\/wp\/v2\/product_cat?post=151259"},{"taxonomy":"product_tag","embeddable":true,"href":"https:\/\/pizbube.ch\/en\/wp-json\/wp\/v2\/product_tag?post=151259"}],"curies":[{"name":"wp","href":"https:\/\/api.w.org\/{rel}","templated":true}]}}