{"id":151266,"date":"2021-01-15T11:59:54","date_gmt":"2021-01-15T11:59:54","guid":{"rendered":"https:\/\/codengine3.ch\/?product=import-placeholder-for-204132"},"modified":"2021-07-01T12:19:43","modified_gmt":"2021-07-01T10:19:43","slug":"swiss-singletrail-map-20-buendner-oberland-150000","status":"publish","type":"product","link":"https:\/\/pizbube.ch\/en\/shop\/swiss-singletrail-map-20-buendner-oberland-150000\/","title":{"rendered":"Swiss Singletrail Map 20 B\u00fcndner Oberland 1:50&#8217;000"},"content":{"rendered":"<p>Das Kartenblatt B\u00fcndner Oberland umfasst die untere Serselva mit Ilanz, Laax<br \/>\nund Flims im Zentrum. Sie enth\u00e4lt Singletrail-Highlights wie den Runca-Trail,<br \/>\ndie Alp-Mora-Tour, die Rheinschlucht (Ruinaulta), der Glaspass oder den Piz<br \/>\nMundaun<\/p>\n<p>Das detailliert aufbereitete Routennetz f\u00fcr Mountainbiker ist eingeteilt in<br \/>\nvier Schwierigkeitsgrade (einfach; mittel; schwierig; extrem), zudem ist die<br \/>\nWegbeschaffenheit erkennbar (Singletrail, Kiesweg, Asphaltstrasse). Damit sind<br \/>\ndie Karten f\u00fcr Anf\u00e4nger wie auch f\u00fcr versierte Freerider geeignet. Alle<br \/>\nSingletrail Maps sind auf ein reiss- und wasserfestes Spezialpapier gedruckt<br \/>\nund basieren auf dem Kartenmassstab 1:50\u00b4000.<\/p>\n<p>Auf der R\u00fcckseite sind die jeweils zehn attraktivsten Routen der Region<br \/>\nausf\u00fchrlich beschrieben. Abdeckung: Brigels, Ilanz, Val Lumnezia, Ilanz,<br \/>\nFlims, Laax, Falera, Reichenau, Tamins, Bonaduz, Safiental Inhalt: Routennetz<br \/>\nf\u00fcr Mountainbiker, Bikeshops, Bahnh\u00f6fe, Spit\u00e4ler, Highlights Routenbeschriebe:<br \/>\nAlp Mora, Caumasee, Runca-Trail, Piz Mundaun, Flim-Rheinschlucht, Vorab,<br \/>\nGlaspass, Glaspass-Tom\u00fclpass, Marathon Lumenzia, Lag da Pigniu<\/p>","protected":false},"excerpt":{"rendered":"<p>Das Kartenblatt B\u00fcndner Oberland umfasst die untere Serselva mit Ilanz, Laax und Flims im Zentrum. Sie enth\u00e4lt Singletrail-Highlights wie den Runca-Trail, die Alp-Mora-Tour, die Rheinschlucht (Ruinaulta), der Glaspass oder den Piz Mundaun Das detailliert aufbereitete Routennetz f\u00fcr Mountainbiker ist eingeteilt in vier Schwierigkeitsgrade (einfach; mittel; schwierig; extrem), zudem ist die Wegbeschaffenheit erkennbar (Singletrail, Kiesweg, Asphaltstrasse). [&#8230;]\n","protected":false},"featured_media":32686,"template":"","meta":[],"product_brand":[],"product_cat":[21543],"product_tag":[],"class_list":{"0":"post-151266","1":"product","2":"type-product","3":"status-publish","4":"has-post-thumbnail","6":"product_cat-landkarten","7":"pa_autor-ssp","8":"pa_erscheinungsjahr-21574","9":"pa_region-schweiz","10":"pa_sprache-de-en","12":"first","13":"outofstock","14":"taxable","15":"shipping-taxable","16":"purchasable","17":"product-type-simple"},"_links":{"self":[{"href":"https:\/\/pizbube.ch\/en\/wp-json\/wp\/v2\/product\/151266","targetHints":{"allow":["GET"]}}],"collection":[{"href":"https:\/\/pizbube.ch\/en\/wp-json\/wp\/v2\/product"}],"about":[{"href":"https:\/\/pizbube.ch\/en\/wp-json\/wp\/v2\/types\/product"}],"wp:featuredmedia":[{"embeddable":true,"href":"https:\/\/pizbube.ch\/en\/wp-json\/wp\/v2\/media\/32686"}],"wp:attachment":[{"href":"https:\/\/pizbube.ch\/en\/wp-json\/wp\/v2\/media?parent=151266"}],"wp:term":[{"taxonomy":"product_brand","embeddable":true,"href":"https:\/\/pizbube.ch\/en\/wp-json\/wp\/v2\/product_brand?post=151266"},{"taxonomy":"product_cat","embeddable":true,"href":"https:\/\/pizbube.ch\/en\/wp-json\/wp\/v2\/product_cat?post=151266"},{"taxonomy":"product_tag","embeddable":true,"href":"https:\/\/pizbube.ch\/en\/wp-json\/wp\/v2\/product_tag?post=151266"}],"curies":[{"name":"wp","href":"https:\/\/api.w.org\/{rel}","templated":true}]}}