{"id":151267,"date":"2021-01-15T11:59:54","date_gmt":"2021-01-15T11:59:54","guid":{"rendered":"https:\/\/codengine3.ch\/?product=import-placeholder-for-206133"},"modified":"2021-01-15T14:46:39","modified_gmt":"2021-01-15T14:46:39","slug":"singletrail-map-24-oberengadin","status":"publish","type":"product","link":"https:\/\/pizbube.ch\/en\/shop\/singletrail-map-24-oberengadin\/","title":{"rendered":"Singletrail Map 24: Oberengadin"},"content":{"rendered":"<p>Abdeckung: Castasegna (Bergell), Maloja, Silvaplana, St. Moritz, Celerina,<br \/>\nSamedan,<br \/>\nBever, Pontresina, Berninapass, Poschiavo, Alp Flix  <\/p>\n<p>Inhalt: Routennetz f\u00fcr Mountainbiker, Bikeshops, Bahnh\u00f6fe, Spit\u00e4ler,<br \/>\nHighlights  <\/p>\n<p>Routenbeschriebe: Septimerpass, Lej Cavloc, Val Fex, Fuorcla Surlej, Val<br \/>\nRoseg, Trais Fluors, Bernina-Alp Gr\u00fcm-Poschiavo, Bernina-La R\u00f6da-Poschiavo,<br \/>\nSelva-Trail, Bahnentour St. Moritz  <\/p>\n<p>Aktuelle Auflage: 2015<br \/>\nSprache: deutsch\/englisch<\/p>","protected":false},"excerpt":{"rendered":"<p>Abdeckung: Castasegna (Bergell), Maloja, Silvaplana, St. Moritz, Celerina, Samedan, Bever, Pontresina, Berninapass, Poschiavo, Alp Flix Inhalt: Routennetz f\u00fcr Mountainbiker, Bikeshops, Bahnh\u00f6fe, Spit\u00e4ler, Highlights Routenbeschriebe: Septimerpass, Lej Cavloc, Val Fex, Fuorcla Surlej, Val Roseg, Trais Fluors, Bernina-Alp Gr\u00fcm-Poschiavo, Bernina-La R\u00f6da-Poschiavo, Selva-Trail, Bahnentour St. Moritz Aktuelle Auflage: 2015 Sprache: deutsch\/englisch<\/p>","protected":false},"featured_media":39739,"template":"","meta":[],"product_brand":[],"product_cat":[21543],"product_tag":[],"class_list":{"0":"post-151267","1":"product","2":"type-product","3":"status-publish","4":"has-post-thumbnail","6":"product_cat-landkarten","7":"pa_autor-ssp","8":"pa_erscheinungsjahr-21597","9":"pa_region-schweiz","10":"pa_sprache-de-en","12":"first","13":"instock","14":"taxable","15":"shipping-taxable","16":"purchasable","17":"product-type-simple"},"_links":{"self":[{"href":"https:\/\/pizbube.ch\/en\/wp-json\/wp\/v2\/product\/151267","targetHints":{"allow":["GET"]}}],"collection":[{"href":"https:\/\/pizbube.ch\/en\/wp-json\/wp\/v2\/product"}],"about":[{"href":"https:\/\/pizbube.ch\/en\/wp-json\/wp\/v2\/types\/product"}],"wp:featuredmedia":[{"embeddable":true,"href":"https:\/\/pizbube.ch\/en\/wp-json\/wp\/v2\/media\/39739"}],"wp:attachment":[{"href":"https:\/\/pizbube.ch\/en\/wp-json\/wp\/v2\/media?parent=151267"}],"wp:term":[{"taxonomy":"product_brand","embeddable":true,"href":"https:\/\/pizbube.ch\/en\/wp-json\/wp\/v2\/product_brand?post=151267"},{"taxonomy":"product_cat","embeddable":true,"href":"https:\/\/pizbube.ch\/en\/wp-json\/wp\/v2\/product_cat?post=151267"},{"taxonomy":"product_tag","embeddable":true,"href":"https:\/\/pizbube.ch\/en\/wp-json\/wp\/v2\/product_tag?post=151267"}],"curies":[{"name":"wp","href":"https:\/\/api.w.org\/{rel}","templated":true}]}}