{"id":151268,"date":"2021-01-15T11:59:54","date_gmt":"2021-01-15T11:59:54","guid":{"rendered":"https:\/\/codengine3.ch\/?product=import-placeholder-for-203699"},"modified":"2021-01-15T14:25:47","modified_gmt":"2021-01-15T14:25:47","slug":"mountainbikeguide-engadin","status":"publish","type":"product","link":"https:\/\/pizbube.ch\/en\/shop\/mountainbikeguide-engadin\/","title":{"rendered":"MountainBikeGuide Engadin"},"content":{"rendered":"<p>Vor der einzigartigen Bergkulisse des Engadin, das Zentrum der r\u00e4toromanischen<br \/>\nKultur und das \u00f6stlichste Teilgebiet des Kanton Graub\u00fcnden, finden Sie 31<br \/>\nexakt beschriebene und klassifizierte Mountainbike-Touren. Die Routen sind auf<br \/>\nvier Teilregionen aufgeteilt und lassen unterschiedlichste Zielgruppen auf<br \/>\nihre Kosten kommen. Textseite mit Datenblock, H\u00f6henprofil, Kartenseite;<br \/>\nRingheftung, 170 S.  <\/p>","protected":false},"excerpt":{"rendered":"<p>Vor der einzigartigen Bergkulisse des Engadin, das Zentrum der r\u00e4toromanischen Kultur und das \u00f6stlichste Teilgebiet des Kanton Graub\u00fcnden, finden Sie 31 exakt beschriebene und klassifizierte Mountainbike-Touren. Die Routen sind auf vier Teilregionen aufgeteilt und lassen unterschiedlichste Zielgruppen auf ihre Kosten kommen. Textseite mit Datenblock, H\u00f6henprofil, Kartenseite; Ringheftung, 170 S.<\/p>","protected":false},"featured_media":31361,"template":"","meta":[],"product_brand":[],"product_cat":[21606],"product_tag":[],"class_list":{"0":"post-151268","1":"product","2":"type-product","3":"status-publish","4":"has-post-thumbnail","6":"product_cat-mountainbikefuehrer","7":"pa_autor-esterbauer","8":"pa_erscheinungsjahr-21920","9":"pa_region-schweiz","10":"pa_sprache-d","11":"pa_sprache-i","13":"first","14":"outofstock","15":"taxable","16":"shipping-taxable","17":"purchasable","18":"product-type-simple"},"_links":{"self":[{"href":"https:\/\/pizbube.ch\/en\/wp-json\/wp\/v2\/product\/151268","targetHints":{"allow":["GET"]}}],"collection":[{"href":"https:\/\/pizbube.ch\/en\/wp-json\/wp\/v2\/product"}],"about":[{"href":"https:\/\/pizbube.ch\/en\/wp-json\/wp\/v2\/types\/product"}],"wp:featuredmedia":[{"embeddable":true,"href":"https:\/\/pizbube.ch\/en\/wp-json\/wp\/v2\/media\/31361"}],"wp:attachment":[{"href":"https:\/\/pizbube.ch\/en\/wp-json\/wp\/v2\/media?parent=151268"}],"wp:term":[{"taxonomy":"product_brand","embeddable":true,"href":"https:\/\/pizbube.ch\/en\/wp-json\/wp\/v2\/product_brand?post=151268"},{"taxonomy":"product_cat","embeddable":true,"href":"https:\/\/pizbube.ch\/en\/wp-json\/wp\/v2\/product_cat?post=151268"},{"taxonomy":"product_tag","embeddable":true,"href":"https:\/\/pizbube.ch\/en\/wp-json\/wp\/v2\/product_tag?post=151268"}],"curies":[{"name":"wp","href":"https:\/\/api.w.org\/{rel}","templated":true}]}}