{"id":151269,"date":"2021-01-15T11:59:55","date_gmt":"2021-01-15T11:59:55","guid":{"rendered":"https:\/\/codengine3.ch\/?product=import-placeholder-for-203729"},"modified":"2021-01-15T14:26:04","modified_gmt":"2021-01-15T14:26:04","slug":"mountainbikeguide-vinschgau-suedtirol","status":"publish","type":"product","link":"https:\/\/pizbube.ch\/en\/shop\/mountainbikeguide-vinschgau-suedtirol\/","title":{"rendered":"MountainBikeGuide Vinschgau S\u00fcdtirol"},"content":{"rendered":"<p>Atemberaubende Gebirgspanoramen, saftig gr\u00fcne Almwiesen, stille und erholsame<br \/>\nWaldfl\u00e4chen, wundervolle Ausblicke auf das Tal des Vinschgaus, schmucke<br \/>\nBergd\u00f6rfer und kulturelle Highlights sowie kulinarische Gen\u00fcsse zu all dem<br \/>\nl\u00e4dt Sie die sonnige Region des Vinschgau ein. Schwingen Sie sich aufs Bike<br \/>\nund entdecken Sie mit uns die landschaftlichen Sch\u00f6nheiten dieser Region, auf<br \/>\nausgedehnten Forstwegen und anspruchsvollen Trails.<br \/>\nDieses handliche Ringbuch mit herausnehmbaren Tourenbl\u00e4ttern pr\u00e4sentiert<br \/>\npr\u00e4zise Karten im Ma\u00dfstab 1:35.000, \u00fcbersichtliche H\u00f6henprofile, verl\u00e4ssliche<br \/>\nWegebeschreibungen und Kurzinfos zum kulturellen und touristischen Angebot<br \/>\ninklusive \u00dcbernachtungs- adressen der Region.  <\/p>","protected":false},"excerpt":{"rendered":"<p>Atemberaubende Gebirgspanoramen, saftig gr\u00fcne Almwiesen, stille und erholsame Waldfl\u00e4chen, wundervolle Ausblicke auf das Tal des Vinschgaus, schmucke Bergd\u00f6rfer und kulturelle Highlights sowie kulinarische Gen\u00fcsse zu all dem l\u00e4dt Sie die sonnige Region des Vinschgau ein. Schwingen Sie sich aufs Bike und entdecken Sie mit uns die landschaftlichen Sch\u00f6nheiten dieser Region, auf ausgedehnten Forstwegen und anspruchsvollen [&#8230;]\n","protected":false},"featured_media":31397,"template":"","meta":[],"product_brand":[],"product_cat":[21606],"product_tag":[],"class_list":{"0":"post-151269","1":"product","2":"type-product","3":"status-publish","4":"has-post-thumbnail","6":"product_cat-mountainbikefuehrer","7":"pa_autor-esterbauer","8":"pa_erscheinungsjahr-21776","9":"pa_region-italien","10":"pa_sprache-de","12":"first","13":"outofstock","14":"taxable","15":"shipping-taxable","16":"purchasable","17":"product-type-simple"},"_links":{"self":[{"href":"https:\/\/pizbube.ch\/en\/wp-json\/wp\/v2\/product\/151269","targetHints":{"allow":["GET"]}}],"collection":[{"href":"https:\/\/pizbube.ch\/en\/wp-json\/wp\/v2\/product"}],"about":[{"href":"https:\/\/pizbube.ch\/en\/wp-json\/wp\/v2\/types\/product"}],"wp:featuredmedia":[{"embeddable":true,"href":"https:\/\/pizbube.ch\/en\/wp-json\/wp\/v2\/media\/31397"}],"wp:attachment":[{"href":"https:\/\/pizbube.ch\/en\/wp-json\/wp\/v2\/media?parent=151269"}],"wp:term":[{"taxonomy":"product_brand","embeddable":true,"href":"https:\/\/pizbube.ch\/en\/wp-json\/wp\/v2\/product_brand?post=151269"},{"taxonomy":"product_cat","embeddable":true,"href":"https:\/\/pizbube.ch\/en\/wp-json\/wp\/v2\/product_cat?post=151269"},{"taxonomy":"product_tag","embeddable":true,"href":"https:\/\/pizbube.ch\/en\/wp-json\/wp\/v2\/product_tag?post=151269"}],"curies":[{"name":"wp","href":"https:\/\/api.w.org\/{rel}","templated":true}]}}