{"id":151270,"date":"2021-01-15T11:59:55","date_gmt":"2021-01-15T11:59:55","guid":{"rendered":"https:\/\/codengine3.ch\/?product=import-placeholder-for-204158"},"modified":"2021-01-15T14:30:23","modified_gmt":"2021-01-15T14:30:23","slug":"mountainbike-erlebnis-schweizer-alpen-ost-band-9","status":"publish","type":"product","link":"https:\/\/pizbube.ch\/en\/shop\/mountainbike-erlebnis-schweizer-alpen-ost-band-9\/","title":{"rendered":"Mountainbike Erlebnis Schweizer Alpen Ost Band 9"},"content":{"rendered":"<p>\nUnvergessliche Bikeerlebnisse vom Z\u00fcrichsee durch die Zentralschweizer- und<br \/>\ndie B\u00fcndneralpen in die Sonnenstube der Schweiz, dem Tessin.  <\/p>\n<p>Der neunte Band in der Reihe Mountainbike Erlebnis beschreibt f\u00fcnf mehrt\u00e4gige<br \/>\nAlpen-\u00dcberquerungen im \u00f6stlichen Teil der Schweiz.<\/p>\n<p>Beschrieben sind:<br \/>\nOstschweizer Alpencross, Transalp Grischun, Giro del Ticino, Silvretta<br \/>\nUmrundung, Grosse Nationalparkrunde<br \/>\n256 S. \/ 180 Abb.  <\/p>","protected":false},"excerpt":{"rendered":"<p>Unvergessliche Bikeerlebnisse vom Z\u00fcrichsee durch die Zentralschweizer- und die B\u00fcndneralpen in die Sonnenstube der Schweiz, dem Tessin. Der neunte Band in der Reihe Mountainbike Erlebnis beschreibt f\u00fcnf mehrt\u00e4gige Alpen-\u00dcberquerungen im \u00f6stlichen Teil der Schweiz. Beschrieben sind: Ostschweizer Alpencross, Transalp Grischun, Giro del Ticino, Silvretta Umrundung, Grosse Nationalparkrunde 256 S. \/ 180 Abb.<\/p>","protected":false},"featured_media":31929,"template":"","meta":[],"product_brand":[],"product_cat":[21606],"product_tag":[],"class_list":{"0":"post-151270","1":"product","2":"type-product","3":"status-publish","4":"has-post-thumbnail","6":"product_cat-mountainbikefuehrer","7":"pa_autor-eggenberger","8":"pa_erscheinungsjahr-21763","9":"pa_region-schweiz","10":"pa_sprache-de","12":"first","13":"instock","14":"taxable","15":"shipping-taxable","16":"purchasable","17":"product-type-simple"},"_links":{"self":[{"href":"https:\/\/pizbube.ch\/en\/wp-json\/wp\/v2\/product\/151270","targetHints":{"allow":["GET"]}}],"collection":[{"href":"https:\/\/pizbube.ch\/en\/wp-json\/wp\/v2\/product"}],"about":[{"href":"https:\/\/pizbube.ch\/en\/wp-json\/wp\/v2\/types\/product"}],"wp:featuredmedia":[{"embeddable":true,"href":"https:\/\/pizbube.ch\/en\/wp-json\/wp\/v2\/media\/31929"}],"wp:attachment":[{"href":"https:\/\/pizbube.ch\/en\/wp-json\/wp\/v2\/media?parent=151270"}],"wp:term":[{"taxonomy":"product_brand","embeddable":true,"href":"https:\/\/pizbube.ch\/en\/wp-json\/wp\/v2\/product_brand?post=151270"},{"taxonomy":"product_cat","embeddable":true,"href":"https:\/\/pizbube.ch\/en\/wp-json\/wp\/v2\/product_cat?post=151270"},{"taxonomy":"product_tag","embeddable":true,"href":"https:\/\/pizbube.ch\/en\/wp-json\/wp\/v2\/product_tag?post=151270"}],"curies":[{"name":"wp","href":"https:\/\/api.w.org\/{rel}","templated":true}]}}