{"id":151271,"date":"2021-01-15T11:59:55","date_gmt":"2021-01-15T11:59:55","guid":{"rendered":"https:\/\/codengine3.ch\/?product=import-placeholder-for-203374"},"modified":"2021-01-15T14:22:37","modified_gmt":"2021-01-15T14:22:37","slug":"swiss-singletrail-map-22-mittelbuenden-150-000","status":"publish","type":"product","link":"https:\/\/pizbube.ch\/en\/shop\/swiss-singletrail-map-22-mittelbuenden-150-000\/","title":{"rendered":"Swiss Singletrail Map 22 Mittelb\u00fcnden 1:50 000"},"content":{"rendered":"<p>Abdeckung: Landquart, Chur, Flims, Bonaduz, Thusis, Lenzerheide, Tiefencastel,<br \/>\nSavognin, Via Mala, Safiental  <\/p>\n<p>Inhalt: Routennetz f\u00fcr Mountainbiker, Bikeshops, Bahnh\u00f6fe, Spit\u00e4ler,<br \/>\nHighlights<br \/>\nRoutenbeschriebe: Dreib\u00fcndenstein, Alp Raschil, Churer Joch, Calandah\u00fctte,<br \/>\nKunkelspass, Urdenf\u00fcrggli, Stams-Mittagplatte, Scalottas, Alp Mora, Glaspass  <\/p>\n<p>Aktuelle Auflage: 2017<br \/>\nSprache: deutsch\/englisch  <\/p>","protected":false},"excerpt":{"rendered":"<p>Abdeckung: Landquart, Chur, Flims, Bonaduz, Thusis, Lenzerheide, Tiefencastel, Savognin, Via Mala, Safiental Inhalt: Routennetz f\u00fcr Mountainbiker, Bikeshops, Bahnh\u00f6fe, Spit\u00e4ler, Highlights Routenbeschriebe: Dreib\u00fcndenstein, Alp Raschil, Churer Joch, Calandah\u00fctte, Kunkelspass, Urdenf\u00fcrggli, Stams-Mittagplatte, Scalottas, Alp Mora, Glaspass Aktuelle Auflage: 2017 Sprache: deutsch\/englisch<\/p>","protected":false},"featured_media":33234,"template":"","meta":[],"product_brand":[],"product_cat":[21543],"product_tag":[],"class_list":{"0":"post-151271","1":"product","2":"type-product","3":"status-publish","4":"has-post-thumbnail","6":"product_cat-landkarten","7":"pa_autor-ssp","8":"pa_erscheinungsjahr-21574","9":"pa_region-schweiz","10":"pa_sprache-de","12":"first","13":"outofstock","14":"taxable","15":"shipping-taxable","16":"purchasable","17":"product-type-simple"},"_links":{"self":[{"href":"https:\/\/pizbube.ch\/en\/wp-json\/wp\/v2\/product\/151271","targetHints":{"allow":["GET"]}}],"collection":[{"href":"https:\/\/pizbube.ch\/en\/wp-json\/wp\/v2\/product"}],"about":[{"href":"https:\/\/pizbube.ch\/en\/wp-json\/wp\/v2\/types\/product"}],"wp:featuredmedia":[{"embeddable":true,"href":"https:\/\/pizbube.ch\/en\/wp-json\/wp\/v2\/media\/33234"}],"wp:attachment":[{"href":"https:\/\/pizbube.ch\/en\/wp-json\/wp\/v2\/media?parent=151271"}],"wp:term":[{"taxonomy":"product_brand","embeddable":true,"href":"https:\/\/pizbube.ch\/en\/wp-json\/wp\/v2\/product_brand?post=151271"},{"taxonomy":"product_cat","embeddable":true,"href":"https:\/\/pizbube.ch\/en\/wp-json\/wp\/v2\/product_cat?post=151271"},{"taxonomy":"product_tag","embeddable":true,"href":"https:\/\/pizbube.ch\/en\/wp-json\/wp\/v2\/product_tag?post=151271"}],"curies":[{"name":"wp","href":"https:\/\/api.w.org\/{rel}","templated":true}]}}