{"id":151272,"date":"2021-01-15T11:59:55","date_gmt":"2021-01-15T11:59:55","guid":{"rendered":"https:\/\/codengine3.ch\/?product=import-placeholder-for-202881"},"modified":"2021-01-15T12:40:08","modified_gmt":"2021-01-15T12:40:08","slug":"mittelbuenden-bike-explorer","status":"publish","type":"product","link":"https:\/\/pizbube.ch\/en\/shop\/mittelbuenden-bike-explorer\/","title":{"rendered":"Mittelb\u00fcnden Bike Explorer"},"content":{"rendered":"<p>Mit der CD-ROM werden Touren individuell geplant, berechnet und H\u00f6henprofile<br \/>\nerstellt. Zus\u00e4tzlich sind die 24 sch\u00f6nsten Rundtouren der Region beschrieben<br \/>\nund mit zahlreichen Fotos und Videos illustriert.  <\/p>\n<p>Auf der wasser- und reissfesten Karte befinden sich die sch\u00f6nsten Bikerouten<br \/>\nMittelb\u00fcndens.  <\/p>\n<p>Systemvoraussetzung ist ein Browser (Netscape-Navigator, Internet-<br \/>\nExplorer&#8230;.), welcher auf den neuen Computern bereits standardm\u00e4ssig<br \/>\ninstalliert ist. Somit ist die CD-ROM Systemunabh\u00e4ngig und l\u00e4uft auf Windows-<br \/>\nPC und auf Mac.<\/p>","protected":false},"excerpt":{"rendered":"<p>Mit der CD-ROM werden Touren individuell geplant, berechnet und H\u00f6henprofile erstellt. Zus\u00e4tzlich sind die 24 sch\u00f6nsten Rundtouren der Region beschrieben und mit zahlreichen Fotos und Videos illustriert. Auf der wasser- und reissfesten Karte befinden sich die sch\u00f6nsten Bikerouten Mittelb\u00fcndens. Systemvoraussetzung ist ein Browser (Netscape-Navigator, Internet- Explorer&#8230;.), welcher auf den neuen Computern bereits standardm\u00e4ssig installiert ist. [&#8230;]\n","protected":false},"featured_media":30351,"template":"","meta":[],"product_brand":[],"product_cat":[21606],"product_tag":[],"class_list":{"0":"post-151272","1":"product","2":"type-product","3":"status-publish","4":"has-post-thumbnail","6":"product_cat-mountainbikefuehrer","7":"pa_autor-schierle","8":"pa_erscheinungsjahr-22242","9":"pa_region-schweiz","10":"pa_sprache-de","12":"first","13":"instock","14":"taxable","15":"shipping-taxable","16":"purchasable","17":"product-type-simple"},"_links":{"self":[{"href":"https:\/\/pizbube.ch\/en\/wp-json\/wp\/v2\/product\/151272","targetHints":{"allow":["GET"]}}],"collection":[{"href":"https:\/\/pizbube.ch\/en\/wp-json\/wp\/v2\/product"}],"about":[{"href":"https:\/\/pizbube.ch\/en\/wp-json\/wp\/v2\/types\/product"}],"wp:featuredmedia":[{"embeddable":true,"href":"https:\/\/pizbube.ch\/en\/wp-json\/wp\/v2\/media\/30351"}],"wp:attachment":[{"href":"https:\/\/pizbube.ch\/en\/wp-json\/wp\/v2\/media?parent=151272"}],"wp:term":[{"taxonomy":"product_brand","embeddable":true,"href":"https:\/\/pizbube.ch\/en\/wp-json\/wp\/v2\/product_brand?post=151272"},{"taxonomy":"product_cat","embeddable":true,"href":"https:\/\/pizbube.ch\/en\/wp-json\/wp\/v2\/product_cat?post=151272"},{"taxonomy":"product_tag","embeddable":true,"href":"https:\/\/pizbube.ch\/en\/wp-json\/wp\/v2\/product_tag?post=151272"}],"curies":[{"name":"wp","href":"https:\/\/api.w.org\/{rel}","templated":true}]}}