{"id":151274,"date":"2021-01-15T11:59:55","date_gmt":"2021-01-15T11:59:55","guid":{"rendered":"https:\/\/codengine3.ch\/?product=import-placeholder-for-208718"},"modified":"2024-12-04T15:38:52","modified_gmt":"2024-12-04T14:38:52","slug":"singletrail-book-03-oberengadin-puschlav-bergell","status":"publish","type":"product","link":"https:\/\/pizbube.ch\/en\/shop\/singletrail-book-03-oberengadin-puschlav-bergell\/","title":{"rendered":"Ride Trail Book : Oberengadin &#8211; Puschlav &#8211; Bergell"},"content":{"rendered":"<p>Das \u00abRide Trail Book Oberengadin\u00bb enth\u00e4lt die 25 besten Mountainbike-Touren zwischen Chiavenna, St. Moritz und Tirano. Sie sind detailliert aufbereitet und mit der integrierten Karte gut nachzufahren.<\/p>\n<p>Das gesamte Buch ist zweisprachig in Deutsch und Englisch aufgebaut. Zu den 25 besten Mountainbike-Touren der Region Oberengadin \u2013 Puschlav \u2013 Bergell geh\u00f6ren Klassiker wie die verschiedenen Routen \u00fcber den Suvrettapass, die Bahnentour Engadin St. Moritz, die Panoramatour zur Es-cha-H\u00fctte, die preisgekr\u00f6nte Route \u00fcber den Berninapass nach Poschiavo, der Col d\u2019Anzana oder die Tornantissima im Veltlin. Von den \u00abRide Trail Books\u00bb gibt es weitere B\u00e4nde f\u00fcr diverse Regionen.<\/p>\n<p>160 Seiten<\/p>","protected":false},"excerpt":{"rendered":"<p>Das \u00abRide Trail Book Oberengadin\u00bb enth\u00e4lt die 25 besten Mountainbike-Touren zwischen Chiavenna, St. Moritz und Tirano. Sie sind detailliert aufbereitet und mit der integrierten Karte gut nachzufahren. Das gesamte Buch ist zweisprachig in Deutsch und Englisch aufgebaut. Zu den 25 besten Mountainbike-Touren der Region Oberengadin \u2013 Puschlav \u2013 Bergell geh\u00f6ren Klassiker wie die verschiedenen Routen [&#8230;]\n","protected":false},"featured_media":177499,"template":"","meta":[],"product_brand":[],"product_cat":[21606],"product_tag":[27515],"class_list":{"0":"post-151274","1":"product","2":"type-product","3":"status-publish","4":"has-post-thumbnail","6":"product_cat-mountainbikefuehrer","7":"product_tag-singletrail-book-03","8":"pa_autor-giger","9":"pa_erscheinungsjahr-27129","10":"pa_region-schweiz","11":"pa_sprache-de-en","13":"first","14":"instock","15":"taxable","16":"shipping-taxable","17":"purchasable","18":"product-type-simple"},"_links":{"self":[{"href":"https:\/\/pizbube.ch\/en\/wp-json\/wp\/v2\/product\/151274","targetHints":{"allow":["GET"]}}],"collection":[{"href":"https:\/\/pizbube.ch\/en\/wp-json\/wp\/v2\/product"}],"about":[{"href":"https:\/\/pizbube.ch\/en\/wp-json\/wp\/v2\/types\/product"}],"wp:featuredmedia":[{"embeddable":true,"href":"https:\/\/pizbube.ch\/en\/wp-json\/wp\/v2\/media\/177499"}],"wp:attachment":[{"href":"https:\/\/pizbube.ch\/en\/wp-json\/wp\/v2\/media?parent=151274"}],"wp:term":[{"taxonomy":"product_brand","embeddable":true,"href":"https:\/\/pizbube.ch\/en\/wp-json\/wp\/v2\/product_brand?post=151274"},{"taxonomy":"product_cat","embeddable":true,"href":"https:\/\/pizbube.ch\/en\/wp-json\/wp\/v2\/product_cat?post=151274"},{"taxonomy":"product_tag","embeddable":true,"href":"https:\/\/pizbube.ch\/en\/wp-json\/wp\/v2\/product_tag?post=151274"}],"curies":[{"name":"wp","href":"https:\/\/api.w.org\/{rel}","templated":true}]}}