{"id":151275,"date":"2021-01-15T11:59:55","date_gmt":"2021-01-15T11:59:55","guid":{"rendered":"https:\/\/codengine3.ch\/?product=import-placeholder-for-201259"},"modified":"2022-10-06T14:01:05","modified_gmt":"2022-10-06T12:01:05","slug":"mountainbike-erlebnis-ostschweiz-und-vorarlberg","status":"publish","type":"product","link":"https:\/\/pizbube.ch\/en\/shop\/mountainbike-erlebnis-ostschweiz-und-vorarlberg\/","title":{"rendered":"Mountainbike- Erlebnis Ostschweiz und Vorarlberg"},"content":{"rendered":"<p>Appenzell bis Glarnerland:<br \/>\nDie 40 sch\u00f6nsten Rundtouren. Unvergessliche Bike-Erlebnisse zwischen Bodensee und Gl\u00e4rnisch.<\/p>\n<p>Der zweite Band in der Reihe Mountainbike Erlebnis beschreibt die 40 sch\u00f6nsten<br \/>\nRundtouren in der Ostschweiz und im angrenzenden Vorarlberg<\/p>\n<p>192 S. \/ ca. 26 Abb. \/ 41 Routenskizzen mit H\u00f6henprofil<\/p>","protected":false},"excerpt":{"rendered":"<p>Appenzell bis Glarnerland: Die 40 sch\u00f6nsten Rundtouren. Unvergessliche Bike-Erlebnisse zwischen Bodensee und Gl\u00e4rnisch. Der zweite Band in der Reihe Mountainbike Erlebnis beschreibt die 40 sch\u00f6nsten Rundtouren in der Ostschweiz und im angrenzenden Vorarlberg 192 S. \/ ca. 26 Abb. \/ 41 Routenskizzen mit H\u00f6henprofil<\/p>","protected":false},"featured_media":28550,"template":"","meta":[],"product_brand":[],"product_cat":[21606],"product_tag":[],"class_list":{"0":"post-151275","1":"product","2":"type-product","3":"status-publish","4":"has-post-thumbnail","6":"product_cat-mountainbikefuehrer","7":"pa_autor-eggenberger","8":"pa_erscheinungsjahr-22292","9":"pa_region-schweiz","10":"pa_sprache-de","12":"first","13":"onbackorder","14":"taxable","15":"shipping-taxable","16":"purchasable","17":"product-type-simple"},"_links":{"self":[{"href":"https:\/\/pizbube.ch\/en\/wp-json\/wp\/v2\/product\/151275","targetHints":{"allow":["GET"]}}],"collection":[{"href":"https:\/\/pizbube.ch\/en\/wp-json\/wp\/v2\/product"}],"about":[{"href":"https:\/\/pizbube.ch\/en\/wp-json\/wp\/v2\/types\/product"}],"wp:featuredmedia":[{"embeddable":true,"href":"https:\/\/pizbube.ch\/en\/wp-json\/wp\/v2\/media\/28550"}],"wp:attachment":[{"href":"https:\/\/pizbube.ch\/en\/wp-json\/wp\/v2\/media?parent=151275"}],"wp:term":[{"taxonomy":"product_brand","embeddable":true,"href":"https:\/\/pizbube.ch\/en\/wp-json\/wp\/v2\/product_brand?post=151275"},{"taxonomy":"product_cat","embeddable":true,"href":"https:\/\/pizbube.ch\/en\/wp-json\/wp\/v2\/product_cat?post=151275"},{"taxonomy":"product_tag","embeddable":true,"href":"https:\/\/pizbube.ch\/en\/wp-json\/wp\/v2\/product_tag?post=151275"}],"curies":[{"name":"wp","href":"https:\/\/api.w.org\/{rel}","templated":true}]}}