{"id":151281,"date":"2021-01-15T11:59:55","date_gmt":"2021-01-15T11:59:55","guid":{"rendered":"https:\/\/codengine3.ch\/?product=import-placeholder-for-207114"},"modified":"2021-01-15T14:55:14","modified_gmt":"2021-01-15T14:55:14","slug":"tessin-auf-zwei-raedern","status":"publish","type":"product","link":"https:\/\/pizbube.ch\/en\/shop\/tessin-auf-zwei-raedern\/","title":{"rendered":"Tessin auf zwei R\u00e4dern"},"content":{"rendered":"<p>26 neue Mountainbike-Touren erz\u00e4hlt in einem fotografischen Tagebuch.  <\/p>\n<p>Format 23,5 x 26,5 cm, 178 ss.<br \/>\nmit spektakul\u00e4ren Fotos auf Doppelseite,<br \/>\ndetaillierte dreidimensionale Landkarten und zusammenfassende Datenbl\u00e4tter.  <\/p>\n<p>`Unsere Talfahrt geht noch weiter, durch W\u00e4lder und Lichtungen. Wir besuchen<br \/>\nMaiens\u00e4sse, zerfallene St\u00e4lle, von Farnkraut und Birken besetzte Weiden.<br \/>\nPl\u00f6tzlich weitet sich unser Blickfeld. Rund um uns erscheinen tausend Berge,<br \/>\ntausend andere Herausf\u00f6rderungen erwarten uns: Wann wird es wieder Fr\u00fchling?`  <\/p>","protected":false},"excerpt":{"rendered":"<p>26 neue Mountainbike-Touren erz\u00e4hlt in einem fotografischen Tagebuch. Format 23,5 x 26,5 cm, 178 ss. mit spektakul\u00e4ren Fotos auf Doppelseite, detaillierte dreidimensionale Landkarten und zusammenfassende Datenbl\u00e4tter. `Unsere Talfahrt geht noch weiter, durch W\u00e4lder und Lichtungen. Wir besuchen Maiens\u00e4sse, zerfallene St\u00e4lle, von Farnkraut und Birken besetzte Weiden. Pl\u00f6tzlich weitet sich unser Blickfeld. Rund um uns erscheinen [&#8230;]\n","protected":false},"featured_media":36722,"template":"","meta":[],"product_brand":[],"product_cat":[21606],"product_tag":[],"class_list":{"0":"post-151281","1":"product","2":"type-product","3":"status-publish","4":"has-post-thumbnail","6":"product_cat-mountainbikefuehrer","7":"pa_autor-cerini","8":"pa_erscheinungsjahr-21591","9":"pa_region-schweiz","10":"pa_sprache-de","12":"first","13":"instock","14":"taxable","15":"shipping-taxable","16":"purchasable","17":"product-type-simple"},"_links":{"self":[{"href":"https:\/\/pizbube.ch\/en\/wp-json\/wp\/v2\/product\/151281","targetHints":{"allow":["GET"]}}],"collection":[{"href":"https:\/\/pizbube.ch\/en\/wp-json\/wp\/v2\/product"}],"about":[{"href":"https:\/\/pizbube.ch\/en\/wp-json\/wp\/v2\/types\/product"}],"wp:featuredmedia":[{"embeddable":true,"href":"https:\/\/pizbube.ch\/en\/wp-json\/wp\/v2\/media\/36722"}],"wp:attachment":[{"href":"https:\/\/pizbube.ch\/en\/wp-json\/wp\/v2\/media?parent=151281"}],"wp:term":[{"taxonomy":"product_brand","embeddable":true,"href":"https:\/\/pizbube.ch\/en\/wp-json\/wp\/v2\/product_brand?post=151281"},{"taxonomy":"product_cat","embeddable":true,"href":"https:\/\/pizbube.ch\/en\/wp-json\/wp\/v2\/product_cat?post=151281"},{"taxonomy":"product_tag","embeddable":true,"href":"https:\/\/pizbube.ch\/en\/wp-json\/wp\/v2\/product_tag?post=151281"}],"curies":[{"name":"wp","href":"https:\/\/api.w.org\/{rel}","templated":true}]}}