{"id":151285,"date":"2021-01-15T11:59:56","date_gmt":"2021-01-15T11:59:56","guid":{"rendered":"https:\/\/codengine3.ch\/?product=import-placeholder-for-203981"},"modified":"2021-01-15T14:28:34","modified_gmt":"2021-01-15T14:28:34","slug":"mein-leben-taschenbuchausgabe","status":"publish","type":"product","link":"https:\/\/pizbube.ch\/en\/shop\/mein-leben-taschenbuchausgabe\/","title":{"rendered":"Mein Leben (Taschenbuchausgabe)"},"content":{"rendered":"<p>\nHeinrich Harrer, Lehrer, und Vertrauter des Dalai Lama, Wissenschaftler und<br \/>\nAbenteurer zugleich, schildert in seiner breit angelegten Autobiographie seine<br \/>\nlegend\u00e4ren Expeditionen, die ihn nach S\u00fcdamerika, Afrika und Asien f\u00fchrten.<br \/>\nRespekt und Verst\u00e4ndnis f\u00fcr andere Kulturen waren Leitmotiv seines Lebens als<br \/>\nForscher.  <\/p>\n<p>Ein faszinierender R\u00fcckblick auf ein Leben, in dem er sich von einer<br \/>\nprivateren Seite zeigt als in seinen fr\u00fcheren B\u00fcchern.  <\/p>\n<p>4. Auflg. Farb., s\/w. Fotos. 571 S.<\/p>","protected":false},"excerpt":{"rendered":"<p>Heinrich Harrer, Lehrer, und Vertrauter des Dalai Lama, Wissenschaftler und Abenteurer zugleich, schildert in seiner breit angelegten Autobiographie seine legend\u00e4ren Expeditionen, die ihn nach S\u00fcdamerika, Afrika und Asien f\u00fchrten. Respekt und Verst\u00e4ndnis f\u00fcr andere Kulturen waren Leitmotiv seines Lebens als Forscher. Ein faszinierender R\u00fcckblick auf ein Leben, in dem er sich von einer privateren Seite [&#8230;]\n","protected":false},"featured_media":31707,"template":"","meta":[],"product_brand":[],"product_cat":[21542],"product_tag":[],"class_list":{"0":"post-151285","1":"product","2":"type-product","3":"status-publish","4":"has-post-thumbnail","6":"product_cat-sachbuecher-dokumentationen","7":"pa_autor-harrer","8":"pa_erscheinungsjahr-21591","9":"pa_region-deutschland","10":"pa_sprache-de","12":"first","13":"instock","14":"taxable","15":"shipping-taxable","16":"purchasable","17":"product-type-simple"},"_links":{"self":[{"href":"https:\/\/pizbube.ch\/en\/wp-json\/wp\/v2\/product\/151285","targetHints":{"allow":["GET"]}}],"collection":[{"href":"https:\/\/pizbube.ch\/en\/wp-json\/wp\/v2\/product"}],"about":[{"href":"https:\/\/pizbube.ch\/en\/wp-json\/wp\/v2\/types\/product"}],"wp:featuredmedia":[{"embeddable":true,"href":"https:\/\/pizbube.ch\/en\/wp-json\/wp\/v2\/media\/31707"}],"wp:attachment":[{"href":"https:\/\/pizbube.ch\/en\/wp-json\/wp\/v2\/media?parent=151285"}],"wp:term":[{"taxonomy":"product_brand","embeddable":true,"href":"https:\/\/pizbube.ch\/en\/wp-json\/wp\/v2\/product_brand?post=151285"},{"taxonomy":"product_cat","embeddable":true,"href":"https:\/\/pizbube.ch\/en\/wp-json\/wp\/v2\/product_cat?post=151285"},{"taxonomy":"product_tag","embeddable":true,"href":"https:\/\/pizbube.ch\/en\/wp-json\/wp\/v2\/product_tag?post=151285"}],"curies":[{"name":"wp","href":"https:\/\/api.w.org\/{rel}","templated":true}]}}