{"id":151288,"date":"2021-01-15T12:00:01","date_gmt":"2021-01-15T12:00:01","guid":{"rendered":"https:\/\/codengine3.ch\/?product=import-placeholder-for-204977"},"modified":"2021-01-15T14:37:45","modified_gmt":"2021-01-15T14:37:45","slug":"trentino-rad-und-mtb-fuehrer","status":"publish","type":"product","link":"https:\/\/pizbube.ch\/en\/shop\/trentino-rad-und-mtb-fuehrer\/","title":{"rendered":"Trentino Rad- und MTB-F\u00fchrer"},"content":{"rendered":"<p>Hier sind die sch\u00f6nsten Radtouren zu finden. S\u00e4mtliche im Gebiet bekannten<br \/>\nRadwege und die empfehlenswerten Routen sind in den KOMPASS-Radkarten<br \/>\nverzeichnet. Alle Stra\u00dfenklassen sind ber\u00fccksichtigt, Fahrradverleih und<br \/>\nServicestellen d\u00fcrfen nat\u00fcrlich nicht fehlen. Auch f\u00fcr Sehensw\u00fcrdigkeiten und<br \/>\nEntspannung entlang der Route bleibt Platz: Schl\u00f6sser, Kirchen, Museen, B\u00e4der,<br \/>\nGolfpl\u00e4tze, Wildparks etc.<\/p>","protected":false},"excerpt":{"rendered":"<p>Hier sind die sch\u00f6nsten Radtouren zu finden. S\u00e4mtliche im Gebiet bekannten Radwege und die empfehlenswerten Routen sind in den KOMPASS-Radkarten verzeichnet. Alle Stra\u00dfenklassen sind ber\u00fccksichtigt, Fahrradverleih und Servicestellen d\u00fcrfen nat\u00fcrlich nicht fehlen. Auch f\u00fcr Sehensw\u00fcrdigkeiten und Entspannung entlang der Route bleibt Platz: Schl\u00f6sser, Kirchen, Museen, B\u00e4der, Golfpl\u00e4tze, Wildparks etc.<\/p>","protected":false},"featured_media":33544,"template":"","meta":[],"product_brand":[],"product_cat":[21606],"product_tag":[],"class_list":{"0":"post-151288","1":"product","2":"type-product","3":"status-publish","4":"has-post-thumbnail","6":"product_cat-mountainbikefuehrer","7":"pa_autor-delama-kompass","8":"pa_erscheinungsjahr-21763","9":"pa_region-italien","10":"pa_sprache-de","12":"first","13":"outofstock","14":"taxable","15":"shipping-taxable","16":"purchasable","17":"product-type-simple"},"_links":{"self":[{"href":"https:\/\/pizbube.ch\/en\/wp-json\/wp\/v2\/product\/151288","targetHints":{"allow":["GET"]}}],"collection":[{"href":"https:\/\/pizbube.ch\/en\/wp-json\/wp\/v2\/product"}],"about":[{"href":"https:\/\/pizbube.ch\/en\/wp-json\/wp\/v2\/types\/product"}],"wp:featuredmedia":[{"embeddable":true,"href":"https:\/\/pizbube.ch\/en\/wp-json\/wp\/v2\/media\/33544"}],"wp:attachment":[{"href":"https:\/\/pizbube.ch\/en\/wp-json\/wp\/v2\/media?parent=151288"}],"wp:term":[{"taxonomy":"product_brand","embeddable":true,"href":"https:\/\/pizbube.ch\/en\/wp-json\/wp\/v2\/product_brand?post=151288"},{"taxonomy":"product_cat","embeddable":true,"href":"https:\/\/pizbube.ch\/en\/wp-json\/wp\/v2\/product_cat?post=151288"},{"taxonomy":"product_tag","embeddable":true,"href":"https:\/\/pizbube.ch\/en\/wp-json\/wp\/v2\/product_tag?post=151288"}],"curies":[{"name":"wp","href":"https:\/\/api.w.org\/{rel}","templated":true}]}}