{"id":151290,"date":"2021-01-15T12:00:01","date_gmt":"2021-01-15T12:00:01","guid":{"rendered":"https:\/\/codengine3.ch\/?product=import-placeholder-for-202711"},"modified":"2021-01-15T12:38:40","modified_gmt":"2021-01-15T12:38:40","slug":"hueslers-klettersteigfuehrer-gardasee-trentiner-bergen-monti-lessini-und-brenta","status":"publish","type":"product","link":"https:\/\/pizbube.ch\/en\/shop\/hueslers-klettersteigfuehrer-gardasee-trentiner-bergen-monti-lessini-und-brenta\/","title":{"rendered":"H\u00fcslers Klettersteigf\u00fchrer Gardasee Trentiner Bergen, Monti Lessini und Brenta"},"content":{"rendered":"<p>Alle Vie ferrate: Trentiner Berge, Monti Lessini und Brenta  <\/p>\n<p>Die komplett \u00fcberarbeitete und erweiterte Ausgabe 2008 des beliebten<br \/>\nTourenf\u00fchrers stellt alle Klettersteige am Gardasee, im S\u00fcdtiroler Unterland,<br \/>\nden Trentiner Voralpen, am Pasubio, den Monti Lessini und der Brenta vor.<br \/>\nS\u00e4mtliche Touren wurden aktuell von Klettersteig-Spezialist Eugen E. H\u00fcsler<br \/>\nrecherchiert und die Infos auf den neuesten Stand gebracht. Detaillierte<br \/>\nInfok\u00e4sten erm\u00f6glichen den gewohnt schnellen \u00dcberblick.  <\/p>","protected":false},"excerpt":{"rendered":"<p>Alle Vie ferrate: Trentiner Berge, Monti Lessini und Brenta Die komplett \u00fcberarbeitete und erweiterte Ausgabe 2008 des beliebten Tourenf\u00fchrers stellt alle Klettersteige am Gardasee, im S\u00fcdtiroler Unterland, den Trentiner Voralpen, am Pasubio, den Monti Lessini und der Brenta vor. S\u00e4mtliche Touren wurden aktuell von Klettersteig-Spezialist Eugen E. H\u00fcsler recherchiert und die Infos auf den neuesten [&#8230;]\n","protected":false},"featured_media":30148,"template":"","meta":[],"product_brand":[],"product_cat":[21544],"product_tag":[],"class_list":{"0":"post-151290","1":"product","2":"type-product","3":"status-publish","4":"has-post-thumbnail","6":"product_cat-fuehrerliteratur-alpin-sommer","7":"pa_autor-huesler","8":"pa_erscheinungsjahr-21591","9":"pa_region-italien","10":"pa_sprache-de","12":"first","13":"outofstock","14":"taxable","15":"shipping-taxable","16":"purchasable","17":"product-type-simple"},"_links":{"self":[{"href":"https:\/\/pizbube.ch\/en\/wp-json\/wp\/v2\/product\/151290","targetHints":{"allow":["GET"]}}],"collection":[{"href":"https:\/\/pizbube.ch\/en\/wp-json\/wp\/v2\/product"}],"about":[{"href":"https:\/\/pizbube.ch\/en\/wp-json\/wp\/v2\/types\/product"}],"wp:featuredmedia":[{"embeddable":true,"href":"https:\/\/pizbube.ch\/en\/wp-json\/wp\/v2\/media\/30148"}],"wp:attachment":[{"href":"https:\/\/pizbube.ch\/en\/wp-json\/wp\/v2\/media?parent=151290"}],"wp:term":[{"taxonomy":"product_brand","embeddable":true,"href":"https:\/\/pizbube.ch\/en\/wp-json\/wp\/v2\/product_brand?post=151290"},{"taxonomy":"product_cat","embeddable":true,"href":"https:\/\/pizbube.ch\/en\/wp-json\/wp\/v2\/product_cat?post=151290"},{"taxonomy":"product_tag","embeddable":true,"href":"https:\/\/pizbube.ch\/en\/wp-json\/wp\/v2\/product_tag?post=151290"}],"curies":[{"name":"wp","href":"https:\/\/api.w.org\/{rel}","templated":true}]}}