{"id":151295,"date":"2021-01-15T12:00:01","date_gmt":"2021-01-15T12:00:01","guid":{"rendered":"https:\/\/codengine3.ch\/?product=import-placeholder-for-205072"},"modified":"2021-01-15T14:38:27","modified_gmt":"2021-01-15T14:38:27","slug":"les-horizons-gagnes-dvd","status":"publish","type":"product","link":"https:\/\/pizbube.ch\/en\/shop\/les-horizons-gagnes-dvd\/","title":{"rendered":"Les Horizons gagn\u00e9s DVD"},"content":{"rendered":"<p>Grandes ascensions aux c\u00f4t\u00e9s de Gaston R\u00e9buffat.<br \/>\nUn film tourn\u00e9 en 1974.  <\/p>\n<p>Un des plus c\u00e9l\u00e8bres guides de haute montagne, Gaston R\u00e9buffat a partag\u00e9 sa<br \/>\nvie entre les plus hautes cimes du monde et l&#8217;\u00e9criture de livres et de films<br \/>\nqui ont tous connu un succ\u00e8s consid\u00e9rable.  <\/p>\n<p>Il a trac\u00e9, souvent avec ses clients, des voies prestigieuses dans les Alpes.<br \/>\nIl a \u00e9galement contribu\u00e9 au succ\u00e8s de l&#8217;exp\u00e9dition fran\u00e7aise \u00e0 l&#8217;ANNAPURNA, en<br \/>\n1950, conduite par Maurice Herzog.  <\/p>\n<p>Au-del\u00e0 de l&#8217;exploit, toute l&#8217;oeuvre de GASTON R\u00c9BUFFAT nous convie \u00e0 une<br \/>\ngrande le\u00e7on de volont\u00e9 collective et de fraternit\u00e9 qui nous est dispens\u00e9e par<br \/>\ndes hommes solidaires, encord\u00e9s et &#8218;accord\u00e9s&#8216; \u00e0 la nature qui les \u00e9merveille.  <\/p>\n<p>Un film tourn\u00e9 en 1974. Images Ren\u00e9 Vernadet, avec Gaston R\u00e9buffat, Edwin<br \/>\nMattews, Jean Juge, Konrad Krich, Lino Donvito, Massulu Suzuki et Christian<br \/>\nRingeval.  <\/p>\n<p>SOMMAIRE :<br \/>\n1. Introduction<br \/>\n2. Edwin Mathews : La Meije (Oisan)<br \/>\n3. Jean Juge : Travers\u00e9e des Aiguilles de Chamonix<br \/>\n4. Lino Donvito : Torre di Valojet (Dolomites)<br \/>\n5. Massulu Suzuki : Ar\u00eates de Rochefort (Massif du Mont-Blanc)<br \/>\n6. Christian Ringeval : Face Nord du Vignemale<br \/>\n7. Konrad Kirch : Grand Capucin (Massif du Mont-Blanc)  <\/p>\n<p>BONUS :<br \/>\nBiographie de Gaston R\u00e9buffat<br \/>\nLes 22 photos de montagne les plus spectaculaires de Gaston R\u00e9buffat.  <\/p>\n<p>DVD 90 minutes, Version fran\u00e7aise  <\/p>","protected":false},"excerpt":{"rendered":"<ul>\n<li><a href=\"https:\/\/youtu.be\/zlNQ1Tv8JI0\" target=\"_blank\" rel=\"noopener\">Video: Trailer Les Horizons Gagn\u00e9s <\/a><\/li>\n<\/ul>","protected":false},"featured_media":33668,"template":"","meta":[],"product_brand":[],"product_cat":[21628],"product_tag":[],"class_list":{"0":"post-151295","1":"product","2":"type-product","3":"status-publish","4":"has-post-thumbnail","6":"product_cat-video-dvd-multimedia","7":"pa_autor-rebuffat","8":"pa_erscheinungsjahr-2007-1974","9":"pa_region-frankreich","10":"pa_sprache-fr","12":"first","13":"instock","14":"taxable","15":"shipping-taxable","16":"purchasable","17":"product-type-simple"},"_links":{"self":[{"href":"https:\/\/pizbube.ch\/en\/wp-json\/wp\/v2\/product\/151295","targetHints":{"allow":["GET"]}}],"collection":[{"href":"https:\/\/pizbube.ch\/en\/wp-json\/wp\/v2\/product"}],"about":[{"href":"https:\/\/pizbube.ch\/en\/wp-json\/wp\/v2\/types\/product"}],"wp:featuredmedia":[{"embeddable":true,"href":"https:\/\/pizbube.ch\/en\/wp-json\/wp\/v2\/media\/33668"}],"wp:attachment":[{"href":"https:\/\/pizbube.ch\/en\/wp-json\/wp\/v2\/media?parent=151295"}],"wp:term":[{"taxonomy":"product_brand","embeddable":true,"href":"https:\/\/pizbube.ch\/en\/wp-json\/wp\/v2\/product_brand?post=151295"},{"taxonomy":"product_cat","embeddable":true,"href":"https:\/\/pizbube.ch\/en\/wp-json\/wp\/v2\/product_cat?post=151295"},{"taxonomy":"product_tag","embeddable":true,"href":"https:\/\/pizbube.ch\/en\/wp-json\/wp\/v2\/product_tag?post=151295"}],"curies":[{"name":"wp","href":"https:\/\/api.w.org\/{rel}","templated":true}]}}