{"id":151301,"date":"2021-01-15T12:00:02","date_gmt":"2021-01-15T12:00:02","guid":{"rendered":"https:\/\/codengine3.ch\/?product=import-placeholder-for-203745"},"modified":"2023-08-12T09:32:53","modified_gmt":"2023-08-12T07:32:53","slug":"engadin-die-schoensten-wanderungen","status":"publish","type":"product","link":"https:\/\/pizbube.ch\/en\/shop\/engadin-die-schoensten-wanderungen\/","title":{"rendered":"Engadin Die sch\u00f6nsten Wanderungen"},"content":{"rendered":"<p>Natur, Kunst, Kultur. In diesem F\u00fchrer beschreibt Luca Merisio sehr detailliert 45 der sch\u00f6nsten, von ihm ausgew\u00e4hlten Wanderrouten und ordnet sie nach landschaftlichen Gesichtspunkten. Man kommt von den bekannten Gegenden des Oberengadins ins ebenso faszinierende Unterengadin und auch in die Seitent\u00e4ler Bergell, Puschlav, M\u00fcnstertal, Samnaun.<\/p>\n<p>F\u00fcr jedes Teilgebiet gibt Luca Merisio umfassende Informationen \u00fcber Sport, Kunst, Kultur und Erholung, \u00fcber alles was einen Aufenthalt im Engadin einzigartig und vollkommen macht. Dem Band sind 15 neu erstellte Wanderkarten im Massstab 1:50.000 beigef\u00fcgt.<br \/>\n(2. Auflg. 2007)<\/p>","protected":false},"excerpt":{"rendered":"<p>Natur, Kunst, Kultur. In diesem F\u00fchrer beschreibt Luca Merisio sehr detailliert 45 der sch\u00f6nsten, von ihm ausgew\u00e4hlten Wanderrouten und ordnet sie nach landschaftlichen Gesichtspunkten. Man kommt von den bekannten Gegenden des Oberengadins ins ebenso faszinierende Unterengadin und auch in die Seitent\u00e4ler Bergell, Puschlav, M\u00fcnstertal, Samnaun. F\u00fcr jedes Teilgebiet gibt Luca Merisio umfassende Informationen \u00fcber Sport, [&#8230;]\n","protected":false},"featured_media":31419,"template":"","meta":[],"product_brand":[],"product_cat":[21605],"product_tag":[],"class_list":{"0":"post-151301","1":"product","2":"type-product","3":"status-publish","4":"has-post-thumbnail","6":"product_cat-wanderfuehrer-trekking","7":"pa_autor-merisio","8":"pa_erscheinungsjahr-21830","9":"pa_region-schweiz","10":"pa_sprache-de","12":"first","13":"outofstock","14":"taxable","15":"shipping-taxable","16":"purchasable","17":"product-type-simple"},"_links":{"self":[{"href":"https:\/\/pizbube.ch\/en\/wp-json\/wp\/v2\/product\/151301","targetHints":{"allow":["GET"]}}],"collection":[{"href":"https:\/\/pizbube.ch\/en\/wp-json\/wp\/v2\/product"}],"about":[{"href":"https:\/\/pizbube.ch\/en\/wp-json\/wp\/v2\/types\/product"}],"wp:featuredmedia":[{"embeddable":true,"href":"https:\/\/pizbube.ch\/en\/wp-json\/wp\/v2\/media\/31419"}],"wp:attachment":[{"href":"https:\/\/pizbube.ch\/en\/wp-json\/wp\/v2\/media?parent=151301"}],"wp:term":[{"taxonomy":"product_brand","embeddable":true,"href":"https:\/\/pizbube.ch\/en\/wp-json\/wp\/v2\/product_brand?post=151301"},{"taxonomy":"product_cat","embeddable":true,"href":"https:\/\/pizbube.ch\/en\/wp-json\/wp\/v2\/product_cat?post=151301"},{"taxonomy":"product_tag","embeddable":true,"href":"https:\/\/pizbube.ch\/en\/wp-json\/wp\/v2\/product_tag?post=151301"}],"curies":[{"name":"wp","href":"https:\/\/api.w.org\/{rel}","templated":true}]}}