{"id":151305,"date":"2021-01-15T12:00:02","date_gmt":"2021-01-15T12:00:02","guid":{"rendered":"https:\/\/codengine3.ch\/?product=import-placeholder-for-208391"},"modified":"2024-02-01T17:28:07","modified_gmt":"2024-02-01T16:28:07","slug":"le-verdon-a-pied","status":"publish","type":"product","link":"https:\/\/pizbube.ch\/en\/shop\/le-verdon-a-pied\/","title":{"rendered":"Le Verdon&#8230; \u00e0 pied"},"content":{"rendered":"<p>Le Verdon s&#8217;\u00e9tire d&#8217;est en ouest entre Var et Alpes-de-Haute-Provence. Il<br \/>\ntraverse une vaste zone de moyenne montagne jalonn\u00e9e d&#8217;agglom\u00e9rations perch\u00e9es<br \/>\nsur les reliefs ou install\u00e9es au cour du plateau de Valensole.<\/p>\n<p>Longer la rivi\u00e8re, c&#8217;est d\u00e9couvrir des paysages rares : escarpements<br \/>\nenr\u00e9sin\u00e9s, eaux vertes des lacs de barrages, chaos rocheux, falaises et<br \/>\ncanyons vertigineux, s\u00e9r\u00e9nit\u00e9 des collines, oliviers et lavandes \u00e0 perte de<br \/>\nvue.<\/p>\n<p>Les marcheurs sportifs et entra\u00een\u00e9s appr\u00e9cieront le c\u00e9l\u00e8bre sentier Martel,<br \/>\nqui descend au fond du Grand Canyon. Les familles aimeront fl\u00e2ner dans les<br \/>\nruelles et autours des antiques cit\u00e9s de Castellane, Riez et Moustiers-Sainte-<br \/>\nMarie.<\/p>","protected":false},"excerpt":{"rendered":"<p>Le Verdon s&#8217;\u00e9tire d&#8217;est en ouest entre Var et Alpes-de-Haute-Provence. Il traverse une vaste zone de moyenne montagne jalonn\u00e9e d&#8217;agglom\u00e9rations perch\u00e9es sur les reliefs ou install\u00e9es au cour du plateau de Valensole. Longer la rivi\u00e8re, c&#8217;est d\u00e9couvrir des paysages rares : escarpements enr\u00e9sin\u00e9s, eaux vertes des lacs de barrages, chaos rocheux, falaises et canyons vertigineux, [&#8230;]\n","protected":false},"featured_media":171459,"template":"","meta":[],"product_brand":[],"product_cat":[21605],"product_tag":[],"class_list":{"0":"post-151305","1":"product","2":"type-product","3":"status-publish","4":"has-post-thumbnail","6":"product_cat-wanderfuehrer-trekking","7":"pa_autor-ffr","8":"pa_erscheinungsjahr-21586","9":"pa_region-frankreich","10":"pa_sprache-fr","12":"first","13":"onbackorder","14":"taxable","15":"shipping-taxable","16":"purchasable","17":"product-type-simple"},"_links":{"self":[{"href":"https:\/\/pizbube.ch\/en\/wp-json\/wp\/v2\/product\/151305","targetHints":{"allow":["GET"]}}],"collection":[{"href":"https:\/\/pizbube.ch\/en\/wp-json\/wp\/v2\/product"}],"about":[{"href":"https:\/\/pizbube.ch\/en\/wp-json\/wp\/v2\/types\/product"}],"wp:featuredmedia":[{"embeddable":true,"href":"https:\/\/pizbube.ch\/en\/wp-json\/wp\/v2\/media\/171459"}],"wp:attachment":[{"href":"https:\/\/pizbube.ch\/en\/wp-json\/wp\/v2\/media?parent=151305"}],"wp:term":[{"taxonomy":"product_brand","embeddable":true,"href":"https:\/\/pizbube.ch\/en\/wp-json\/wp\/v2\/product_brand?post=151305"},{"taxonomy":"product_cat","embeddable":true,"href":"https:\/\/pizbube.ch\/en\/wp-json\/wp\/v2\/product_cat?post=151305"},{"taxonomy":"product_tag","embeddable":true,"href":"https:\/\/pizbube.ch\/en\/wp-json\/wp\/v2\/product_tag?post=151305"}],"curies":[{"name":"wp","href":"https:\/\/api.w.org\/{rel}","templated":true}]}}