{"id":151306,"date":"2021-01-15T12:00:02","date_gmt":"2021-01-15T12:00:02","guid":{"rendered":"https:\/\/codengine3.ch\/?product=import-placeholder-for-206158"},"modified":"2021-01-15T14:46:52","modified_gmt":"2021-01-15T14:46:52","slug":"escalades-en-chartreuse","status":"publish","type":"product","link":"https:\/\/pizbube.ch\/en\/shop\/escalades-en-chartreuse\/","title":{"rendered":"Escalades en Chartreuse"},"content":{"rendered":"<p>Et ce livre pr\u00e9sente l&#8217;avantage d&#8217;\u00eatre exhaustif, si faire se peut.<br \/>\nOn y trouvera donc les grandes voies historiques et les voies modernes, le<br \/>\ntout agr\u00e9ment\u00e9 de trac\u00e9s sur photo.<br \/>\nLes voies en rouge sont sur pitons ou non \u00e9quip\u00e9es, celles en bleu sont sur<br \/>\nspits.<br \/>\nEt on est loin de voir beaucoup de bleu! Consid\u00e9r\u00e9 comme la mise \u00e0 jour du<br \/>\nlivre de Serge Coup\u00e9, ce livre de Julien Bourdat et Yannick Gu\u00e9rillot devient<br \/>\nla r\u00e9f\u00e9rence incontournable de l&#8217;escalade en Chartreuse. Il est bienvenu.<\/p>","protected":false},"excerpt":{"rendered":"<p>Et ce livre pr\u00e9sente l&#8217;avantage d&#8217;\u00eatre exhaustif, si faire se peut. On y trouvera donc les grandes voies historiques et les voies modernes, le tout agr\u00e9ment\u00e9 de trac\u00e9s sur photo. Les voies en rouge sont sur pitons ou non \u00e9quip\u00e9es, celles en bleu sont sur spits. Et on est loin de voir beaucoup de bleu! [&#8230;]\n","protected":false},"featured_media":35097,"template":"","meta":[],"product_brand":[],"product_cat":[21539],"product_tag":[],"class_list":{"0":"post-151306","1":"product","2":"type-product","3":"status-publish","4":"has-post-thumbnail","6":"product_cat-fuehrerliteratur-sportklettern-bouldern","7":"pa_autor-bourdat-guerillot","8":"pa_erscheinungsjahr-21830","9":"pa_region-frankreich","10":"pa_sprache-fr","12":"first","13":"instock","14":"taxable","15":"shipping-taxable","16":"purchasable","17":"product-type-simple"},"_links":{"self":[{"href":"https:\/\/pizbube.ch\/en\/wp-json\/wp\/v2\/product\/151306","targetHints":{"allow":["GET"]}}],"collection":[{"href":"https:\/\/pizbube.ch\/en\/wp-json\/wp\/v2\/product"}],"about":[{"href":"https:\/\/pizbube.ch\/en\/wp-json\/wp\/v2\/types\/product"}],"wp:featuredmedia":[{"embeddable":true,"href":"https:\/\/pizbube.ch\/en\/wp-json\/wp\/v2\/media\/35097"}],"wp:attachment":[{"href":"https:\/\/pizbube.ch\/en\/wp-json\/wp\/v2\/media?parent=151306"}],"wp:term":[{"taxonomy":"product_brand","embeddable":true,"href":"https:\/\/pizbube.ch\/en\/wp-json\/wp\/v2\/product_brand?post=151306"},{"taxonomy":"product_cat","embeddable":true,"href":"https:\/\/pizbube.ch\/en\/wp-json\/wp\/v2\/product_cat?post=151306"},{"taxonomy":"product_tag","embeddable":true,"href":"https:\/\/pizbube.ch\/en\/wp-json\/wp\/v2\/product_tag?post=151306"}],"curies":[{"name":"wp","href":"https:\/\/api.w.org\/{rel}","templated":true}]}}