{"id":151308,"date":"2021-01-15T12:00:02","date_gmt":"2021-01-15T12:00:02","guid":{"rendered":"https:\/\/codengine3.ch\/?product=import-placeholder-for-207038"},"modified":"2026-02-12T17:41:18","modified_gmt":"2026-02-12T16:41:18","slug":"escalade-sainte-victoire-et-pays-daix","status":"publish","type":"product","link":"https:\/\/pizbube.ch\/en\/shop\/escalade-sainte-victoire-et-pays-daix\/","title":{"rendered":"Escalade Sainte Victoire et Pays d&#8217;Aix"},"content":{"rendered":"<p>Troisi\u00e8me \u00e9dition 2015 du topo du magnifique site de la Montagne Sainte<br \/>\nVictoire.<\/p>\n<p>Comprend aussi les sites de Bib\u00e9mus, Meyrargues, La Consolation et Pont de<br \/>\nMirabeau.<\/p>\n<p>Bienvenue en Provence, sur les falaises calcaires de la mythique montagne Sainte-Victoire ! Vous y trouverez \u00e0 la fois de belles dalles grises avec fissures, r\u00e9glettes et pas techniques dans le secteur des Deux Aiguilles et du d\u00e9vers dans les secteurs &#171;Les Dessous de la Vierge&#187;, o\u00f9 l\u2019on trouve une trentaine de voies du 6a au 8c en dalles, en d\u00e9vers, en fissures et m\u00eame en renfougne sur du rocher tr\u00e8s vari\u00e9.<\/p>\n<p>Photo-Topo-Guidebook with access infos in english language.<\/p>","protected":false},"excerpt":{"rendered":"<p>Troisi\u00e8me \u00e9dition 2015 du topo du magnifique site de la Montagne Sainte Victoire. Comprend aussi les sites de Bib\u00e9mus, Meyrargues, La Consolation et Pont de Mirabeau. Bienvenue en Provence, sur les falaises calcaires de la mythique montagne Sainte-Victoire ! Vous y trouverez \u00e0 la fois de belles dalles grises avec fissures, r\u00e9glettes et pas techniques [&#8230;]\n","protected":false},"featured_media":164203,"template":"","meta":[],"product_brand":[],"product_cat":[21539],"product_tag":[27175],"class_list":{"0":"post-151308","1":"product","2":"type-product","3":"status-publish","4":"has-post-thumbnail","6":"product_cat-fuehrerliteratur-sportklettern-bouldern","7":"product_tag-sainte-victoire","8":"pa_autor-legier","9":"pa_erscheinungsjahr-21597","10":"pa_region-frankreich","11":"pa_sprache-fr","13":"first","14":"instock","15":"taxable","16":"shipping-taxable","17":"purchasable","18":"product-type-simple"},"_links":{"self":[{"href":"https:\/\/pizbube.ch\/en\/wp-json\/wp\/v2\/product\/151308","targetHints":{"allow":["GET"]}}],"collection":[{"href":"https:\/\/pizbube.ch\/en\/wp-json\/wp\/v2\/product"}],"about":[{"href":"https:\/\/pizbube.ch\/en\/wp-json\/wp\/v2\/types\/product"}],"wp:featuredmedia":[{"embeddable":true,"href":"https:\/\/pizbube.ch\/en\/wp-json\/wp\/v2\/media\/164203"}],"wp:attachment":[{"href":"https:\/\/pizbube.ch\/en\/wp-json\/wp\/v2\/media?parent=151308"}],"wp:term":[{"taxonomy":"product_brand","embeddable":true,"href":"https:\/\/pizbube.ch\/en\/wp-json\/wp\/v2\/product_brand?post=151308"},{"taxonomy":"product_cat","embeddable":true,"href":"https:\/\/pizbube.ch\/en\/wp-json\/wp\/v2\/product_cat?post=151308"},{"taxonomy":"product_tag","embeddable":true,"href":"https:\/\/pizbube.ch\/en\/wp-json\/wp\/v2\/product_tag?post=151308"}],"curies":[{"name":"wp","href":"https:\/\/api.w.org\/{rel}","templated":true}]}}