{"id":151311,"date":"2021-01-15T12:00:03","date_gmt":"2021-01-15T12:00:03","guid":{"rendered":"https:\/\/codengine3.ch\/?product=import-placeholder-for-202959"},"modified":"2025-04-02T10:33:27","modified_gmt":"2025-04-02T08:33:27","slug":"kirgistan-2","status":"publish","type":"product","link":"https:\/\/pizbube.ch\/en\/shop\/kirgistan-2\/","title":{"rendered":"Kirgistan"},"content":{"rendered":"<p>Zu den Gipfeln von Tien-Schan und Pamir.<\/p>\n<p>Im Westen immer noch wenig bekannt, bietet das mittelasiatische Land am Fu\u00dfe des m\u00e4chtigen Tien-Schan-Gebirges seinen Besuchern vor allem eine unverf\u00e4lschte, einzigartige Landschaft fernab von jedem Massentourismus: die weiten Steppen des Fergana-Beckens, Gletscher mit angrenzenden Flu\u00dfl\u00e4ufen und einen der gr\u00f6\u00dften Gebirgsseen der Welt, den Issyk-Kul, und die lebendige Hauptstadt Bischkek.<\/p>\n<p>Wegen der bislang bescheidenen touristischen Infrastruktur gestaltet sich eine Reise durch die atemberaubenden Hochl\u00e4nder oft als Abenteuer. In diesem Reisef\u00fchrer werden Routen, Ausfl\u00fcge und Sehensw\u00fcrdigkeiten beschrieben sowie \u00dcbernachtungs- und Verpflegungsm\u00f6glichkeiten vorgestellt.<\/p>\n<p><span class=\"value\">Mit Tien Shan, Pamir, Issyk Kul, Song Kul, Khan Tengri, Pamir-Alai und Fergana-Becken- Mit Bischkek, Karakol, Naryn, Talas, Dshalal Abad, Arslanbob, Osch, Uzgen und Tasch Rabat- Umfangreiche Kapitel zu Geographie, Geschichte, Bev\u00f6lkerung, Kunst und Kultur- Ausf\u00fchrliche und aktuelle praktische Reisetipps zur Reisevorbereitung- Mehr als 20 Stadtpl\u00e4ne und topographische \u00dcbersichtskarten sowie 250 FotosEine Reise durch Kirgistan ist ein gro\u00dfartiges Abenteuer. Dieser aktuelle und umfassende Reisef\u00fchrer entf\u00fchrt in lebendige St\u00e4dte atemberaubende Gebirgslandschaften, in die Walnussw\u00e4lder des S\u00fcdens, die Steppen des Fergana-Beckens und zu einem der gr\u00f6\u00dften Gebirgsseen der Welt, dem Issyk Kul. Neben vielen Hinweisen zur Reisevorbereitung und -durchf\u00fchrung bietet dieses Buch umfassende Hintergrundinformationen \u00fcber Geschichte, Natur und Kultur der Region. Die Autoren sind seit vielen Jahren als Reiseveranstalter und Reiseleiter in Kirgistan und den Nachbarl\u00e4ndern unterwegs.<\/span><\/p>\n<p>8., aktualisierte Auflage 2025,<br \/>\n400 Seiten, 250 Fotos, 20 Stadtpl\u00e4ne und \u00dcbersichtskarten<\/p>","protected":false},"excerpt":{"rendered":"<p>Zu den Gipfeln von Tien-Schan und Pamir. Im Westen immer noch wenig bekannt, bietet das mittelasiatische Land am Fu\u00dfe des m\u00e4chtigen Tien-Schan-Gebirges seinen Besuchern vor allem eine unverf\u00e4lschte, einzigartige Landschaft fernab von jedem Massentourismus: die weiten Steppen des Fergana-Beckens, Gletscher mit angrenzenden Flu\u00dfl\u00e4ufen und einen der gr\u00f6\u00dften Gebirgsseen der Welt, den Issyk-Kul, und die lebendige [&#8230;]\n","protected":false},"featured_media":174297,"template":"","meta":[],"product_brand":[],"product_cat":[21605],"product_tag":[],"class_list":{"0":"post-151311","1":"product","2":"type-product","3":"status-publish","4":"has-post-thumbnail","6":"product_cat-wanderfuehrer-trekking","7":"pa_autor-flechtner-schreiber","8":"pa_erscheinungsjahr-27415","9":"pa_region-asien","10":"pa_sprache-de","12":"first","13":"instock","14":"taxable","15":"shipping-taxable","16":"purchasable","17":"product-type-simple"},"_links":{"self":[{"href":"https:\/\/pizbube.ch\/en\/wp-json\/wp\/v2\/product\/151311","targetHints":{"allow":["GET"]}}],"collection":[{"href":"https:\/\/pizbube.ch\/en\/wp-json\/wp\/v2\/product"}],"about":[{"href":"https:\/\/pizbube.ch\/en\/wp-json\/wp\/v2\/types\/product"}],"wp:featuredmedia":[{"embeddable":true,"href":"https:\/\/pizbube.ch\/en\/wp-json\/wp\/v2\/media\/174297"}],"wp:attachment":[{"href":"https:\/\/pizbube.ch\/en\/wp-json\/wp\/v2\/media?parent=151311"}],"wp:term":[{"taxonomy":"product_brand","embeddable":true,"href":"https:\/\/pizbube.ch\/en\/wp-json\/wp\/v2\/product_brand?post=151311"},{"taxonomy":"product_cat","embeddable":true,"href":"https:\/\/pizbube.ch\/en\/wp-json\/wp\/v2\/product_cat?post=151311"},{"taxonomy":"product_tag","embeddable":true,"href":"https:\/\/pizbube.ch\/en\/wp-json\/wp\/v2\/product_tag?post=151311"}],"curies":[{"name":"wp","href":"https:\/\/api.w.org\/{rel}","templated":true}]}}