{"id":151313,"date":"2021-01-15T12:00:03","date_gmt":"2021-01-15T12:00:03","guid":{"rendered":"https:\/\/codengine3.ch\/?product=import-placeholder-for-203486"},"modified":"2024-03-19T15:36:13","modified_gmt":"2024-03-19T14:36:13","slug":"zentral-asien-central-asia-1-1700000","status":"publish","type":"product","link":"https:\/\/pizbube.ch\/en\/shop\/zentral-asien-central-asia-1-1700000\/","title":{"rendered":"Zentral Asien Central Asia 1: 1`700`000"},"content":{"rendered":"<p>Uzbekistan &#8211; Turkmenistan &#8211; Kyrgyzstan &#8211; Tajikistan<\/p>\n<p>Hochrei\u00dffeste und 100% wasserfeste Landkarte &#171;Zentralasien&#187; aus der Serie<br \/>\nworld mapping project, erschienen im Reise Know-How Verlag. Diese Karte<br \/>\nbeinhaltet die L\u00e4nder Usbekistan, Turkmenistan, Kirgisistan und<br \/>\nTadschikistan.Reise Know-How Landkarten zeichnen sich durch besonders stabiles<br \/>\nKunststoffpapier aus, das beschreibbar ist wie Papier, sogar mit Bleistift.<br \/>\nDer Pappumschlag ist abnehmbar, so dass sich die Karte bequem in jede Tasche<br \/>\nstecken l\u00e4sst. Eine Schutzh\u00fclle ist nicht erforderlich.<\/p>\n<p>Die kartografische Darstellung konzentriert sich auf die wichtigsten<br \/>\nInformationen f\u00fcr Reisende und ist besonders gut lesbar. Statt einer<br \/>\nSchummerung werden farbige H\u00f6henschichten verwendet.Ausstattung: &#8211; H\u00f6henlinien<br \/>\nmit H\u00f6henangaben; &#8211; Farbige H\u00f6henschichten; &#8211; Klassifiziertes Stra\u00dfennetz mit<br \/>\nEntfernungsangaben; &#8211; Sehensw\u00fcrdigkeiten; &#8211; Ausf\u00fchrlicher Ortsindex; &#8211; GPS-<br \/>\ngenau; &#8211; L\u00e4ngen- und Breitengrade; &#8211; F\u00fcnfsprachige Legende (deutsch, englisch,<br \/>\nfranz\u00f6sisch, spanisch, russisch); &#8211; \u00dcbersichtskarte auf dem Umschlag.<br \/>\nHandliches Format: 70&#215;100 cm, 2-seitig bedruckt.<\/p>","protected":false},"excerpt":{"rendered":"<p>Uzbekistan &#8211; Turkmenistan &#8211; Kyrgyzstan &#8211; Tajikistan Hochrei\u00dffeste und 100% wasserfeste Landkarte &#171;Zentralasien&#187; aus der Serie world mapping project, erschienen im Reise Know-How Verlag. Diese Karte beinhaltet die L\u00e4nder Usbekistan, Turkmenistan, Kirgisistan und Tadschikistan.Reise Know-How Landkarten zeichnen sich durch besonders stabiles Kunststoffpapier aus, das beschreibbar ist wie Papier, sogar mit Bleistift. Der Pappumschlag ist abnehmbar, [&#8230;]\n","protected":false},"featured_media":172104,"template":"","meta":[],"product_brand":[],"product_cat":[21543],"product_tag":[],"class_list":{"0":"post-151313","1":"product","2":"type-product","3":"status-publish","4":"has-post-thumbnail","6":"product_cat-landkarten","7":"pa_autor-reise-know-how","8":"pa_erscheinungsjahr-21546","9":"pa_region-asien","10":"pa_sprache-de-en","12":"first","13":"instock","14":"taxable","15":"shipping-taxable","16":"purchasable","17":"product-type-simple"},"_links":{"self":[{"href":"https:\/\/pizbube.ch\/en\/wp-json\/wp\/v2\/product\/151313","targetHints":{"allow":["GET"]}}],"collection":[{"href":"https:\/\/pizbube.ch\/en\/wp-json\/wp\/v2\/product"}],"about":[{"href":"https:\/\/pizbube.ch\/en\/wp-json\/wp\/v2\/types\/product"}],"wp:featuredmedia":[{"embeddable":true,"href":"https:\/\/pizbube.ch\/en\/wp-json\/wp\/v2\/media\/172104"}],"wp:attachment":[{"href":"https:\/\/pizbube.ch\/en\/wp-json\/wp\/v2\/media?parent=151313"}],"wp:term":[{"taxonomy":"product_brand","embeddable":true,"href":"https:\/\/pizbube.ch\/en\/wp-json\/wp\/v2\/product_brand?post=151313"},{"taxonomy":"product_cat","embeddable":true,"href":"https:\/\/pizbube.ch\/en\/wp-json\/wp\/v2\/product_cat?post=151313"},{"taxonomy":"product_tag","embeddable":true,"href":"https:\/\/pizbube.ch\/en\/wp-json\/wp\/v2\/product_tag?post=151313"}],"curies":[{"name":"wp","href":"https:\/\/api.w.org\/{rel}","templated":true}]}}