{"id":151314,"date":"2021-01-15T12:00:03","date_gmt":"2021-01-15T12:00:03","guid":{"rendered":"https:\/\/codengine3.ch\/?product=import-placeholder-for-204006"},"modified":"2023-08-05T09:02:16","modified_gmt":"2023-08-05T07:02:16","slug":"kamtschatka","status":"publish","type":"product","link":"https:\/\/pizbube.ch\/en\/shop\/kamtschatka\/","title":{"rendered":"Kamtschatka"},"content":{"rendered":"<p>Zu den B\u00e4ren und Vulkanen im Nordosten Sibiriens<\/p>\n<p>Alle Reiseziele und Aktivit\u00e4ten auf Kamtschatka auf 336 Seiten &#8211; 20<br \/>\n\u00dcbersichtskarten und Pl\u00e4ne &#8211; Fundierte Hintergrundinformationen &#8211; Zahlreiche<br \/>\npraktische Hinweise und aktuelle Reisetipps von A bis Z &#8211; \u00dcber 200 Farbfotos &#8211;<br \/>\nEine halbe Erdumdrehung und elf Zeitzonen von Mitteleuropa entfernt, erstreckt<br \/>\nsich im Nordosten Sibiriens eines der interessantesten Wildnisgebiete der<br \/>\nErde: die Halbinsel Kamtschatka.<\/p>\n<p>Die 1000 Kilometer lange und bis zu 500 Kilometer breite Landzunge beherbergt<br \/>\neine einzigartige F\u00fclle an Tieren, Pflanzen und \u00d6kosystemen. Nachdem die<br \/>\nphantastische Vulkanlandschaft lange milit\u00e4risches Sperrgebiet war, ist sie<br \/>\nnun seit einigen Jahren f\u00fcr Reisende zug\u00e4nglich, und auch die touristische<br \/>\nInfrastruktur f\u00fcr Wanderer und Trekkingtouristen entwickelt sich stetig.<\/p>\n<p>Im Berliner Trescher Verlag ist der einzige deutschsprachige Reisef\u00fchrer zu<br \/>\nKamtschatka in einer v\u00f6llig \u00fcberarbeiteten zweiten Auflage erschienen. Er<br \/>\nstellt die Region detailliert und kenntnisreich vor und hilft Touristen und<br \/>\nWissenschaftlern, die das Abenteuer wagen wollen, bei der Reisevorbereitung.<br \/>\nEin Schwerpunkt des Buches liegt dabei auf umweltvertr\u00e4glichem<br \/>\nTrekkingtourismus. Es bietet au\u00dferdem ausf\u00fchrliche Informationen zu Land und<br \/>\nLeuten, Flora und Fauna sowie zum Umwelt- und Artenschutz.<\/p>\n<p>Vor allem Individualtouristen finden zahlreiche Hinweise auf b\u00fcrokratische<br \/>\nVoraussetzungen, die n\u00f6tige Ausr\u00fcstung und m\u00f6gliche Routen durch die Wildnis<br \/>\nKamtschatkas. Zus\u00e4tzlich bieten eine Reihe von Reiseberichten anregende<br \/>\nLekt\u00fcre und zus\u00e4tzliche wertvolle Informationen f\u00fcr Wanderer, Angler und<br \/>\nWissenschaftler. F\u00fcr Letztere enth\u00e4lt das Buch au\u00dferdem aktuelle Artenlisten<br \/>\nzu S\u00e4ugetieren und V\u00f6geln.<br \/>\n3. erweiterte und aktualisierte Auflage 2017.<\/p>","protected":false},"excerpt":{"rendered":"<p><strong>NEUAUFLAGE LAUT VERLAG 2024<\/strong><\/p>","protected":false},"featured_media":26972,"template":"","meta":[],"product_brand":[],"product_cat":[21605],"product_tag":[],"class_list":{"0":"post-151314","1":"product","2":"type-product","3":"status-publish","4":"has-post-thumbnail","6":"product_cat-wanderfuehrer-trekking","7":"pa_autor-von-hessberg","8":"pa_erscheinungsjahr-21574","9":"pa_region-asien","10":"pa_sprache-de","12":"first","13":"outofstock","14":"taxable","15":"shipping-taxable","16":"purchasable","17":"product-type-simple"},"_links":{"self":[{"href":"https:\/\/pizbube.ch\/en\/wp-json\/wp\/v2\/product\/151314","targetHints":{"allow":["GET"]}}],"collection":[{"href":"https:\/\/pizbube.ch\/en\/wp-json\/wp\/v2\/product"}],"about":[{"href":"https:\/\/pizbube.ch\/en\/wp-json\/wp\/v2\/types\/product"}],"wp:featuredmedia":[{"embeddable":true,"href":"https:\/\/pizbube.ch\/en\/wp-json\/wp\/v2\/media\/26972"}],"wp:attachment":[{"href":"https:\/\/pizbube.ch\/en\/wp-json\/wp\/v2\/media?parent=151314"}],"wp:term":[{"taxonomy":"product_brand","embeddable":true,"href":"https:\/\/pizbube.ch\/en\/wp-json\/wp\/v2\/product_brand?post=151314"},{"taxonomy":"product_cat","embeddable":true,"href":"https:\/\/pizbube.ch\/en\/wp-json\/wp\/v2\/product_cat?post=151314"},{"taxonomy":"product_tag","embeddable":true,"href":"https:\/\/pizbube.ch\/en\/wp-json\/wp\/v2\/product_tag?post=151314"}],"curies":[{"name":"wp","href":"https:\/\/api.w.org\/{rel}","templated":true}]}}