{"id":151320,"date":"2021-01-15T12:00:04","date_gmt":"2021-01-15T12:00:04","guid":{"rendered":"https:\/\/codengine3.ch\/?product=import-placeholder-for-203844"},"modified":"2021-01-15T14:27:11","modified_gmt":"2021-01-15T14:27:11","slug":"haute-route-bildband-dokumentation","status":"publish","type":"product","link":"https:\/\/pizbube.ch\/en\/shop\/haute-route-bildband-dokumentation\/","title":{"rendered":"Haute Route (Bildband \/ Dokumentation)"},"content":{"rendered":"<p>Ob im Winter oder im Sommer: Die Haute Route ist die Traumtour unz\u00e4hliger<br \/>\nBergsteiger. Innerhalb einer Woche f\u00fchrt sie durch die Mont-Blanc-Gruppe und<br \/>\ndie Walliser Alpen. Sie ist ein unvergessliches Erlebnis, eine anspruchsvolle<br \/>\nHochtour, die alpine Erfahrung, gute Kondition, im Winter skifahrerisches<br \/>\nK\u00f6nnen und nat\u00fcrlich Wettergl\u00fcck erfordert und eine phantastische<br \/>\nGebirgskulisse er\u00f6ffnet, bei der eine grandiose Szenerie die andere abl\u00f6st:<br \/>\nder Argenti\u00e8rekessel, der Grand Combin, die Nordw\u00e4nde von Dent d&#8217;H\u00e9rens und<br \/>\nMatterhorn, der Monte-Rosa-Kamm.  <\/p>\n<p>Der Walliser Fotograf und Journalist Fran\u00e7ois Perraudin n\u00e4hert sich seinem<br \/>\nThema mit beein- druckenden Bildern. Der geschichtliche Abriss mit<br \/>\nhistorischen Aufnahmen macht deutlich, dass die Anf\u00e4nge der Haute Route<br \/>\nbereits Mitte des 19. Jahrhunderts zu finden sind und sie seit der Wende zum<br \/>\n20. Jahrhundert mit Ski befahren wurde. Die beiden ausf\u00fchrlichen Teile zur<br \/>\nHaute Route im Sommer und im Winter stellen die jeweiligen Etappen und ihre<br \/>\nVarianten detailliert vor.<\/p>","protected":false},"excerpt":{"rendered":"<p>Ob im Winter oder im Sommer: Die Haute Route ist die Traumtour unz\u00e4hliger Bergsteiger. Innerhalb einer Woche f\u00fchrt sie durch die Mont-Blanc-Gruppe und die Walliser Alpen. Sie ist ein unvergessliches Erlebnis, eine anspruchsvolle Hochtour, die alpine Erfahrung, gute Kondition, im Winter skifahrerisches K\u00f6nnen und nat\u00fcrlich Wettergl\u00fcck erfordert und eine phantastische Gebirgskulisse er\u00f6ffnet, bei der eine [&#8230;]\n","protected":false},"featured_media":31538,"template":"","meta":[],"product_brand":[],"product_cat":[21542],"product_tag":[],"class_list":{"0":"post-151320","1":"product","2":"type-product","3":"status-publish","4":"has-post-thumbnail","6":"product_cat-sachbuecher-dokumentationen","7":"pa_autor-perraudin","8":"pa_erscheinungsjahr-21776","9":"pa_region-schweiz","10":"pa_sprache-de","12":"first","13":"outofstock","14":"taxable","15":"shipping-taxable","16":"purchasable","17":"product-type-simple"},"_links":{"self":[{"href":"https:\/\/pizbube.ch\/en\/wp-json\/wp\/v2\/product\/151320","targetHints":{"allow":["GET"]}}],"collection":[{"href":"https:\/\/pizbube.ch\/en\/wp-json\/wp\/v2\/product"}],"about":[{"href":"https:\/\/pizbube.ch\/en\/wp-json\/wp\/v2\/types\/product"}],"wp:featuredmedia":[{"embeddable":true,"href":"https:\/\/pizbube.ch\/en\/wp-json\/wp\/v2\/media\/31538"}],"wp:attachment":[{"href":"https:\/\/pizbube.ch\/en\/wp-json\/wp\/v2\/media?parent=151320"}],"wp:term":[{"taxonomy":"product_brand","embeddable":true,"href":"https:\/\/pizbube.ch\/en\/wp-json\/wp\/v2\/product_brand?post=151320"},{"taxonomy":"product_cat","embeddable":true,"href":"https:\/\/pizbube.ch\/en\/wp-json\/wp\/v2\/product_cat?post=151320"},{"taxonomy":"product_tag","embeddable":true,"href":"https:\/\/pizbube.ch\/en\/wp-json\/wp\/v2\/product_tag?post=151320"}],"curies":[{"name":"wp","href":"https:\/\/api.w.org\/{rel}","templated":true}]}}