{"id":151321,"date":"2021-01-15T12:00:04","date_gmt":"2021-01-15T12:00:04","guid":{"rendered":"https:\/\/codengine3.ch\/?product=import-placeholder-for-205589"},"modified":"2022-12-29T17:42:10","modified_gmt":"2022-12-29T16:42:10","slug":"haute-route","status":"publish","type":"product","link":"https:\/\/pizbube.ch\/en\/shop\/haute-route\/","title":{"rendered":"Haute Route &#8211; Von Chamonix nach Zermatt\/Saas-Fee"},"content":{"rendered":"<p>Die Haute Route zwischen Chamonix und Zermatt bzw. Saas Fee ist `die`<br \/>\nklassische Gebietsdurchquerung auf allerh\u00f6chstem Niveau. Der vorliegende<br \/>\nSkif\u00fchrer beschreibt diese beliebte Mehrtagesunternehmung f\u00fcr selbst\u00e4ndige<br \/>\nTourengeher mit allen wichtigen Varianten und ist damit ein unerl\u00e4sslicher<br \/>\nBegleiter f\u00fcr unterwegs, genauso wie nat\u00fcrlich auch schon im Planungsstadium<br \/>\nzu Hause. Neben den sehr detaillierten Routen-Beschreibungen, die durch<br \/>\ninformative Fotos und Routeneintragungen in Kartenausschnitte erg\u00e4nzt werden,<br \/>\nfinden sich hier alle wichtigen Informationen, die man sich f\u00fcr die<br \/>\nVorbereitung und Durchf\u00fchrung w\u00fcnscht.<\/p>\n<p>Aber auch f\u00fcr diejenigen, die sich lieber einer gef\u00fchrten Gruppe anschlie\u00dfen,<br \/>\nwird dies Buch eine ideale Einstimmung auf diese einmalige Unternehmung sein &#8211;<br \/>\njeder Bergsteiger wird Lust bekommen, am liebsten sofort loszuziehen in diese<br \/>\ngro\u00dfartige Bergwelt. Damit greifen der Autor Michael Waeber und der Rother<br \/>\nVerlag die Spuren des seit Jahrzehnten vergriffenen Skif\u00fchrers von K\u00f6niger \/<br \/>\nHartranft auf und pr\u00e4sentieren hier wieder einen ausf\u00fchrlichen, aber dennoch<br \/>\nhandlichen F\u00fchrer, der zur Zeit auch der einzige in deutscher Sprache ist.<\/p>\n<p>176 Seiten mit 87 Farbabbildungen<br \/>\nTourenk\u00e4rtchen im Ma\u00dfstab 1:75.000, zwei \u00dcbersichtskarten,<br \/>\n3. aktualis. Auflage 2022<\/p>","protected":false},"excerpt":{"rendered":"<ul>\n<li><a href=\"https:\/\/pizbube.ch\/wp-content\/uploads\/attachments\/a_028\/C75034B2CBE74795CB047856C7DC8152.pdf\" target=\"_blank\" rel=\"noopener\">PDF: Haute Route Skitouren Inhaltsverzeichnis<\/a><\/li>\n<\/ul>","protected":false},"featured_media":165420,"template":"","meta":[],"product_brand":[],"product_cat":[21540],"product_tag":[],"class_list":{"0":"post-151321","1":"product","2":"type-product","3":"status-publish","4":"has-post-thumbnail","6":"product_cat-fuehrerliteratur-alpin-winter","7":"pa_autor-waeber","8":"pa_erscheinungsjahr-27013","9":"pa_region-schweiz","10":"pa_sprache-de","12":"first","13":"instock","14":"taxable","15":"shipping-taxable","16":"purchasable","17":"product-type-simple"},"_links":{"self":[{"href":"https:\/\/pizbube.ch\/en\/wp-json\/wp\/v2\/product\/151321","targetHints":{"allow":["GET"]}}],"collection":[{"href":"https:\/\/pizbube.ch\/en\/wp-json\/wp\/v2\/product"}],"about":[{"href":"https:\/\/pizbube.ch\/en\/wp-json\/wp\/v2\/types\/product"}],"wp:featuredmedia":[{"embeddable":true,"href":"https:\/\/pizbube.ch\/en\/wp-json\/wp\/v2\/media\/165420"}],"wp:attachment":[{"href":"https:\/\/pizbube.ch\/en\/wp-json\/wp\/v2\/media?parent=151321"}],"wp:term":[{"taxonomy":"product_brand","embeddable":true,"href":"https:\/\/pizbube.ch\/en\/wp-json\/wp\/v2\/product_brand?post=151321"},{"taxonomy":"product_cat","embeddable":true,"href":"https:\/\/pizbube.ch\/en\/wp-json\/wp\/v2\/product_cat?post=151321"},{"taxonomy":"product_tag","embeddable":true,"href":"https:\/\/pizbube.ch\/en\/wp-json\/wp\/v2\/product_tag?post=151321"}],"curies":[{"name":"wp","href":"https:\/\/api.w.org\/{rel}","templated":true}]}}