{"id":151323,"date":"2021-01-15T12:00:04","date_gmt":"2021-01-15T12:00:04","guid":{"rendered":"https:\/\/codengine3.ch\/?product=import-placeholder-for-204415"},"modified":"2021-01-15T14:32:59","modified_gmt":"2021-01-15T14:32:59","slug":"pour-quelques-degres-de-plus-dvd","status":"publish","type":"product","link":"https:\/\/pizbube.ch\/en\/shop\/pour-quelques-degres-de-plus-dvd\/","title":{"rendered":"Pour quelques degr\u00e9s de plus&#8230; DVD"},"content":{"rendered":"<p>Trois mois dans les Alpes pour d\u00e9couvrir la beaut\u00e9 de la nature mais aussi<br \/>\napprendre \u00e0 la pr\u00e9server.<br \/>\nApr\u00e8s avoir travers\u00e9 l&#8217;Antarctique et gravi certains des plus hauts sommets de<br \/>\nl&#8217;Himalaya, j&#8217;ai r\u00eav\u00e9 de la travers\u00e9e des Alpes, comme une sorte de grand<br \/>\nvoyage, avec l&#8217;ambition de pouvoir communiquer sur cette nature que j&#8217;aime<br \/>\ntant, au contact de cultures diff\u00e9rentes, en alliant performance et rencontres<br \/>\nhumaines.<br \/>\nPendant plus de trois mois en randonn\u00e9e \u00e0 ski, de Vienne en Autriche, \u00e0 Menton<br \/>\nen France, j&#8217;ai rencontr\u00e9 scientifiques, directeurs de stations, guides,<br \/>\nhabitants&#8230; et men\u00e9 une enqu\u00eate sur les glaciers alpins. Sont-ils en<br \/>\nregression?<br \/>\nVont-ils dispara\u00eetre?<br \/>\nL&#8217;homme a-t-il une influence quelconque sur leur \u00e9tat?<br \/>\nLe r\u00e9chauffement climatique expliquerait-il tout?&#8230;<br \/>\nAutant de questions auxquelles mes interlocuteurs ont tent\u00e9 de r\u00e9pondre en<br \/>\napportant une r\u00e9flexion sur notre environnement et les probl\u00e8mes de<br \/>\nd\u00e9veloppement durable.<br \/>\nNous puisons nos forces et notre vie de la nature,aussi, apprenons \u00e0 la<br \/>\npr\u00e9server et pour cela commen\u00e7ons par la comprendre. C&#8217;est l\u00e0 que d\u00e9bute notre<br \/>\nvoyage&#8230;<br \/>\nAvec Laurence de la Ferri\u00e8re.  <\/p>\n<p>Film: 26 minutes; Bonus: 30 minutes<\/p>","protected":false},"excerpt":{"rendered":"<p>Trois mois dans les Alpes pour d\u00e9couvrir la beaut\u00e9 de la nature mais aussi apprendre \u00e0 la pr\u00e9server. Apr\u00e8s avoir travers\u00e9 l&#8217;Antarctique et gravi certains des plus hauts sommets de l&#8217;Himalaya, j&#8217;ai r\u00eav\u00e9 de la travers\u00e9e des Alpes, comme une sorte de grand voyage, avec l&#8217;ambition de pouvoir communiquer sur cette nature que j&#8217;aime tant, [&#8230;]\n","protected":false},"featured_media":32280,"template":"","meta":[],"product_brand":[],"product_cat":[21628],"product_tag":[],"class_list":{"0":"post-151323","1":"product","2":"type-product","3":"status-publish","4":"has-post-thumbnail","6":"product_cat-video-dvd-multimedia","7":"pa_autor-lassabliere-lebas","8":"pa_erscheinungsjahr-21763","9":"pa_region-frankreich","10":"pa_sprache-e","11":"pa_sprache-f","13":"first","14":"instock","15":"taxable","16":"shipping-taxable","17":"purchasable","18":"product-type-simple"},"_links":{"self":[{"href":"https:\/\/pizbube.ch\/en\/wp-json\/wp\/v2\/product\/151323","targetHints":{"allow":["GET"]}}],"collection":[{"href":"https:\/\/pizbube.ch\/en\/wp-json\/wp\/v2\/product"}],"about":[{"href":"https:\/\/pizbube.ch\/en\/wp-json\/wp\/v2\/types\/product"}],"wp:featuredmedia":[{"embeddable":true,"href":"https:\/\/pizbube.ch\/en\/wp-json\/wp\/v2\/media\/32280"}],"wp:attachment":[{"href":"https:\/\/pizbube.ch\/en\/wp-json\/wp\/v2\/media?parent=151323"}],"wp:term":[{"taxonomy":"product_brand","embeddable":true,"href":"https:\/\/pizbube.ch\/en\/wp-json\/wp\/v2\/product_brand?post=151323"},{"taxonomy":"product_cat","embeddable":true,"href":"https:\/\/pizbube.ch\/en\/wp-json\/wp\/v2\/product_cat?post=151323"},{"taxonomy":"product_tag","embeddable":true,"href":"https:\/\/pizbube.ch\/en\/wp-json\/wp\/v2\/product_tag?post=151323"}],"curies":[{"name":"wp","href":"https:\/\/api.w.org\/{rel}","templated":true}]}}